{"id":69,"date":"2023-06-09T18:15:43","date_gmt":"2023-06-09T16:15:43","guid":{"rendered":"https:\/\/www.domaine-locguenole.com\/tourisme\/"},"modified":"2026-04-16T10:31:44","modified_gmt":"2026-04-16T08:31:44","slug":"turismo-en-bretana","status":"publish","type":"page","link":"https:\/\/www.domaine-locguenole.com\/es\/tourisme-sejour-en-bretagne\/","title":{"rendered":"Turismo"},"content":{"rendered":"<div data-elementor-type=\"wp-page\" data-elementor-id=\"69\" class=\"elementor elementor-69\" data-elementor-post-type=\"page\">\n\t\t\t\t<section class=\"elementor-element elementor-element-104838d e-con-full first-screen e-flex e-con e-parent\" data-id=\"104838d\" data-element_type=\"container\" data-e-type=\"container\" id=\"ecran1-hebergements\" data-settings=\"{&quot;background_background&quot;:&quot;classic&quot;}\">\n\t\t<div class=\"elementor-element elementor-element-0de5955 e-con-full container-img-ecran e-flex e-con e-child\" data-id=\"0de5955\" data-element_type=\"container\" data-e-type=\"container\" data-settings=\"{&quot;background_background&quot;:&quot;classic&quot;}\">\n\t\t\t\t<\/div>\n\t\t\t\t<\/section>\n\t\t<section class=\"elementor-element elementor-element-4d0ede4 e-con-full e-flex e-con e-parent\" data-id=\"4d0ede4\" data-element_type=\"container\" data-e-type=\"container\" data-settings=\"{&quot;background_background&quot;:&quot;classic&quot;}\">\n\t\t\t\t<div class=\"elementor-element elementor-element-25c4556 elementor-widget elementor-widget-heading\" data-id=\"25c4556\" data-element_type=\"widget\" data-e-type=\"widget\" data-widget_type=\"heading.default\">\n\t\t\t\t<div class=\"elementor-widget-container\">\n\t\t\t\t\t<div class=\"elementor-heading-title elementor-size-default\">Turismo<\/div>\t\t\t\t<\/div>\n\t\t\t\t<\/div>\n\t\t\t\t<div class=\"elementor-element elementor-element-2163d89 elementor-widget__width-initial elementor-widget elementor-widget-heading\" data-id=\"2163d89\" data-element_type=\"widget\" data-e-type=\"widget\" data-widget_type=\"heading.default\">\n\t\t\t\t<div class=\"elementor-widget-container\">\n\t\t\t\t\t<h1 class=\"elementor-heading-title elementor-size-default\">Una estancia inolvidable en Breta\u00f1a<\/h1>\t\t\t\t<\/div>\n\t\t\t\t<\/div>\n\t\t\t\t<div class=\"elementor-element elementor-element-20f95c4 elementor-widget__width-initial elementor-widget elementor-widget-text-editor\" data-id=\"20f95c4\" data-element_type=\"widget\" data-e-type=\"widget\" data-widget_type=\"text-editor.default\">\n\t\t\t\t<div class=\"elementor-widget-container\">\n\t\t\t\t\t\t\t\t\t<p>Pr\u00f3ximamente <a href=\"https:\/\/www.domaine-locguenole.com\/es\/\">Domaine de Locgu\u00e9nol\u00e9<\/a> ya es un viaje en s\u00ed mismo, pero visitar los tesoros ocultos de los alrededores bien merece una visita. El Morbihan, Lorient, la isla de Groix, la pen\u00ednsula de Quiberon y las orillas del Blavet son secretos que merecen toda su atenci\u00f3n durante su estancia en Breta\u00f1a. Nuestra hermosa regi\u00f3n le invita a una escapada m\u00e1gica en la que cada punto de vista es m\u00e1s sorprendente y desorientador que el anterior.<\/p>\t\t\t\t\t\t\t\t<\/div>\n\t\t\t\t<\/div>\n\t\t\t\t<\/section>\n\t\t<section class=\"elementor-element elementor-element-604de4e e-con-full section-scroll-effect section-tourisme-niv1 e-flex e-con e-parent\" data-id=\"604de4e\" data-element_type=\"container\" data-e-type=\"container\" data-settings=\"{&quot;background_background&quot;:&quot;classic&quot;}\">\n\t\t\t\t<div class=\"elementor-element elementor-element-daa1d49 fond-image-chateau-hebergements elementor-hidden-desktop elementor-hidden-tablet elementor-hidden-laptop elementor-widget elementor-widget-image\" data-id=\"daa1d49\" data-element_type=\"widget\" data-e-type=\"widget\" data-widget_type=\"image.default\">\n\t\t\t\t<div class=\"elementor-widget-container\">\n\t\t\t\t\t\t\t\t\t\t\t\t\t\t\t<img fetchpriority=\"high\" decoding=\"async\" width=\"1254\" height=\"836\" src=\"https:\/\/www.domaine-locguenole.com\/wp-content\/uploads\/2023\/07\/iStock-1333891114.jpg\" class=\"attachment-full size-full wp-image-8263\" alt=\"Playa en Morbihan para unas magn\u00edficas vacaciones en Breta\u00f1a\" srcset=\"https:\/\/www.domaine-locguenole.com\/wp-content\/uploads\/2023\/07\/iStock-1333891114.jpg 1254w, https:\/\/www.domaine-locguenole.com\/wp-content\/uploads\/2023\/07\/iStock-1333891114-300x200.jpg 300w, https:\/\/www.domaine-locguenole.com\/wp-content\/uploads\/2023\/07\/iStock-1333891114-1024x683.jpg 1024w, https:\/\/www.domaine-locguenole.com\/wp-content\/uploads\/2023\/07\/iStock-1333891114-768x512.jpg 768w, https:\/\/www.domaine-locguenole.com\/wp-content\/uploads\/2023\/07\/iStock-1333891114-18x12.jpg 18w\" sizes=\"(max-width: 1254px) 100vw, 1254px\" \/>\t\t\t\t\t\t\t\t\t\t\t\t\t\t\t<\/div>\n\t\t\t\t<\/div>\n\t\t<div class=\"elementor-element elementor-element-5e2cc5c e-con-full content-text e-flex e-con e-child\" data-id=\"5e2cc5c\" data-element_type=\"container\" data-e-type=\"container\" data-settings=\"{&quot;background_background&quot;:&quot;classic&quot;}\">\n\t\t\t\t<div class=\"elementor-element elementor-element-b82b8a7 elementor-widget-mobile__width-initial elementor-widget elementor-widget-heading\" data-id=\"b82b8a7\" data-element_type=\"widget\" data-e-type=\"widget\" data-widget_type=\"heading.default\">\n\t\t\t\t<div class=\"elementor-widget-container\">\n\t\t\t\t\t<h2 class=\"elementor-heading-title elementor-size-default\">Actividades<\/h2>\t\t\t\t<\/div>\n\t\t\t\t<\/div>\n\t\t\t\t<div class=\"elementor-element elementor-element-65b19b0 elementor-widget__width-initial elementor-widget elementor-widget-heading\" data-id=\"65b19b0\" data-element_type=\"widget\" data-e-type=\"widget\" data-widget_type=\"heading.default\">\n\t\t\t\t<div class=\"elementor-widget-container\">\n\t\t\t\t\t<h3 class=\"elementor-heading-title elementor-size-default\">Cultura pasada y presente<\/h3>\t\t\t\t<\/div>\n\t\t\t\t<\/div>\n\t\t\t\t<div class=\"elementor-element elementor-element-82f158b elementor-widget__width-initial elementor-widget elementor-widget-text-editor\" data-id=\"82f158b\" data-element_type=\"widget\" data-e-type=\"widget\" data-widget_type=\"text-editor.default\">\n\t\t\t\t<div class=\"elementor-widget-container\">\n\t\t\t\t\t\t\t\t\t<p>En los alrededores de Ch\u00e2teau de Locgu\u00e9nol\u00e9 hay muchas cosas que hacer. Culturales o deportivas, estas actividades son una excelente manera de descubrir la regi\u00f3n de una forma diferente. Es una buena manera de descubrir la cultura bretona, ya sea antigua con museos o contempor\u00e1nea con tradiciones perdurables.<\/p>\t\t\t\t\t\t\t\t<\/div>\n\t\t\t\t<\/div>\n\t\t\t\t<div class=\"elementor-element elementor-element-641d540 elementor-align-center elementor-widget__width-initial btn-maillage elementor-widget elementor-widget-button\" data-id=\"641d540\" data-element_type=\"widget\" data-e-type=\"widget\" data-widget_type=\"button.default\">\n\t\t\t\t<div class=\"elementor-widget-container\">\n\t\t\t\t\t\t\t\t\t<div class=\"elementor-button-wrapper\">\n\t\t\t\t\t<a class=\"elementor-button elementor-button-link elementor-size-sm\" href=\"https:\/\/www.domaine-locguenole.com\/es\/tourisme-sejour-en-bretagne\/activites-que-faire-dans-le-morbihan\/\">\n\t\t\t\t\t\t<span class=\"elementor-button-content-wrapper\">\n\t\t\t\t\t\t\t\t\t<span class=\"elementor-button-text\">visite<\/span>\n\t\t\t\t\t<\/span>\n\t\t\t\t\t<\/a>\n\t\t\t\t<\/div>\n\t\t\t\t\t\t\t\t<\/div>\n\t\t\t\t<\/div>\n\t\t\t\t<\/div>\n\t\t\t\t<\/section>\n\t\t<section class=\"elementor-element elementor-element-4002d01 e-con-full section-scroll-effect section-tourisme-niv1 e-flex e-con e-parent\" data-id=\"4002d01\" data-element_type=\"container\" data-e-type=\"container\" data-settings=\"{&quot;background_background&quot;:&quot;classic&quot;}\">\n\t\t\t\t<div class=\"elementor-element elementor-element-b2420a2 fond-image-chateau-hebergements elementor-hidden-desktop elementor-hidden-tablet elementor-hidden-laptop elementor-widget elementor-widget-image\" data-id=\"b2420a2\" data-element_type=\"widget\" data-e-type=\"widget\" data-widget_type=\"image.default\">\n\t\t\t\t<div class=\"elementor-widget-container\">\n\t\t\t\t\t\t\t\t\t\t\t\t\t\t\t<img decoding=\"async\" width=\"1249\" height=\"839\" src=\"https:\/\/www.domaine-locguenole.com\/wp-content\/uploads\/2023\/07\/iStock-882471376.jpg\" class=\"attachment-full size-full wp-image-8265\" alt=\"Un pueblo tradicional de Morbihan para unas vacaciones en Breta\u00f1a\" srcset=\"https:\/\/www.domaine-locguenole.com\/wp-content\/uploads\/2023\/07\/iStock-882471376.jpg 1249w, https:\/\/www.domaine-locguenole.com\/wp-content\/uploads\/2023\/07\/iStock-882471376-300x202.jpg 300w, https:\/\/www.domaine-locguenole.com\/wp-content\/uploads\/2023\/07\/iStock-882471376-1024x688.jpg 1024w, https:\/\/www.domaine-locguenole.com\/wp-content\/uploads\/2023\/07\/iStock-882471376-768x516.jpg 768w, https:\/\/www.domaine-locguenole.com\/wp-content\/uploads\/2023\/07\/iStock-882471376-18x12.jpg 18w\" sizes=\"(max-width: 1249px) 100vw, 1249px\" \/>\t\t\t\t\t\t\t\t\t\t\t\t\t\t\t<\/div>\n\t\t\t\t<\/div>\n\t\t<div class=\"elementor-element elementor-element-06ab59e e-con-full content-text e-flex e-con e-child\" data-id=\"06ab59e\" data-element_type=\"container\" data-e-type=\"container\" data-settings=\"{&quot;background_background&quot;:&quot;classic&quot;}\">\n\t\t\t\t<div class=\"elementor-element elementor-element-90fc824 elementor-widget-mobile__width-initial elementor-widget elementor-widget-heading\" data-id=\"90fc824\" data-element_type=\"widget\" data-e-type=\"widget\" data-widget_type=\"heading.default\">\n\t\t\t\t<div class=\"elementor-widget-container\">\n\t\t\t\t\t<h2 class=\"elementor-heading-title elementor-size-default\">Destinos<\/h2>\t\t\t\t<\/div>\n\t\t\t\t<\/div>\n\t\t\t\t<div class=\"elementor-element elementor-element-b5361a4 elementor-widget__width-initial elementor-widget elementor-widget-heading\" data-id=\"b5361a4\" data-element_type=\"widget\" data-e-type=\"widget\" data-widget_type=\"heading.default\">\n\t\t\t\t<div class=\"elementor-widget-container\">\n\t\t\t\t\t<h3 class=\"elementor-heading-title elementor-size-default\">Magn\u00edficos panoramas<\/h3>\t\t\t\t<\/div>\n\t\t\t\t<\/div>\n\t\t\t\t<div class=\"elementor-element elementor-element-b740392 elementor-widget__width-initial elementor-widget elementor-widget-text-editor\" data-id=\"b740392\" data-element_type=\"widget\" data-e-type=\"widget\" data-widget_type=\"text-editor.default\">\n\t\t\t\t<div class=\"elementor-widget-container\">\n\t\t\t\t\t\t\t\t\t<p>No le faltar\u00e1n cosas que ver y hacer durante su estancia en Breta\u00f1a. Peque\u00f1os pueblos por descubrir, la grandeza del oc\u00e9ano, valles verdes hasta donde alcanza la vista, un magn\u00edfico litoral de granito... Breta\u00f1a ofrece innumerables panoramas que le sorprender\u00e1n y maravillar\u00e1n.<\/p>\t\t\t\t\t\t\t\t<\/div>\n\t\t\t\t<\/div>\n\t\t\t\t<div class=\"elementor-element elementor-element-bae462a elementor-align-center elementor-widget__width-initial btn-maillage elementor-widget elementor-widget-button\" data-id=\"bae462a\" data-element_type=\"widget\" data-e-type=\"widget\" data-widget_type=\"button.default\">\n\t\t\t\t<div class=\"elementor-widget-container\">\n\t\t\t\t\t\t\t\t\t<div class=\"elementor-button-wrapper\">\n\t\t\t\t\t<a class=\"elementor-button elementor-button-link elementor-size-sm\" href=\"https:\/\/www.domaine-locguenole.com\/es\/tourisme-sejour-en-bretagne\/destinations-lieux-a-visiter-en-bretagne\/\">\n\t\t\t\t\t\t<span class=\"elementor-button-content-wrapper\">\n\t\t\t\t\t\t\t\t\t<span class=\"elementor-button-text\">visite<\/span>\n\t\t\t\t\t<\/span>\n\t\t\t\t\t<\/a>\n\t\t\t\t<\/div>\n\t\t\t\t\t\t\t\t<\/div>\n\t\t\t\t<\/div>\n\t\t\t\t<\/div>\n\t\t\t\t<\/section>\n\t\t<section class=\"elementor-element elementor-element-a71cc1b e-flex e-con-boxed e-con e-parent\" data-id=\"a71cc1b\" data-element_type=\"container\" data-e-type=\"container\" data-settings=\"{&quot;background_background&quot;:&quot;classic&quot;}\">\n\t\t\t\t\t<div class=\"e-con-inner\">\n\t\t\t\t<div class=\"elementor-element elementor-element-abfeada elementor-widget elementor-widget-heading\" data-id=\"abfeada\" data-element_type=\"widget\" data-e-type=\"widget\" data-widget_type=\"heading.default\">\n\t\t\t\t<div class=\"elementor-widget-container\">\n\t\t\t\t\t<h2 class=\"elementor-heading-title elementor-size-default\">Experiencias<\/h2>\t\t\t\t<\/div>\n\t\t\t\t<\/div>\n\t\t\t\t<div class=\"elementor-element elementor-element-16f7363 elementor-widget__width-initial elementor-widget elementor-widget-heading\" data-id=\"16f7363\" data-element_type=\"widget\" data-e-type=\"widget\" data-widget_type=\"heading.default\">\n\t\t\t\t<div class=\"elementor-widget-container\">\n\t\t\t\t\t<h2 class=\"elementor-heading-title elementor-size-default\">La experiencia de los hoteles The Beautiful Life<\/h2>\t\t\t\t<\/div>\n\t\t\t\t<\/div>\n\t\t\t\t<div class=\"elementor-element elementor-element-82753e7 elementor-widget elementor-widget-image\" data-id=\"82753e7\" data-element_type=\"widget\" data-e-type=\"widget\" data-widget_type=\"image.default\">\n\t\t\t\t<div class=\"elementor-widget-container\">\n\t\t\t\t\t\t\t\t\t\t\t\t\t\t\t<img decoding=\"async\" width=\"2560\" height=\"1708\" src=\"https:\/\/www.domaine-locguenole.com\/wp-content\/uploads\/2023\/08\/\u00a9Christophe-Le-Potier-3P9A4455-scaled.jpg\" class=\"attachment-full size-full wp-image-8683\" alt=\"Casas tradicionales en Morbihan para una estancia en Breta\u00f1a\" srcset=\"https:\/\/www.domaine-locguenole.com\/wp-content\/uploads\/2023\/08\/\u00a9Christophe-Le-Potier-3P9A4455-scaled.jpg 2560w, https:\/\/www.domaine-locguenole.com\/wp-content\/uploads\/2023\/08\/\u00a9Christophe-Le-Potier-3P9A4455-300x200.jpg 300w, https:\/\/www.domaine-locguenole.com\/wp-content\/uploads\/2023\/08\/\u00a9Christophe-Le-Potier-3P9A4455-1024x683.jpg 1024w, https:\/\/www.domaine-locguenole.com\/wp-content\/uploads\/2023\/08\/\u00a9Christophe-Le-Potier-3P9A4455-768x512.jpg 768w, https:\/\/www.domaine-locguenole.com\/wp-content\/uploads\/2023\/08\/\u00a9Christophe-Le-Potier-3P9A4455-1536x1025.jpg 1536w, https:\/\/www.domaine-locguenole.com\/wp-content\/uploads\/2023\/08\/\u00a9Christophe-Le-Potier-3P9A4455-2048x1366.jpg 2048w, https:\/\/www.domaine-locguenole.com\/wp-content\/uploads\/2023\/08\/\u00a9Christophe-Le-Potier-3P9A4455-18x12.jpg 18w\" sizes=\"(max-width: 2560px) 100vw, 2560px\" \/>\t\t\t\t\t\t\t\t\t\t\t\t\t\t\t<\/div>\n\t\t\t\t<\/div>\n\t\t\t\t<div class=\"elementor-element elementor-element-8281c82 elementor-widget__width-initial elementor-widget elementor-widget-text-editor\" data-id=\"8281c82\" data-element_type=\"widget\" data-e-type=\"widget\" data-widget_type=\"text-editor.default\">\n\t\t\t\t<div class=\"elementor-widget-container\">\n\t\t\t\t\t\t\t\t\t<p>La experiencia Locgu\u00e9nol\u00e9 hay que vivirla plenamente, y el viaje que le tenemos preparado a su regreso de la Ruta de las Indias no se detiene a las puertas de nuestra finca. Un amplio abanico de actividades transformar\u00e1 su estancia en Breta\u00f1a en una aut\u00e9ntica experiencia envolvente.<\/p>\t\t\t\t\t\t\t\t<\/div>\n\t\t\t\t<\/div>\n\t\t\t\t\t<\/div>\n\t\t\t\t<\/section>\n\t\t<section class=\"elementor-element elementor-element-089f9ed e-flex e-con-boxed e-con e-parent\" data-id=\"089f9ed\" data-element_type=\"container\" data-e-type=\"container\" id=\"section-col-maillage\">\n\t\t\t\t\t<div class=\"e-con-inner\">\n\t\t<article class=\"elementor-element elementor-element-c104996 e-con-full col-maillage e-flex e-con e-child\" data-id=\"c104996\" data-element_type=\"container\" data-e-type=\"container\">\n\t\t\t\t<div class=\"elementor-element elementor-element-7d41556 elementor-widget elementor-widget-image\" data-id=\"7d41556\" data-element_type=\"widget\" data-e-type=\"widget\" data-widget_type=\"image.default\">\n\t\t\t\t<div class=\"elementor-widget-container\">\n\t\t\t\t\t\t\t\t\t\t\t\t\t\t\t<img decoding=\"async\" src=\"https:\/\/www.domaine-locguenole.com\/wp-content\/uploads\/elementor\/thumbs\/\u00a9Christophe-le-Potier-2939-scaled-qbdul3wsnb8uov4ourbdexr5t40rgslnz89021lk34.jpg\" title=\"Christophe le Potier-2939\" alt=\"Techo acristalado del castillo de locgu\u00e9nol\u00e9\" loading=\"lazy\" \/>\t\t\t\t\t\t\t\t\t\t\t\t\t\t\t<\/div>\n\t\t\t\t<\/div>\n\t\t\t\t<div class=\"elementor-element elementor-element-5757e3d elementor-widget elementor-widget-heading\" data-id=\"5757e3d\" data-element_type=\"widget\" data-e-type=\"widget\" data-widget_type=\"heading.default\">\n\t\t\t\t<div class=\"elementor-widget-container\">\n\t\t\t\t\t<h2 class=\"elementor-heading-title elementor-size-default\">Ofertas especiales<\/h2>\t\t\t\t<\/div>\n\t\t\t\t<\/div>\n\t\t\t\t<div class=\"elementor-element elementor-element-071b305 elementor-widget__width-initial elementor-widget elementor-widget-text-editor\" data-id=\"071b305\" data-element_type=\"widget\" data-e-type=\"widget\" data-widget_type=\"text-editor.default\">\n\t\t\t\t<div class=\"elementor-widget-container\">\n\t\t\t\t\t\t\t\t\t<p>Descubra nuestras ofertas especiales para una estancia intemporal en nuestra encantadora casa.<\/p>\t\t\t\t\t\t\t\t<\/div>\n\t\t\t\t<\/div>\n\t\t\t\t<div class=\"elementor-element elementor-element-fe3f555 elementor-align-center elementor-widget__width-initial btn-maillage elementor-absolute elementor-widget elementor-widget-button\" data-id=\"fe3f555\" data-element_type=\"widget\" data-e-type=\"widget\" data-settings=\"{&quot;_position&quot;:&quot;absolute&quot;}\" data-widget_type=\"button.default\">\n\t\t\t\t<div class=\"elementor-widget-container\">\n\t\t\t\t\t\t\t\t\t<div class=\"elementor-button-wrapper\">\n\t\t\t\t\t<a class=\"elementor-button elementor-size-sm\" role=\"button\">\n\t\t\t\t\t\t<span class=\"elementor-button-content-wrapper\">\n\t\t\t\t\t\t\t\t\t<span class=\"elementor-button-text\">ir a la p\u00e1gina<\/span>\n\t\t\t\t\t<\/span>\n\t\t\t\t\t<\/a>\n\t\t\t\t<\/div>\n\t\t\t\t\t\t\t\t<\/div>\n\t\t\t\t<\/div>\n\t\t\t\t<\/article>\n\t\t<article class=\"elementor-element elementor-element-908ca4d e-con-full col-maillage e-flex e-con e-child\" data-id=\"908ca4d\" data-element_type=\"container\" data-e-type=\"container\">\n\t\t\t\t<div class=\"elementor-element elementor-element-d3d5fd7 elementor-widget elementor-widget-image\" data-id=\"d3d5fd7\" data-element_type=\"widget\" data-e-type=\"widget\" data-widget_type=\"image.default\">\n\t\t\t\t<div class=\"elementor-widget-container\">\n\t\t\t\t\t\t\t\t\t\t\t\t\t\t\t<img decoding=\"async\" src=\"https:\/\/www.domaine-locguenole.com\/wp-content\/uploads\/elementor\/thumbs\/\u00a9Christophe-Le-Potier-3P9A4109-scaled-qbdukej5isa3ze5jyycg1m5prphuoyswvqmw3kn6r4.jpg\" title=\"Christophe Le Potier-3P9A4109\" alt=\"Toits du domaine de locgu\u00e9nol\u00e9 para una estancia de lugares que visitar y otras actividades en Breta\u00f1a\" loading=\"lazy\" \/>\t\t\t\t\t\t\t\t\t\t\t\t\t\t\t<\/div>\n\t\t\t\t<\/div>\n\t\t\t\t<div class=\"elementor-element elementor-element-ced8cd1 elementor-widget elementor-widget-heading\" data-id=\"ced8cd1\" data-element_type=\"widget\" data-e-type=\"widget\" data-widget_type=\"heading.default\">\n\t\t\t\t<div class=\"elementor-widget-container\">\n\t\t\t\t\t<h2 class=\"elementor-heading-title elementor-size-default\">Cheques regalo<\/h2>\t\t\t\t<\/div>\n\t\t\t\t<\/div>\n\t\t\t\t<div class=\"elementor-element elementor-element-6b301ce elementor-widget__width-initial elementor-widget elementor-widget-text-editor\" data-id=\"6b301ce\" data-element_type=\"widget\" data-e-type=\"widget\" data-widget_type=\"text-editor.default\">\n\t\t\t\t<div class=\"elementor-widget-container\">\n\t\t\t\t\t\t\t\t\t<p>Para complacer a un amigo o familiar, o simplemente para darse un capricho, aproveche nuestros cheques regalo.<\/p>\t\t\t\t\t\t\t\t<\/div>\n\t\t\t\t<\/div>\n\t\t\t\t<div class=\"elementor-element elementor-element-506451e elementor-align-center elementor-widget__width-initial btn-maillage elementor-absolute elementor-widget elementor-widget-button\" data-id=\"506451e\" data-element_type=\"widget\" data-e-type=\"widget\" data-settings=\"{&quot;_position&quot;:&quot;absolute&quot;}\" data-widget_type=\"button.default\">\n\t\t\t\t<div class=\"elementor-widget-container\">\n\t\t\t\t\t\t\t\t\t<div class=\"elementor-button-wrapper\">\n\t\t\t\t\t<a class=\"elementor-button elementor-button-link elementor-size-sm\" href=\"https:\/\/cadeaux.bl-hotels.com\/bien-etre\" target=\"_blank\" rel=\"nofollow noopener\">\n\t\t\t\t\t\t<span class=\"elementor-button-content-wrapper\">\n\t\t\t\t\t\t\t\t\t<span class=\"elementor-button-text\">ir a la p\u00e1gina<\/span>\n\t\t\t\t\t<\/span>\n\t\t\t\t\t<\/a>\n\t\t\t\t<\/div>\n\t\t\t\t\t\t\t\t<\/div>\n\t\t\t\t<\/div>\n\t\t\t\t<\/article>\n\t\t\t\t\t<\/div>\n\t\t\t\t<\/section>\n\t\t\t\t<\/div>","protected":false},"excerpt":{"rendered":"<p>Tourisme M\u00e9morable s\u00e9jour en Bretagne Venir au Domaine de Locgu\u00e9nol\u00e9 est d\u00e9j\u00e0 un voyage en soi, mais la visite de tr\u00e9sors cach\u00e9s dans les alentours vaut le coup d\u2019\u0153il. Le Morbihan, Lorient, l\u2019\u00eele de Groix, la presqu\u2019\u00eele de Quiberon, les rives du Blavet, autant de secrets qui m\u00e9ritent toute votre attention lors de votre s\u00e9jour [&hellip;]<\/p>\n","protected":false},"author":4,"featured_media":0,"parent":0,"menu_order":11,"comment_status":"closed","ping_status":"closed","template":"","meta":{"_acf_changed":false,"inline_featured_image":false,"footnotes":""},"class_list":["post-69","page","type-page","status-publish","hentry"],"acf":[],"_links":{"self":[{"href":"https:\/\/www.domaine-locguenole.com\/es\/wp-json\/wp\/v2\/pages\/69","targetHints":{"allow":["GET"]}}],"collection":[{"href":"https:\/\/www.domaine-locguenole.com\/es\/wp-json\/wp\/v2\/pages"}],"about":[{"href":"https:\/\/www.domaine-locguenole.com\/es\/wp-json\/wp\/v2\/types\/page"}],"author":[{"embeddable":true,"href":"https:\/\/www.domaine-locguenole.com\/es\/wp-json\/wp\/v2\/users\/4"}],"replies":[{"embeddable":true,"href":"https:\/\/www.domaine-locguenole.com\/es\/wp-json\/wp\/v2\/comments?post=69"}],"version-history":[{"count":91,"href":"https:\/\/www.domaine-locguenole.com\/es\/wp-json\/wp\/v2\/pages\/69\/revisions"}],"predecessor-version":[{"id":14851,"href":"https:\/\/www.domaine-locguenole.com\/es\/wp-json\/wp\/v2\/pages\/69\/revisions\/14851"}],"wp:attachment":[{"href":"https:\/\/www.domaine-locguenole.com\/es\/wp-json\/wp\/v2\/media?parent=69"}],"curies":[{"name":"wp","href":"https:\/\/api.w.org\/{rel}","templated":true}]}}