{"id":327,"date":"2023-06-10T19:38:56","date_gmt":"2023-06-10T17:38:56","guid":{"rendered":"https:\/\/www.domaine-locguenole.com\/la-boutique\/"},"modified":"2024-07-09T11:58:48","modified_gmt":"2024-07-09T09:58:48","slug":"la-boutique-hotel-spa-bord-de-mer-bretagne","status":"publish","type":"page","link":"https:\/\/www.domaine-locguenole.com\/es\/bien-etre-hotel-spa-bretagne\/la-boutique-hotel-spa-bord-de-mer-bretagne\/","title":{"rendered":"La tienda"},"content":{"rendered":"\t\t<div data-elementor-type=\"wp-page\" data-elementor-id=\"327\" class=\"elementor elementor-327\" data-elementor-post-type=\"page\">\n\t\t\t\t<section class=\"elementor-element elementor-element-ca982e0 e-con-full first-screen ecran1-bien-etre e-flex e-con e-parent\" data-id=\"ca982e0\" data-element_type=\"container\" data-e-type=\"container\" id=\"ecran1-hebergements\" data-settings=\"{&quot;background_background&quot;:&quot;classic&quot;}\">\n\t\t<div class=\"elementor-element elementor-element-44fca92 e-con-full container-img-ecran e-flex e-con e-child\" data-id=\"44fca92\" data-element_type=\"container\" data-e-type=\"container\" data-settings=\"{&quot;background_background&quot;:&quot;classic&quot;}\">\n\t\t<div class=\"elementor-element elementor-element-f7bf0ec e-con-full deco-ecran1 e-flex e-con e-child\" data-id=\"f7bf0ec\" data-element_type=\"container\" data-e-type=\"container\" data-settings=\"{&quot;background_background&quot;:&quot;classic&quot;,&quot;position&quot;:&quot;absolute&quot;}\">\n\t\t\t\t<\/div>\n\t\t<div class=\"elementor-element elementor-element-1543926 e-con-full e-flex e-con e-child\" data-id=\"1543926\" data-element_type=\"container\" data-e-type=\"container\" data-settings=\"{&quot;background_background&quot;:&quot;classic&quot;,&quot;position&quot;:&quot;absolute&quot;}\">\n\t\t\t\t<\/div>\n\t\t\t\t<\/div>\n\t\t\t\t<\/section>\n\t\t<section class=\"elementor-element elementor-element-6a9c825 e-con-full e-flex e-con e-parent\" data-id=\"6a9c825\" data-element_type=\"container\" data-e-type=\"container\" data-settings=\"{&quot;background_background&quot;:&quot;classic&quot;}\">\n\t\t\t\t<div class=\"elementor-element elementor-element-4b4f3b0 logo-restaurant elementor-widget elementor-widget-image\" data-id=\"4b4f3b0\" data-element_type=\"widget\" data-e-type=\"widget\" data-widget_type=\"image.default\">\n\t\t\t\t<div class=\"elementor-widget-container\">\n\t\t\t\t\t\t\t\t\t\t\t\t\t\t\t<img decoding=\"async\" src=\"https:\/\/www.domaine-locguenole.com\/wp-content\/uploads\/2023\/06\/Sothys-Converti-copie.svg\" title=\"Sothys [Converti] copie\" alt=\"Sothys [Converti] copie\" loading=\"lazy\" \/>\t\t\t\t\t\t\t\t\t\t\t\t\t\t\t<\/div>\n\t\t\t\t<\/div>\n\t\t\t\t<div class=\"elementor-element elementor-element-3722ca8 elementor-widget elementor-widget-heading\" data-id=\"3722ca8\" data-element_type=\"widget\" data-e-type=\"widget\" data-widget_type=\"heading.default\">\n\t\t\t\t<div class=\"elementor-widget-container\">\n\t\t\t\t\t<h1 class=\"elementor-heading-title elementor-size-default\">La Boutique<\/h1>\t\t\t\t<\/div>\n\t\t\t\t<\/div>\n\t\t\t\t<div class=\"elementor-element elementor-element-4a16e6c elementor-widget__width-initial elementor-widget elementor-widget-heading\" data-id=\"4a16e6c\" data-element_type=\"widget\" data-e-type=\"widget\" data-widget_type=\"heading.default\">\n\t\t\t\t<div class=\"elementor-widget-container\">\n\t\t\t\t\t<h2 class=\"elementor-heading-title elementor-size-default\">L'excellence Sothys\u00ae<\/h2>\t\t\t\t<\/div>\n\t\t\t\t<\/div>\n\t\t\t\t<div class=\"elementor-element elementor-element-6659b63 elementor-widget__width-initial elementor-widget-mobile__width-initial elementor-widget elementor-widget-text-editor\" data-id=\"6659b63\" data-element_type=\"widget\" data-e-type=\"widget\" data-widget_type=\"text-editor.default\">\n\t\t\t\t<div class=\"elementor-widget-container\">\n\t\t\t\t\t\t\t\t\t<p>Retrouvez tous les produits utilis\u00e9s dans notre h\u00f4tel spa en bord de mer en Bretagne au sein de notre boutique. L\u2019excellence Sothys\u00ae \u00e0 ramener chez vous pour prolonger l\u2019exp\u00e9rience d\u00e9tente et vous procurer les m\u00eames sensations \u00e0 la maison qu\u2019au sein de notre Spa Macha.<\/p>\t\t\t\t\t\t\t\t<\/div>\n\t\t\t\t<\/div>\n\t\t\t\t<\/section>\n\t\t<section class=\"elementor-element elementor-element-6c4892c section-ecran-gabarit5 even e-flex e-con-boxed e-con e-parent\" data-id=\"6c4892c\" data-element_type=\"container\" data-e-type=\"container\">\n\t\t\t\t\t<div class=\"e-con-inner\">\n\t\t<div class=\"elementor-element elementor-element-c1e1804 e-con-full e-flex e-con e-child\" data-id=\"c1e1804\" data-element_type=\"container\" data-e-type=\"container\">\n\t\t\t\t<div class=\"elementor-element elementor-element-9fe1fc6 elementor-widget elementor-widget-image\" data-id=\"9fe1fc6\" data-element_type=\"widget\" data-e-type=\"widget\" data-widget_type=\"image.default\">\n\t\t\t\t<div class=\"elementor-widget-container\">\n\t\t\t\t\t\t\t\t\t\t\t\t\t\t\t<img fetchpriority=\"high\" decoding=\"async\" width=\"1334\" height=\"1560\" src=\"https:\/\/www.domaine-locguenole.com\/wp-content\/uploads\/2023\/07\/sothys-hydra22_01c_pipette.jpeg\" class=\"attachment-full size-full wp-image-8179\" alt=\"Massage dans notre hotel spa en bord de mer en bretagne et produits sothys\" srcset=\"https:\/\/www.domaine-locguenole.com\/wp-content\/uploads\/2023\/07\/sothys-hydra22_01c_pipette.jpeg 1334w, https:\/\/www.domaine-locguenole.com\/wp-content\/uploads\/2023\/07\/sothys-hydra22_01c_pipette-257x300.jpeg 257w, https:\/\/www.domaine-locguenole.com\/wp-content\/uploads\/2023\/07\/sothys-hydra22_01c_pipette-876x1024.jpeg 876w, https:\/\/www.domaine-locguenole.com\/wp-content\/uploads\/2023\/07\/sothys-hydra22_01c_pipette-768x898.jpeg 768w, https:\/\/www.domaine-locguenole.com\/wp-content\/uploads\/2023\/07\/sothys-hydra22_01c_pipette-1313x1536.jpeg 1313w, https:\/\/www.domaine-locguenole.com\/wp-content\/uploads\/2023\/07\/sothys-hydra22_01c_pipette-10x12.jpeg 10w\" sizes=\"(max-width: 1334px) 100vw, 1334px\" \/>\t\t\t\t\t\t\t\t\t\t\t\t\t\t\t<\/div>\n\t\t\t\t<\/div>\n\t\t\t\t<\/div>\n\t\t<div class=\"elementor-element elementor-element-d99bd10 e-con-full e-flex e-con e-child\" data-id=\"d99bd10\" data-element_type=\"container\" data-e-type=\"container\" data-settings=\"{&quot;background_background&quot;:&quot;classic&quot;}\">\n\t\t\t\t<div class=\"elementor-element elementor-element-7ef7d67 margin-0 elementor-widget__width-initial elementor-widget elementor-widget-heading\" data-id=\"7ef7d67\" data-element_type=\"widget\" data-e-type=\"widget\" data-widget_type=\"heading.default\">\n\t\t\t\t<div class=\"elementor-widget-container\">\n\t\t\t\t\t<h2 class=\"elementor-heading-title elementor-size-default\">Sothys\u00ae<\/h2>\t\t\t\t<\/div>\n\t\t\t\t<\/div>\n\t\t\t\t<div class=\"elementor-element elementor-element-562ec1e elementor-widget__width-initial elementor-widget elementor-widget-heading\" data-id=\"562ec1e\" data-element_type=\"widget\" data-e-type=\"widget\" data-widget_type=\"heading.default\">\n\t\t\t\t<div class=\"elementor-widget-container\">\n\t\t\t\t\t<h3 class=\"elementor-heading-title elementor-size-default\">L'excellence fran\u00e7aise depuis 1946<\/h3>\t\t\t\t<\/div>\n\t\t\t\t<\/div>\n\t\t\t\t<div class=\"elementor-element elementor-element-0351ec5 elementor-widget__width-initial elementor-widget-mobile__width-initial elementor-widget elementor-widget-text-editor\" data-id=\"0351ec5\" data-element_type=\"widget\" data-e-type=\"widget\" data-widget_type=\"text-editor.default\">\n\t\t\t\t<div class=\"elementor-widget-container\">\n\t\t\t\t\t\t\t\t\t<p>Tout comme nous, Sothys s\u2019applique \u00e0 offrir \u00ab l\u2019excellence d\u2019une maison familiale historique \u00bb gr\u00e2ce \u00e0 des formulations v\u00e9g\u00e9tales \u00e0 la pointe de l\u2019innovation et dont les r\u00e9sultats dont prouv\u00e9s.<\/p>\t\t\t\t\t\t\t\t<\/div>\n\t\t\t\t<\/div>\n\t\t\t\t<\/div>\n\t\t\t\t\t<\/div>\n\t\t\t\t<\/section>\n\t\t<section class=\"elementor-element elementor-element-dad9540 e-flex e-con-boxed e-con e-parent\" data-id=\"dad9540\" data-element_type=\"container\" data-e-type=\"container\" id=\"section-infos-hebergements\" data-settings=\"{&quot;background_background&quot;:&quot;classic&quot;}\">\n\t\t\t\t\t<div class=\"e-con-inner\">\n\t\t<div class=\"elementor-element elementor-element-f65969e e-con-full e-flex e-con e-child\" data-id=\"f65969e\" data-element_type=\"container\" data-e-type=\"container\">\n\t\t\t\t<div class=\"elementor-element elementor-element-4b3dacc elementor-widget-mobile__width-initial slide-text1 elementor-widget__width-initial elementor-widget elementor-widget-heading\" data-id=\"4b3dacc\" data-element_type=\"widget\" data-e-type=\"widget\" data-widget_type=\"heading.default\">\n\t\t\t\t<div class=\"elementor-widget-container\">\n\t\t\t\t\t<h2 class=\"elementor-heading-title elementor-size-default\">Informations <br \/>pratiques<\/h2>\t\t\t\t<\/div>\n\t\t\t\t<\/div>\n\t\t\t\t<div class=\"elementor-element elementor-element-1b029f4 elementor-widget__width-initial fleche-deco elementor-view-default elementor-widget elementor-widget-icon\" data-id=\"1b029f4\" data-element_type=\"widget\" data-e-type=\"widget\" data-widget_type=\"icon.default\">\n\t\t\t\t<div class=\"elementor-widget-container\">\n\t\t\t\t\t\t\t<div class=\"elementor-icon-wrapper\">\n\t\t\t<div class=\"elementor-icon\">\n\t\t\t<svg xmlns=\"http:\/\/www.w3.org\/2000\/svg\" width=\"60.035\" height=\"15.559\" viewBox=\"0 0 60.035 15.559\"><g id=\"deco_fleches_noires\" data-name=\"deco fleches noires\" transform=\"translate(-613.08 -4341.706)\"><g id=\"Soustraction_1\" data-name=\"Soustraction 1\" transform=\"translate(613.08 8077.301) rotate(-90)\" fill=\"none\"><path d=\"M3720.036,23.726v0L3727.988,0l7.607,23.549a23.4,23.4,0,0,0-7.568-1.044,21.623,21.623,0,0,0-7.988,1.22Z\" stroke=\"none\"><\/path><path d=\"M 3721.615478515625 22.15803718566895 C 3723.362060546875 21.74021911621094 3725.6123046875 21.50485229492188 3728.026611328125 21.50485229492188 C 3730.240234375 21.50485229492188 3732.366943359375 21.71133995056152 3734.068359375 22.07699966430664 L 3727.969970703125 3.198962688446045 L 3721.615478515625 22.15803718566895 M 3720.036376953125 23.72568130493164 L 3720.036376953125 23.72307205200195 L 3727.987548828125 1.606140131116263e-06 L 3735.594482421875 23.54856109619141 C 3733.878662109375 22.89559173583984 3731.050048828125 22.50485229492188 3728.026611328125 22.50485229492188 C 3724.730224609375 22.50485229492188 3721.668701171875 22.97221183776855 3720.038330078125 23.72458076477051 L 3720.036376953125 23.72568130493164 Z\" stroke=\"none\" fill=\"#19171b\"><\/path><\/g><g id=\"Soustraction_4\" data-name=\"Soustraction 4\" transform=\"translate(673.115 621.67) rotate(90)\" fill=\"none\"><path d=\"M3720.036,23.726v0L3727.988,0l7.607,23.549a23.4,23.4,0,0,0-7.568-1.044,21.623,21.623,0,0,0-7.988,1.22Z\" stroke=\"none\"><\/path><path d=\"M 3721.615478515625 22.15803718566895 C 3723.362060546875 21.74021911621094 3725.6123046875 21.50485229492188 3728.026611328125 21.50485229492188 C 3730.240234375 21.50485229492188 3732.366943359375 21.71133995056152 3734.068359375 22.07699966430664 L 3727.969970703125 3.198962688446045 L 3721.615478515625 22.15803718566895 M 3720.036376953125 23.72568130493164 L 3720.036376953125 23.72307205200195 L 3727.987548828125 1.606140131116263e-06 L 3735.594482421875 23.54856109619141 C 3733.878662109375 22.89559173583984 3731.050048828125 22.50485229492188 3728.026611328125 22.50485229492188 C 3724.730224609375 22.50485229492188 3721.668701171875 22.97221183776855 3720.038330078125 23.72458076477051 L 3720.036376953125 23.72568130493164 Z\" stroke=\"none\" fill=\"#19171b\"><\/path><\/g><\/g><\/svg>\t\t\t<\/div>\n\t\t<\/div>\n\t\t\t\t\t\t<\/div>\n\t\t\t\t<\/div>\n\t\t\t\t<\/div>\n\t\t<div class=\"elementor-element elementor-element-fa18ad5 e-con-full e-flex e-con e-child\" data-id=\"fa18ad5\" data-element_type=\"container\" data-e-type=\"container\">\n\t\t<div class=\"elementor-element elementor-element-026dcfc e-con-full e-flex e-con e-child\" data-id=\"026dcfc\" data-element_type=\"container\" data-e-type=\"container\" data-settings=\"{&quot;background_background&quot;:&quot;classic&quot;}\">\n\t\t\t\t<div class=\"elementor-element elementor-element-9d88ae5 elementor-widget__width-initial elementor-view-default elementor-position-block-start elementor-mobile-position-block-start elementor-widget elementor-widget-icon-box\" data-id=\"9d88ae5\" data-element_type=\"widget\" data-e-type=\"widget\" data-widget_type=\"icon-box.default\">\n\t\t\t\t<div class=\"elementor-widget-container\">\n\t\t\t\t\t\t\t<div class=\"elementor-icon-box-wrapper\">\n\n\t\t\t\t\t\t<div class=\"elementor-icon-box-icon\">\n\t\t\t\t<span  class=\"elementor-icon\">\n\t\t\t\t<i aria-hidden=\"true\" class=\"eliofont eliofont-check-in-check-out\"><\/i>\t\t\t\t<\/span>\n\t\t\t<\/div>\n\t\t\t\n\t\t\t\t\t\t<div class=\"elementor-icon-box-content\">\n\n\t\t\t\t\t\t\t\t\t<h3 class=\"elementor-icon-box-title\">\n\t\t\t\t\t\t<span  >\n\t\t\t\t\t\t\tHoraires\t\t\t\t\t\t<\/span>\n\t\t\t\t\t<\/h3>\n\t\t\t\t\n\t\t\t\t\n\t\t\t<\/div>\n\t\t\t\n\t\t<\/div>\n\t\t\t\t\t\t<\/div>\n\t\t\t\t<\/div>\n\t\t\t\t<div class=\"elementor-element elementor-element-9b76b1f elementor-widget__width-initial elementor-widget elementor-widget-heading\" data-id=\"9b76b1f\" data-element_type=\"widget\" data-e-type=\"widget\" data-widget_type=\"heading.default\">\n\t\t\t\t<div class=\"elementor-widget-container\">\n\t\t\t\t\t<h3 class=\"elementor-heading-title elementor-size-default\">La Boutique est ouverte tous les jours de la semaine.<\/h3>\t\t\t\t<\/div>\n\t\t\t\t<\/div>\n\t\t\t\t<div class=\"elementor-element elementor-element-fd77c56 elementor-widget elementor-widget-heading\" data-id=\"fd77c56\" data-element_type=\"widget\" data-e-type=\"widget\" data-widget_type=\"heading.default\">\n\t\t\t\t<div class=\"elementor-widget-container\">\n\t\t\t\t\t<p class=\"elementor-heading-title elementor-size-default\">De 09h \u00e0 20h<\/p>\t\t\t\t<\/div>\n\t\t\t\t<\/div>\n\t\t\t\t<\/div>\n\t\t<div class=\"elementor-element elementor-element-1e3dbf5 e-con-full e-flex e-con e-child\" data-id=\"1e3dbf5\" data-element_type=\"container\" data-e-type=\"container\" data-settings=\"{&quot;background_background&quot;:&quot;classic&quot;}\">\n\t\t\t\t<div class=\"elementor-element elementor-element-4866617 elementor-widget__width-initial elementor-view-default elementor-position-block-start elementor-mobile-position-block-start elementor-widget elementor-widget-icon-box\" data-id=\"4866617\" data-element_type=\"widget\" data-e-type=\"widget\" data-widget_type=\"icon-box.default\">\n\t\t\t\t<div class=\"elementor-widget-container\">\n\t\t\t\t\t\t\t<div class=\"elementor-icon-box-wrapper\">\n\n\t\t\t\t\t\t<div class=\"elementor-icon-box-icon\">\n\t\t\t\t<span  class=\"elementor-icon\">\n\t\t\t\t<i aria-hidden=\"true\" class=\"eliofont eliofont-menu-close\"><\/i>\t\t\t\t<\/span>\n\t\t\t<\/div>\n\t\t\t\n\t\t\t\t\t\t<div class=\"elementor-icon-box-content\">\n\n\t\t\t\t\t\t\t\t\t<h3 class=\"elementor-icon-box-title\">\n\t\t\t\t\t\t<span  >\n\t\t\t\t\t\t\tSothys\u00ae\t\t\t\t\t\t<\/span>\n\t\t\t\t\t<\/h3>\n\t\t\t\t\n\t\t\t\t\n\t\t\t<\/div>\n\t\t\t\n\t\t<\/div>\n\t\t\t\t\t\t<\/div>\n\t\t\t\t<\/div>\n\t\t\t\t<div class=\"elementor-element elementor-element-c6e31b2 elementor-widget__width-initial elementor-widget elementor-widget-heading\" data-id=\"c6e31b2\" data-element_type=\"widget\" data-e-type=\"widget\" data-widget_type=\"heading.default\">\n\t\t\t\t<div class=\"elementor-widget-container\">\n\t\t\t\t\t<h3 class=\"elementor-heading-title elementor-size-default\">R\u00e9servation de soins et produits cosm\u00e9tiques SOTHYS\u00ae en vente sur place.<\/h3>\t\t\t\t<\/div>\n\t\t\t\t<\/div>\n\t\t\t\t<\/div>\n\t\t\t\t<\/div>\n\t\t\t\t\t<\/div>\n\t\t\t\t<\/section>\n\t\t<section class=\"elementor-element elementor-element-a7147c9 e-flex e-con-boxed e-con e-parent\" data-id=\"a7147c9\" data-element_type=\"container\" data-e-type=\"container\">\n\t\t\t\t\t<div class=\"e-con-inner\">\n\t\t\t\t<div class=\"elementor-element elementor-element-315cfff elementor--h-position-center elementor--v-position-middle elementor-pagination-position-inside elementor-widget elementor-widget-slides\" data-id=\"315cfff\" data-element_type=\"widget\" data-e-type=\"widget\" data-settings=\"{&quot;navigation&quot;:&quot;dots&quot;,&quot;autoplay&quot;:&quot;yes&quot;,&quot;pause_on_hover&quot;:&quot;yes&quot;,&quot;pause_on_interaction&quot;:&quot;yes&quot;,&quot;autoplay_speed&quot;:5000,&quot;infinite&quot;:&quot;yes&quot;,&quot;transition&quot;:&quot;slide&quot;,&quot;transition_speed&quot;:500}\" data-widget_type=\"slides.default\">\n\t\t\t\t<div class=\"elementor-widget-container\">\n\t\t\t\t\t\t\t\t\t<div class=\"elementor-swiper\">\n\t\t\t\t\t<div class=\"elementor-slides-wrapper elementor-main-swiper swiper\" role=\"region\" aria-roledescription=\"carousel\" aria-label=\"Diapositivas\" dir=\"ltr\" data-animation=\"fadeInUp\">\n\t\t\t\t<div class=\"swiper-wrapper elementor-slides\">\n\t\t\t\t\t\t\t\t\t\t<div class=\"elementor-repeater-item-7dc99aa swiper-slide\" role=\"group\" aria-roledescription=\"slide\"><div class=\"swiper-slide-bg\" role=\"img\" aria-label=\"piscine int\u00e9rieur - h\u00f4tel spa en bord de mer dans le Morbihan en bretagne\"><\/div><div class=\"swiper-slide-inner\" ><div class=\"swiper-slide-contents\"><\/div><\/div><\/div><div class=\"elementor-repeater-item-c88bb46 swiper-slide\" role=\"group\" aria-roledescription=\"slide\"><div class=\"swiper-slide-bg\" role=\"img\" aria-label=\"Salle de massage et de d\u00e9tente dans notre spa en bord de mer en bretagne\"><\/div><div class=\"swiper-slide-inner\" ><div class=\"swiper-slide-contents\"><\/div><\/div><\/div><div class=\"elementor-repeater-item-5b4424f swiper-slide\" role=\"group\" aria-roledescription=\"slide\"><div class=\"swiper-slide-bg\" role=\"img\" aria-label=\"Salle de d\u00e9tente et bain dans dans notre hotel spa en bord de mer en bretagne\"><\/div><div class=\"swiper-slide-inner\" ><div class=\"swiper-slide-contents\"><\/div><\/div><\/div>\t\t\t\t<\/div>\n\t\t\t\t\t\t\t\t\t\t\t\t\t\t\t\t\t\t\t\t<div class=\"swiper-pagination\"><\/div>\n\t\t\t\t\t\t\t\t\t\t\t\t<\/div>\n\t\t\t\t<\/div>\n\t\t\t\t\t\t\t\t<\/div>\n\t\t\t\t<\/div>\n\t\t\t\t\t<\/div>\n\t\t\t\t<\/section>\n\t\t\t\t<\/div>\n\t\t","protected":false},"excerpt":{"rendered":"<p>La Boutique L&rsquo;excellence Sothys\u00ae Retrouvez tous les produits utilis\u00e9s dans notre h\u00f4tel spa en bord de mer en Bretagne au sein de notre boutique. L\u2019excellence Sothys\u00ae \u00e0 ramener chez vous pour prolonger l\u2019exp\u00e9rience d\u00e9tente et vous procurer les m\u00eames sensations \u00e0 la maison qu\u2019au sein de notre Spa Macha. Sothys\u00ae L&rsquo;excellence fran\u00e7aise depuis 1946 Tout [&hellip;]<\/p>\n","protected":false},"author":4,"featured_media":0,"parent":63,"menu_order":1,"comment_status":"closed","ping_status":"closed","template":"","meta":{"_acf_changed":false,"inline_featured_image":false,"footnotes":""},"class_list":["post-327","page","type-page","status-publish","hentry"],"acf":[],"_links":{"self":[{"href":"https:\/\/www.domaine-locguenole.com\/es\/wp-json\/wp\/v2\/pages\/327","targetHints":{"allow":["GET"]}}],"collection":[{"href":"https:\/\/www.domaine-locguenole.com\/es\/wp-json\/wp\/v2\/pages"}],"about":[{"href":"https:\/\/www.domaine-locguenole.com\/es\/wp-json\/wp\/v2\/types\/page"}],"author":[{"embeddable":true,"href":"https:\/\/www.domaine-locguenole.com\/es\/wp-json\/wp\/v2\/users\/4"}],"replies":[{"embeddable":true,"href":"https:\/\/www.domaine-locguenole.com\/es\/wp-json\/wp\/v2\/comments?post=327"}],"version-history":[{"count":74,"href":"https:\/\/www.domaine-locguenole.com\/es\/wp-json\/wp\/v2\/pages\/327\/revisions"}],"predecessor-version":[{"id":12816,"href":"https:\/\/www.domaine-locguenole.com\/es\/wp-json\/wp\/v2\/pages\/327\/revisions\/12816"}],"up":[{"embeddable":true,"href":"https:\/\/www.domaine-locguenole.com\/es\/wp-json\/wp\/v2\/pages\/63"}],"wp:attachment":[{"href":"https:\/\/www.domaine-locguenole.com\/es\/wp-json\/wp\/v2\/media?parent=327"}],"curies":[{"name":"wp","href":"https:\/\/api.w.org\/{rel}","templated":true}]}}