{"id":305,"date":"2023-06-10T19:33:43","date_gmt":"2023-06-10T17:33:43","guid":{"rendered":"https:\/\/www.domaine-locguenole.com\/les-activites\/"},"modified":"2026-04-16T10:31:22","modified_gmt":"2026-04-16T08:31:22","slug":"actividades-de-golf-en-bretana","status":"publish","type":"page","link":"https:\/\/www.domaine-locguenole.com\/es\/domaine-de-locguenole\/les-activites-golf-en-bretagne\/","title":{"rendered":"Las actividades"},"content":{"rendered":"<div data-elementor-type=\"wp-page\" data-elementor-id=\"305\" class=\"elementor elementor-305\" data-elementor-post-type=\"page\">\n\t\t\t\t<section class=\"elementor-element elementor-element-6f1c7bc e-con-full first-screen e-flex e-con e-parent\" data-id=\"6f1c7bc\" data-element_type=\"container\" data-e-type=\"container\" id=\"ecran1-hebergements\" data-settings=\"{&quot;background_background&quot;:&quot;classic&quot;}\">\n\t\t<div class=\"elementor-element elementor-element-6487a4f e-con-full container-img-ecran e-flex e-con e-child\" data-id=\"6487a4f\" data-element_type=\"container\" data-e-type=\"container\" data-settings=\"{&quot;background_background&quot;:&quot;classic&quot;}\">\n\t\t\t\t<\/div>\n\t\t\t\t<\/section>\n\t\t<section class=\"elementor-element elementor-element-dee17bb e-con-full e-flex e-con e-parent\" data-id=\"dee17bb\" data-element_type=\"container\" data-e-type=\"container\" data-settings=\"{&quot;background_background&quot;:&quot;classic&quot;}\">\n\t\t\t\t<div class=\"elementor-element elementor-element-b44373d elementor-widget elementor-widget-heading\" data-id=\"b44373d\" data-element_type=\"widget\" data-e-type=\"widget\" data-widget_type=\"heading.default\">\n\t\t\t\t<div class=\"elementor-widget-container\">\n\t\t\t\t\t<h1 class=\"elementor-heading-title elementor-size-default\">Las actividades<\/h1>\t\t\t\t<\/div>\n\t\t\t\t<\/div>\n\t\t\t\t<div class=\"elementor-element elementor-element-98d45be elementor-widget__width-initial elementor-widget elementor-widget-heading\" data-id=\"98d45be\" data-element_type=\"widget\" data-e-type=\"widget\" data-widget_type=\"heading.default\">\n\t\t\t\t<div class=\"elementor-widget-container\">\n\t\t\t\t\t<h2 class=\"elementor-heading-title elementor-size-default\">Dentro de nuestro \u00e1mbito<\/h2>\t\t\t\t<\/div>\n\t\t\t\t<\/div>\n\t\t\t\t<div class=\"elementor-element elementor-element-b683933 elementor-widget__width-initial elementor-widget elementor-widget-text-editor\" data-id=\"b683933\" data-element_type=\"widget\" data-e-type=\"widget\" data-widget_type=\"text-editor.default\">\n\t\t\t\t<div class=\"elementor-widget-container\">\n\t\t\t\t\t\t\t\t\t<p>Hay mucho que hacer en el coraz\u00f3n del <a href=\"https:\/\/www.domaine-locguenole.com\/es\/\">Domaine de Locgu\u00e9nol\u00e9<\/a>. Inmerso en su rico patrimonio, es f\u00e1cil imaginarse a uno mismo como aventurero, explorador o navegante. Aproveche el terreno arbolado para disfrutar de algunos de los paseos m\u00e1s bellos de Breta\u00f1a. Hay circuitos de senderismo se\u00f1alizados que le ayudar\u00e1n a descubrir la finca bajo una luz diferente. El cercano r\u00edo Blavet ofrece una vista diferente en cada momento del d\u00eda.<\/p>\t\t\t\t\t\t\t\t<\/div>\n\t\t\t\t<\/div>\n\t\t\t\t<\/section>\n\t\t<section class=\"elementor-element elementor-element-ec9c938 e-con-full section-ecran-gabarit8 elementor-hidden-desktop elementor-hidden-tablet elementor-hidden-mobile elementor-hidden-laptop e-flex e-con e-parent\" data-id=\"ec9c938\" data-element_type=\"container\" data-e-type=\"container\" id=\"section-promenade\">\n\t\t<div class=\"elementor-element elementor-element-9a557f8 e-con-full e-flex e-con e-child\" data-id=\"9a557f8\" data-element_type=\"container\" data-e-type=\"container\">\n\t\t\t\t<div class=\"elementor-element elementor-element-34b6027 elementor-arrows-position-inside elementor-widget elementor-widget-loop-carousel\" data-id=\"34b6027\" data-element_type=\"widget\" data-e-type=\"widget\" id=\"carousel-promenade\" data-settings=\"{&quot;template_id&quot;:6869,&quot;image_spacing_custom&quot;:{&quot;unit&quot;:&quot;px&quot;,&quot;size&quot;:0,&quot;sizes&quot;:[]},&quot;slides_to_scroll_tablet&quot;:&quot;1&quot;,&quot;_skin&quot;:&quot;post&quot;,&quot;slides_to_show&quot;:&quot;3&quot;,&quot;slides_to_show_laptop&quot;:&quot;3&quot;,&quot;slides_to_show_tablet&quot;:&quot;2&quot;,&quot;slides_to_show_mobile&quot;:&quot;1&quot;,&quot;slides_to_scroll&quot;:&quot;1&quot;,&quot;edit_handle_selector&quot;:&quot;.elementor-loop-container&quot;,&quot;infinite&quot;:&quot;yes&quot;,&quot;speed&quot;:500,&quot;offset_sides&quot;:&quot;none&quot;,&quot;arrows&quot;:&quot;yes&quot;,&quot;image_spacing_custom_laptop&quot;:{&quot;unit&quot;:&quot;px&quot;,&quot;size&quot;:&quot;&quot;,&quot;sizes&quot;:[]},&quot;image_spacing_custom_tablet&quot;:{&quot;unit&quot;:&quot;px&quot;,&quot;size&quot;:&quot;&quot;,&quot;sizes&quot;:[]},&quot;image_spacing_custom_mobile&quot;:{&quot;unit&quot;:&quot;px&quot;,&quot;size&quot;:&quot;&quot;,&quot;sizes&quot;:[]}}\" data-widget_type=\"loop-carousel.post\">\n\t\t\t\t<div class=\"elementor-widget-container\">\n\t\t\t\t\t\t\t<div class=\"e-loop-nothing-found-message\">\n\t\t<\/div>\n\t\t\t\t\t\t<\/div>\n\t\t\t\t<\/div>\n\t\t\t\t<\/div>\n\t\t<div class=\"elementor-element elementor-element-e9a5b73 e-con-full e-flex e-con e-child\" data-id=\"e9a5b73\" data-element_type=\"container\" data-e-type=\"container\">\n\t\t\t\t<div class=\"elementor-element elementor-element-eafa30a elementor-widget-mobile__width-initial elementor-widget__width-inherit slide-text1 elementor-widget elementor-widget-heading\" data-id=\"eafa30a\" data-element_type=\"widget\" data-e-type=\"widget\" data-widget_type=\"heading.default\">\n\t\t\t\t<div class=\"elementor-widget-container\">\n\t\t\t\t\t<h2 class=\"elementor-heading-title elementor-size-default\">Los paseos<\/h2>\t\t\t\t<\/div>\n\t\t\t\t<\/div>\n\t\t\t\t<div class=\"elementor-element elementor-element-e75da47 elementor-position-inline-start elementor-widget__width-initial slide-text2 elementor-view-default elementor-mobile-position-block-start elementor-widget elementor-widget-icon-box\" data-id=\"e75da47\" data-element_type=\"widget\" data-e-type=\"widget\" data-widget_type=\"icon-box.default\">\n\t\t\t\t<div class=\"elementor-widget-container\">\n\t\t\t\t\t\t\t<div class=\"elementor-icon-box-wrapper\">\n\n\t\t\t\t\t\t<div class=\"elementor-icon-box-icon\">\n\t\t\t\t<span  class=\"elementor-icon\">\n\t\t\t\t<i aria-hidden=\"true\" class=\"eliofont eliofont-park-nearby\"><\/i>\t\t\t\t<\/span>\n\t\t\t<\/div>\n\t\t\t\n\t\t\t\t\t\t<div class=\"elementor-icon-box-content\">\n\n\t\t\t\t\t\t\t\t\t<h3 class=\"elementor-icon-box-title\">\n\t\t\t\t\t\t<span  >\n\t\t\t\t\t\t\tLorem ipsum dolor sit amet\t\t\t\t\t\t<\/span>\n\t\t\t\t\t<\/h3>\n\t\t\t\t\n\t\t\t\t\t\t\t\t\t<p class=\"elementor-icon-box-description\">\n\t\t\t\t\t\tLorem ipsum dolor sit amet, consectetur adipiscing elit. Ut elit tellus, luctus nec ullamcorper mattis, pulvinar dapibus leo.\t\t\t\t\t<\/p>\n\t\t\t\t\n\t\t\t<\/div>\n\t\t\t\n\t\t<\/div>\n\t\t\t\t\t\t<\/div>\n\t\t\t\t<\/div>\n\t\t\t\t<div class=\"elementor-element elementor-element-bb88874 elementor-position-inline-start elementor-widget__width-initial slide-text2 elementor-view-default elementor-mobile-position-block-start elementor-widget elementor-widget-icon-box\" data-id=\"bb88874\" data-element_type=\"widget\" data-e-type=\"widget\" data-widget_type=\"icon-box.default\">\n\t\t\t\t<div class=\"elementor-widget-container\">\n\t\t\t\t\t\t\t<div class=\"elementor-icon-box-wrapper\">\n\n\t\t\t\t\t\t<div class=\"elementor-icon-box-icon\">\n\t\t\t\t<span  class=\"elementor-icon\">\n\t\t\t\t<i aria-hidden=\"true\" class=\"eliofont eliofont-golf\"><\/i>\t\t\t\t<\/span>\n\t\t\t<\/div>\n\t\t\t\n\t\t\t\t\t\t<div class=\"elementor-icon-box-content\">\n\n\t\t\t\t\t\t\t\t\t<h3 class=\"elementor-icon-box-title\">\n\t\t\t\t\t\t<span  >\n\t\t\t\t\t\t\tLorem ipsum dolor sit amet\t\t\t\t\t\t<\/span>\n\t\t\t\t\t<\/h3>\n\t\t\t\t\n\t\t\t\t\t\t\t\t\t<p class=\"elementor-icon-box-description\">\n\t\t\t\t\t\tLorem ipsum dolor sit amet, consectetur adipiscing elit. Ut elit tellus, luctus nec ullamcorper mattis, pulvinar dapibus leo.\t\t\t\t\t<\/p>\n\t\t\t\t\n\t\t\t<\/div>\n\t\t\t\n\t\t<\/div>\n\t\t\t\t\t\t<\/div>\n\t\t\t\t<\/div>\n\t\t\t\t<\/div>\n\t\t\t\t<\/section>\n\t\t<section class=\"elementor-element elementor-element-6309a4a e-flex e-con-boxed e-con e-parent\" data-id=\"6309a4a\" data-element_type=\"container\" data-e-type=\"container\" data-settings=\"{&quot;background_background&quot;:&quot;classic&quot;}\">\n\t\t\t\t\t<div class=\"e-con-inner\">\n\t\t\t\t<div class=\"elementor-element elementor-element-b699297 elementor-widget elementor-widget-heading\" data-id=\"b699297\" data-element_type=\"widget\" data-e-type=\"widget\" data-widget_type=\"heading.default\">\n\t\t\t\t<div class=\"elementor-widget-container\">\n\t\t\t\t\t<h2 class=\"elementor-heading-title elementor-size-default\">Rutas deportivas<\/h2>\t\t\t\t<\/div>\n\t\t\t\t<\/div>\n\t\t\t\t<div class=\"elementor-element elementor-element-67d9db6 elementor-widget__width-initial elementor-widget elementor-widget-heading\" data-id=\"67d9db6\" data-element_type=\"widget\" data-e-type=\"widget\" data-widget_type=\"heading.default\">\n\t\t\t\t<div class=\"elementor-widget-container\">\n\t\t\t\t\t<h3 class=\"elementor-heading-title elementor-size-default\">Para mantenerse en plena forma<\/h3>\t\t\t\t<\/div>\n\t\t\t\t<\/div>\n\t\t\t\t<div class=\"elementor-element elementor-element-e57cc26 elementor-widget__width-initial elementor-widget-mobile__width-initial elementor-widget elementor-widget-text-editor\" data-id=\"e57cc26\" data-element_type=\"widget\" data-e-type=\"widget\" data-widget_type=\"text-editor.default\">\n\t\t\t\t<div class=\"elementor-widget-container\">\n\t\t\t\t\t\t\t\t\t<p>Si desea mantenerse en forma durante su estancia en nuestra magn\u00edfica finca, hemos creado una pista de fitness especialmente para usted. Situado en el coraz\u00f3n de nuestro parque, este circuito de fitness alterna diferentes equipos en un bucle para ofrecerle una amplia gama de ejercicios. Con 14 aparatos diferentes en un circuito de 600 metros, es el medio ideal para ponerse en forma.<\/p>\t\t\t\t\t\t\t\t<\/div>\n\t\t\t\t<\/div>\n\t\t\t\t\t<\/div>\n\t\t\t\t<\/section>\n\t\t<section class=\"elementor-element elementor-element-cabc5a8 e-flex e-con-boxed e-con e-parent\" data-id=\"cabc5a8\" data-element_type=\"container\" data-e-type=\"container\">\n\t\t\t\t\t<div class=\"e-con-inner\">\n\t\t<article class=\"elementor-element elementor-element-de6e779 e-con-full col-maillage e-flex e-con e-child\" data-id=\"de6e779\" data-element_type=\"container\" data-e-type=\"container\">\n\t\t\t\t<div class=\"elementor-element elementor-element-bf70335 elementor-widget elementor-widget-image\" data-id=\"bf70335\" data-element_type=\"widget\" data-e-type=\"widget\" data-widget_type=\"image.default\">\n\t\t\t\t<div class=\"elementor-widget-container\">\n\t\t\t\t\t\t\t\t\t\t\t\t\t\t\t<img decoding=\"async\" src=\"https:\/\/www.domaine-locguenole.com\/wp-content\/uploads\/elementor\/thumbs\/Golf-Queven-qjpqtwxh2cai2sbw98l8zkrk0f471nxcdikfe0ubjk.jpg\" title=\"Golf Queven\" alt=\"Niebla matinal, bosque verde y lago tranquilo - paseos por Breta\u00f1a\" loading=\"lazy\" \/>\t\t\t\t\t\t\t\t\t\t\t\t\t\t\t<\/div>\n\t\t\t\t<\/div>\n\t\t\t\t<div class=\"elementor-element elementor-element-93653de elementor-widget elementor-widget-heading\" data-id=\"93653de\" data-element_type=\"widget\" data-e-type=\"widget\" data-widget_type=\"heading.default\">\n\t\t\t\t<div class=\"elementor-widget-container\">\n\t\t\t\t\t<h2 class=\"elementor-heading-title elementor-size-default\">Campo de golf<\/h2>\t\t\t\t<\/div>\n\t\t\t\t<\/div>\n\t\t\t\t<div class=\"elementor-element elementor-element-cad205c elementor-widget__width-initial elementor-widget elementor-widget-text-editor\" data-id=\"cad205c\" data-element_type=\"widget\" data-e-type=\"widget\" data-widget_type=\"text-editor.default\">\n\t\t\t\t<div class=\"elementor-widget-container\">\n\t\t\t\t\t\t\t\t\t<p>El magn\u00edfico campo de golf Bluegreen Val Qu\u00e9ven est\u00e1 a s\u00f3lo 20 minutos en coche de la finca. Este maravilloso campo de 18 hoyos ofrece amplias calles y grandes greens para todos los amantes del golf.<\/p>\t\t\t\t\t\t\t\t<\/div>\n\t\t\t\t<\/div>\n\t\t\t\t<\/article>\n\t\t<article class=\"elementor-element elementor-element-60d9c99 e-con-full col-maillage e-flex e-con e-child\" data-id=\"60d9c99\" data-element_type=\"container\" data-e-type=\"container\">\n\t\t\t\t<div class=\"elementor-element elementor-element-f77ecde elementor-widget elementor-widget-image\" data-id=\"f77ecde\" data-element_type=\"widget\" data-e-type=\"widget\" data-widget_type=\"image.default\">\n\t\t\t\t<div class=\"elementor-widget-container\">\n\t\t\t\t\t\t\t\t\t\t\t\t\t\t\t<img decoding=\"async\" src=\"https:\/\/www.domaine-locguenole.com\/wp-content\/uploads\/elementor\/thumbs\/blavet_bateau_parc_domaine_locguenole_balade_morbihan_bretagne_nature-qrtwwoplhgnhowyhp48s6dg29xnqfl8qotuiobkgz4.jpg\" title=\"blavet_bateau_parc_domaine_locguenole_balade_morbihan_bretagne_nature\" alt=\"Un paseo por los alrededores del r\u00edo Blavet o por los terrenos del Domaine de Locgu\u00e9nol\u00e9, en Breta\u00f1a, en plena naturaleza.\" loading=\"lazy\" \/>\t\t\t\t\t\t\t\t\t\t\t\t\t\t\t<\/div>\n\t\t\t\t<\/div>\n\t\t\t\t<div class=\"elementor-element elementor-element-e4b76ce elementor-widget elementor-widget-heading\" data-id=\"e4b76ce\" data-element_type=\"widget\" data-e-type=\"widget\" data-widget_type=\"heading.default\">\n\t\t\t\t<div class=\"elementor-widget-container\">\n\t\t\t\t\t<h2 class=\"elementor-heading-title elementor-size-default\">Carreteras privadas<\/h2>\t\t\t\t<\/div>\n\t\t\t\t<\/div>\n\t\t\t\t<div class=\"elementor-element elementor-element-44d5eea elementor-widget__width-initial elementor-widget elementor-widget-text-editor\" data-id=\"44d5eea\" data-element_type=\"widget\" data-e-type=\"widget\" data-widget_type=\"text-editor.default\">\n\t\t\t\t<div class=\"elementor-widget-container\">\n\t\t\t\t\t\t\t\t\t<p>Por los jardines y bosques de la finca se han trazado rutas para hacer footing o dar los m\u00e1s bellos paseos por Breta\u00f1a. Le permitir\u00e1n mantenerse en forma o simplemente disfrutar durante su estancia.<\/p>\t\t\t\t\t\t\t\t<\/div>\n\t\t\t\t<\/div>\n\t\t\t\t<\/article>\n\t\t<article class=\"elementor-element elementor-element-055230b e-con-full col-maillage e-flex e-con e-child\" data-id=\"055230b\" data-element_type=\"container\" data-e-type=\"container\">\n\t\t\t\t<div class=\"elementor-element elementor-element-ad4640c elementor-widget elementor-widget-image\" data-id=\"ad4640c\" data-element_type=\"widget\" data-e-type=\"widget\" data-widget_type=\"image.default\">\n\t\t\t\t<div class=\"elementor-widget-container\">\n\t\t\t\t\t\t\t\t\t\t\t\t\t\t\t<img decoding=\"async\" src=\"https:\/\/www.domaine-locguenole.com\/wp-content\/uploads\/elementor\/thumbs\/parcours_sportif_domaine_locguenole_parc_foret_bretagne_hotel_morbihan_Christophe_Le_Potier-qrtvq8c0suj9aymjlrlek34kdewwrqp6up30ceim0g.jpg\" title=\"parcours_sportif_domaine_locguenole_parc_foret_bretagne_hotel_morbihan_Christophe_Le_Potier\" alt=\"El sendero deportivo del Domaine de Locgu\u00e9nol\u00e9 en Breta\u00f1a\" loading=\"lazy\" \/>\t\t\t\t\t\t\t\t\t\t\t\t\t\t\t<\/div>\n\t\t\t\t<\/div>\n\t\t\t\t<div class=\"elementor-element elementor-element-2ee88d0 elementor-widget elementor-widget-heading\" data-id=\"2ee88d0\" data-element_type=\"widget\" data-e-type=\"widget\" data-widget_type=\"heading.default\">\n\t\t\t\t<div class=\"elementor-widget-container\">\n\t\t\t\t\t<h2 class=\"elementor-heading-title elementor-size-default\">Sendero deportivo<\/h2>\t\t\t\t<\/div>\n\t\t\t\t<\/div>\n\t\t\t\t<div class=\"elementor-element elementor-element-583ae3b elementor-widget__width-initial elementor-widget elementor-widget-text-editor\" data-id=\"583ae3b\" data-element_type=\"widget\" data-e-type=\"widget\" data-widget_type=\"text-editor.default\">\n\t\t\t\t<div class=\"elementor-widget-container\">\n\t\t\t\t\t\t\t\t\t<p>Nuestro sendero deportivo es un bucle que ofrece 14 equipos deportivos adicionales para ayudarle a mantenerse en forma durante su estancia en nuestra casa. Es ideal para entrenamientos deportivos o para un paseo din\u00e1mico de entre 45 minutos y 1 hora de duraci\u00f3n.<\/p>\t\t\t\t\t\t\t\t<\/div>\n\t\t\t\t<\/div>\n\t\t\t\t<\/article>\n\t\t\t\t\t<\/div>\n\t\t\t\t<\/section>\n\t\t<section class=\"elementor-element elementor-element-2c3a672 e-flex e-con-boxed e-con e-parent\" data-id=\"2c3a672\" data-element_type=\"container\" data-e-type=\"container\" id=\"section-col-maillage\">\n\t\t\t\t\t<div class=\"e-con-inner\">\n\t\t<article class=\"elementor-element elementor-element-b5f32f9 e-con-full col-maillage e-flex e-con e-child\" data-id=\"b5f32f9\" data-element_type=\"container\" data-e-type=\"container\">\n\t\t\t\t<div class=\"elementor-element elementor-element-6ed339e elementor-widget elementor-widget-image\" data-id=\"6ed339e\" data-element_type=\"widget\" data-e-type=\"widget\" data-widget_type=\"image.default\">\n\t\t\t\t<div class=\"elementor-widget-container\">\n\t\t\t\t\t\t\t\t\t\t\t\t\t\t\t<img decoding=\"async\" src=\"https:\/\/www.domaine-locguenole.com\/wp-content\/uploads\/elementor\/thumbs\/\u00a9Christophe-Le-Potier-3P9A7711-Copier-qhmqogwulr4zy059w65sool8obxf6n28x4mme1wcts.jpg\" title=\"\u00a9Christophe Le Potier-3P9A7711 (Copia)\" alt=\"Ara\u00f1a de cristal - hotel de lujo en breta\u00f1a\" loading=\"lazy\" \/>\t\t\t\t\t\t\t\t\t\t\t\t\t\t\t<\/div>\n\t\t\t\t<\/div>\n\t\t\t\t<div class=\"elementor-element elementor-element-4f5ed72 elementor-widget elementor-widget-heading\" data-id=\"4f5ed72\" data-element_type=\"widget\" data-e-type=\"widget\" data-widget_type=\"heading.default\">\n\t\t\t\t<div class=\"elementor-widget-container\">\n\t\t\t\t\t<h2 class=\"elementor-heading-title elementor-size-default\">Ofertas especiales<\/h2>\t\t\t\t<\/div>\n\t\t\t\t<\/div>\n\t\t\t\t<div class=\"elementor-element elementor-element-815f314 elementor-widget__width-initial elementor-widget elementor-widget-text-editor\" data-id=\"815f314\" data-element_type=\"widget\" data-e-type=\"widget\" data-widget_type=\"text-editor.default\">\n\t\t\t\t<div class=\"elementor-widget-container\">\n\t\t\t\t\t\t\t\t\t<p>Descubra nuestras ofertas especiales para una estancia intemporal en nuestra encantadora casa.<\/p>\t\t\t\t\t\t\t\t<\/div>\n\t\t\t\t<\/div>\n\t\t\t\t<div class=\"elementor-element elementor-element-8300169 elementor-align-center elementor-widget__width-initial btn-maillage elementor-absolute elementor-widget elementor-widget-button\" data-id=\"8300169\" data-element_type=\"widget\" data-e-type=\"widget\" data-settings=\"{&quot;_position&quot;:&quot;absolute&quot;}\" data-widget_type=\"button.default\">\n\t\t\t\t<div class=\"elementor-widget-container\">\n\t\t\t\t\t\t\t\t\t<div class=\"elementor-button-wrapper\">\n\t\t\t\t\t<a class=\"elementor-button elementor-button-link elementor-size-sm\" href=\"https:\/\/www.domaine-locguenole.com\/es\/offres-speciales\/\">\n\t\t\t\t\t\t<span class=\"elementor-button-content-wrapper\">\n\t\t\t\t\t\t\t\t\t<span class=\"elementor-button-text\">ir a la p\u00e1gina<\/span>\n\t\t\t\t\t<\/span>\n\t\t\t\t\t<\/a>\n\t\t\t\t<\/div>\n\t\t\t\t\t\t\t\t<\/div>\n\t\t\t\t<\/div>\n\t\t\t\t<\/article>\n\t\t<article class=\"elementor-element elementor-element-dffa49b e-con-full col-maillage e-flex e-con e-child\" data-id=\"dffa49b\" data-element_type=\"container\" data-e-type=\"container\">\n\t\t\t\t<div class=\"elementor-element elementor-element-5d4a1a0 elementor-widget elementor-widget-image\" data-id=\"5d4a1a0\" data-element_type=\"widget\" data-e-type=\"widget\" data-widget_type=\"image.default\">\n\t\t\t\t<div class=\"elementor-widget-container\">\n\t\t\t\t\t\t\t\t\t\t\t\t\t\t\t<img decoding=\"async\" src=\"https:\/\/www.domaine-locguenole.com\/wp-content\/uploads\/elementor\/thumbs\/\u00a9Christophe-Le-Potier-3P9A8627-Copier-qi98319f09mytsr64z59b6182dndao5a3mweufuvhs.jpg\" title=\"\u00a9Christophe Le Potier-3P9A8627 (Copia)\" alt=\"Folleto del balneario - paseos por Breta\u00f1a\" loading=\"lazy\" \/>\t\t\t\t\t\t\t\t\t\t\t\t\t\t\t<\/div>\n\t\t\t\t<\/div>\n\t\t\t\t<div class=\"elementor-element elementor-element-b4a8686 elementor-widget elementor-widget-heading\" data-id=\"b4a8686\" data-element_type=\"widget\" data-e-type=\"widget\" data-widget_type=\"heading.default\">\n\t\t\t\t<div class=\"elementor-widget-container\">\n\t\t\t\t\t<h2 class=\"elementor-heading-title elementor-size-default\">Cheques regalo<\/h2>\t\t\t\t<\/div>\n\t\t\t\t<\/div>\n\t\t\t\t<div class=\"elementor-element elementor-element-a066b69 elementor-widget__width-initial elementor-widget elementor-widget-text-editor\" data-id=\"a066b69\" data-element_type=\"widget\" data-e-type=\"widget\" data-widget_type=\"text-editor.default\">\n\t\t\t\t<div class=\"elementor-widget-container\">\n\t\t\t\t\t\t\t\t\t<p>Para complacer a un amigo o familiar, o simplemente para darse un capricho, aproveche nuestros cheques regalo.<\/p>\t\t\t\t\t\t\t\t<\/div>\n\t\t\t\t<\/div>\n\t\t\t\t<div class=\"elementor-element elementor-element-710fe4c elementor-align-center elementor-widget__width-initial btn-maillage elementor-absolute elementor-widget elementor-widget-button\" data-id=\"710fe4c\" data-element_type=\"widget\" data-e-type=\"widget\" data-settings=\"{&quot;_position&quot;:&quot;absolute&quot;}\" data-widget_type=\"button.default\">\n\t\t\t\t<div class=\"elementor-widget-container\">\n\t\t\t\t\t\t\t\t\t<div class=\"elementor-button-wrapper\">\n\t\t\t\t\t<a class=\"elementor-button elementor-button-link elementor-size-sm\" href=\"https:\/\/cadeaux.bl-hotels.com\/bien-etre\" target=\"_blank\" rel=\"nofollow noopener\">\n\t\t\t\t\t\t<span class=\"elementor-button-content-wrapper\">\n\t\t\t\t\t\t\t\t\t<span class=\"elementor-button-text\">ir a la p\u00e1gina<\/span>\n\t\t\t\t\t<\/span>\n\t\t\t\t\t<\/a>\n\t\t\t\t<\/div>\n\t\t\t\t\t\t\t\t<\/div>\n\t\t\t\t<\/div>\n\t\t\t\t<\/article>\n\t\t\t\t\t<\/div>\n\t\t\t\t<\/section>\n\t\t\t\t<\/div>","protected":false},"excerpt":{"rendered":"<p>Les activit\u00e9s Au sein de notre domaine De nombreuses activit\u00e9s sont possibles au c\u0153ur du Domaine de Locgu\u00e9nol\u00e9. Empreint de son riche h\u00e9ritage, on s\u2019imagine tour \u00e0 tour aventurier, explorateur ou navigateur. Profitez du parc arbor\u00e9 pour vivre vos plus belles balades en Bretagne, des boucles de promenade sont balis\u00e9es et permettent de d\u00e9couvrir le [&hellip;]<\/p>\n","protected":false},"author":4,"featured_media":12878,"parent":57,"menu_order":2,"comment_status":"closed","ping_status":"closed","template":"","meta":{"_acf_changed":false,"inline_featured_image":false,"footnotes":""},"class_list":["post-305","page","type-page","status-publish","has-post-thumbnail","hentry"],"acf":[],"_links":{"self":[{"href":"https:\/\/www.domaine-locguenole.com\/es\/wp-json\/wp\/v2\/pages\/305","targetHints":{"allow":["GET"]}}],"collection":[{"href":"https:\/\/www.domaine-locguenole.com\/es\/wp-json\/wp\/v2\/pages"}],"about":[{"href":"https:\/\/www.domaine-locguenole.com\/es\/wp-json\/wp\/v2\/types\/page"}],"author":[{"embeddable":true,"href":"https:\/\/www.domaine-locguenole.com\/es\/wp-json\/wp\/v2\/users\/4"}],"replies":[{"embeddable":true,"href":"https:\/\/www.domaine-locguenole.com\/es\/wp-json\/wp\/v2\/comments?post=305"}],"version-history":[{"count":220,"href":"https:\/\/www.domaine-locguenole.com\/es\/wp-json\/wp\/v2\/pages\/305\/revisions"}],"predecessor-version":[{"id":14845,"href":"https:\/\/www.domaine-locguenole.com\/es\/wp-json\/wp\/v2\/pages\/305\/revisions\/14845"}],"up":[{"embeddable":true,"href":"https:\/\/www.domaine-locguenole.com\/es\/wp-json\/wp\/v2\/pages\/57"}],"wp:featuredmedia":[{"embeddable":true,"href":"https:\/\/www.domaine-locguenole.com\/es\/wp-json\/wp\/v2\/media\/12878"}],"wp:attachment":[{"href":"https:\/\/www.domaine-locguenole.com\/es\/wp-json\/wp\/v2\/media?parent=305"}],"curies":[{"name":"wp","href":"https:\/\/api.w.org\/{rel}","templated":true}]}}