{"id":333,"date":"2023-06-10T19:40:25","date_gmt":"2023-06-10T17:40:25","guid":{"rendered":"https:\/\/www.domaine-locguenole.com\/destinations\/"},"modified":"2024-07-09T12:26:13","modified_gmt":"2024-07-09T10:26:13","slug":"destinations-places-to-visit-in-brittany","status":"publish","type":"page","link":"https:\/\/www.domaine-locguenole.com\/en\/tourisme-sejour-en-bretagne\/destinations-lieux-a-visiter-en-bretagne\/","title":{"rendered":"Destinations"},"content":{"rendered":"<div data-elementor-type=\"wp-page\" data-elementor-id=\"333\" class=\"elementor elementor-333\" data-elementor-post-type=\"page\">\n\t\t\t\t<section class=\"elementor-element elementor-element-fc7dc29 e-con-full first-screen e-flex e-con e-parent\" data-id=\"fc7dc29\" data-element_type=\"container\" data-e-type=\"container\" id=\"ecran1-hebergements\" data-settings=\"{&quot;background_background&quot;:&quot;classic&quot;}\">\n\t\t<div class=\"elementor-element elementor-element-b261056 e-con-full container-img-ecran e-flex e-con e-child\" data-id=\"b261056\" data-element_type=\"container\" data-e-type=\"container\" data-settings=\"{&quot;background_background&quot;:&quot;classic&quot;}\">\n\t\t\t\t<\/div>\n\t\t\t\t<\/section>\n\t\t<section class=\"elementor-element elementor-element-420bbb0 e-con-full e-flex e-con e-parent\" data-id=\"420bbb0\" data-element_type=\"container\" data-e-type=\"container\" data-settings=\"{&quot;background_background&quot;:&quot;classic&quot;}\">\n\t\t\t\t<div class=\"elementor-element elementor-element-e993ac3 elementor-widget elementor-widget-heading\" data-id=\"e993ac3\" data-element_type=\"widget\" data-e-type=\"widget\" data-widget_type=\"heading.default\">\n\t\t\t\t<div class=\"elementor-widget-container\">\n\t\t\t\t\t<div class=\"elementor-heading-title elementor-size-default\">Destinations<\/div>\t\t\t\t<\/div>\n\t\t\t\t<\/div>\n\t\t\t\t<div class=\"elementor-element elementor-element-1976556 elementor-widget__width-initial elementor-widget elementor-widget-heading\" data-id=\"1976556\" data-element_type=\"widget\" data-e-type=\"widget\" data-widget_type=\"heading.default\">\n\t\t\t\t<div class=\"elementor-widget-container\">\n\t\t\t\t\t<h1 class=\"elementor-heading-title elementor-size-default\">Countless places to visit in Brittany<\/h1>\t\t\t\t<\/div>\n\t\t\t\t<\/div>\n\t\t\t\t<div class=\"elementor-element elementor-element-494bab7 elementor-widget__width-initial elementor-widget elementor-widget-text-editor\" data-id=\"494bab7\" data-element_type=\"widget\" data-e-type=\"widget\" data-widget_type=\"text-editor.default\">\n\t\t\t\t<div class=\"elementor-widget-container\">\n\t\t\t\t\t\t\t\t\t<p>Destination Morbihan! Visit the whole of our beautiful region. From the banks of the Blavet, the inlet that runs alongside our magnificent estate, to its mouth in the Atlantic Ocean and Lorient. Discover all the charms of the area around our hotel, a region that never ceases to reveal itself as the day progresses, according to the light of the sun.<\/p>\t\t\t\t\t\t\t\t<\/div>\n\t\t\t\t<\/div>\n\t\t\t\t<\/section>\n\t\t<section class=\"elementor-element elementor-element-d86933a section-ecran-gabarit5 even e-flex e-con-boxed e-con e-parent\" data-id=\"d86933a\" data-element_type=\"container\" data-e-type=\"container\">\n\t\t\t\t\t<div class=\"e-con-inner\">\n\t\t<div class=\"elementor-element elementor-element-dc75b53 e-con-full e-flex e-con e-child\" data-id=\"dc75b53\" data-element_type=\"container\" data-e-type=\"container\">\n\t\t\t\t<div class=\"elementor-element elementor-element-c196a98 elementor-widget elementor-widget-image\" data-id=\"c196a98\" data-element_type=\"widget\" data-e-type=\"widget\" data-widget_type=\"image.default\">\n\t\t\t\t<div class=\"elementor-widget-container\">\n\t\t\t\t\t\t\t\t\t\t\t\t\t\t\t<img fetchpriority=\"high\" decoding=\"async\" width=\"1254\" height=\"837\" src=\"https:\/\/www.domaine-locguenole.com\/wp-content\/uploads\/2023\/07\/iStock-1196375009.jpg\" class=\"attachment-full size-full wp-image-8264\" alt=\"Wild coasts and other places to visit in Brittany\" srcset=\"https:\/\/www.domaine-locguenole.com\/wp-content\/uploads\/2023\/07\/iStock-1196375009.jpg 1254w, https:\/\/www.domaine-locguenole.com\/wp-content\/uploads\/2023\/07\/iStock-1196375009-300x200.jpg 300w, https:\/\/www.domaine-locguenole.com\/wp-content\/uploads\/2023\/07\/iStock-1196375009-1024x683.jpg 1024w, https:\/\/www.domaine-locguenole.com\/wp-content\/uploads\/2023\/07\/iStock-1196375009-768x513.jpg 768w, https:\/\/www.domaine-locguenole.com\/wp-content\/uploads\/2023\/07\/iStock-1196375009-18x12.jpg 18w\" sizes=\"(max-width: 1254px) 100vw, 1254px\" \/>\t\t\t\t\t\t\t\t\t\t\t\t\t\t\t<\/div>\n\t\t\t\t<\/div>\n\t\t\t\t<\/div>\n\t\t<div class=\"elementor-element elementor-element-8ddfbb2 e-con-full e-flex e-con e-child\" data-id=\"8ddfbb2\" data-element_type=\"container\" data-e-type=\"container\" data-settings=\"{&quot;background_background&quot;:&quot;classic&quot;}\">\n\t\t\t\t<div class=\"elementor-element elementor-element-01fb6c9 margin-0 elementor-widget__width-initial elementor-widget elementor-widget-heading\" data-id=\"01fb6c9\" data-element_type=\"widget\" data-e-type=\"widget\" data-widget_type=\"heading.default\">\n\t\t\t\t<div class=\"elementor-widget-container\">\n\t\t\t\t\t<h2 class=\"elementor-heading-title elementor-size-default\">Wild coast<\/h2>\t\t\t\t<\/div>\n\t\t\t\t<\/div>\n\t\t\t\t<div class=\"elementor-element elementor-element-c452bd9 elementor-widget__width-initial elementor-widget elementor-widget-heading\" data-id=\"c452bd9\" data-element_type=\"widget\" data-e-type=\"widget\" data-widget_type=\"heading.default\">\n\t\t\t\t<div class=\"elementor-widget-container\">\n\t\t\t\t\t<h3 class=\"elementor-heading-title elementor-size-default\">As wild as it is beautiful<\/h3>\t\t\t\t<\/div>\n\t\t\t\t<\/div>\n\t\t\t\t<div class=\"elementor-element elementor-element-3718143 elementor-widget__width-initial elementor-widget-mobile__width-initial elementor-widget elementor-widget-text-editor\" data-id=\"3718143\" data-element_type=\"widget\" data-e-type=\"widget\" data-widget_type=\"text-editor.default\">\n\t\t\t\t<div class=\"elementor-widget-container\">\n\t\t\t\t\t\t\t\t\t<p>A unique feature of the region, the beauty of the C\u00f4te Sauvage de Quiberon amazes young and old alike. For thousands of years, the rock has been sculpted by the ocean, which shapes the coastline with its assaults. The force of the ocean hitting the rock brings out the power of the elements in the foam that gushes out.<\/p>\t\t\t\t\t\t\t\t<\/div>\n\t\t\t\t<\/div>\n\t\t\t\t<div class=\"elementor-element elementor-element-c97894e elementor-align-center elementor-widget__width-initial btn-maillage left-negatif-btn elementor-widget elementor-widget-button\" data-id=\"c97894e\" data-element_type=\"widget\" data-e-type=\"widget\" data-widget_type=\"button.default\">\n\t\t\t\t<div class=\"elementor-widget-container\">\n\t\t\t\t\t\t\t\t\t<div class=\"elementor-button-wrapper\">\n\t\t\t\t\t<a class=\"elementor-button elementor-button-link elementor-size-sm\" href=\"https:\/\/www.domaine-locguenole.com\/en\/tourisme-sejour-en-bretagne\/destinations-lieux-a-visiter-en-bretagne\/cote-sauvage-bretagne\/\">\n\t\t\t\t\t\t<span class=\"elementor-button-content-wrapper\">\n\t\t\t\t\t\t\t\t\t<span class=\"elementor-button-text\">visit<\/span>\n\t\t\t\t\t<\/span>\n\t\t\t\t\t<\/a>\n\t\t\t\t<\/div>\n\t\t\t\t\t\t\t\t<\/div>\n\t\t\t\t<\/div>\n\t\t\t\t<\/div>\n\t\t\t\t\t<\/div>\n\t\t\t\t<\/section>\n\t\t<section class=\"elementor-element elementor-element-f7e1a85 section-ecran-gabarit5 odd e-flex e-con-boxed e-con e-parent\" data-id=\"f7e1a85\" data-element_type=\"container\" data-e-type=\"container\">\n\t\t\t\t\t<div class=\"e-con-inner\">\n\t\t<div class=\"elementor-element elementor-element-3c6419c e-con-full e-flex e-con e-child\" data-id=\"3c6419c\" data-element_type=\"container\" data-e-type=\"container\" data-settings=\"{&quot;background_background&quot;:&quot;classic&quot;}\">\n\t\t\t\t<div class=\"elementor-element elementor-element-46a6191 margin-0 elementor-widget__width-initial elementor-widget elementor-widget-heading\" data-id=\"46a6191\" data-element_type=\"widget\" data-e-type=\"widget\" data-widget_type=\"heading.default\">\n\t\t\t\t<div class=\"elementor-widget-container\">\n\t\t\t\t\t<h2 class=\"elementor-heading-title elementor-size-default\">Morbihan Islands<\/h2>\t\t\t\t<\/div>\n\t\t\t\t<\/div>\n\t\t\t\t<div class=\"elementor-element elementor-element-842f59f elementor-widget__width-initial elementor-widget elementor-widget-heading\" data-id=\"842f59f\" data-element_type=\"widget\" data-e-type=\"widget\" data-widget_type=\"heading.default\">\n\t\t\t\t<div class=\"elementor-widget-container\">\n\t\t\t\t\t<h3 class=\"elementor-heading-title elementor-size-default\">The land of the open sea<\/h3>\t\t\t\t<\/div>\n\t\t\t\t<\/div>\n\t\t\t\t<div class=\"elementor-element elementor-element-535a832 elementor-widget__width-initial elementor-widget-mobile__width-initial elementor-widget elementor-widget-text-editor\" data-id=\"535a832\" data-element_type=\"widget\" data-e-type=\"widget\" data-widget_type=\"text-editor.default\">\n\t\t\t\t<div class=\"elementor-widget-container\">\n\t\t\t\t\t\t\t\t\t<p>Belle-Ile, Groix or \u00cele aux Moines - these names will be familiar to you, as the scenery on these islands is so magnificent and spectacular. There's no shortage of superlatives to describe the beauty of these places which, despite their appeal, remain unspoilt.<\/p>\t\t\t\t\t\t\t\t<\/div>\n\t\t\t\t<\/div>\n\t\t\t\t<div class=\"elementor-element elementor-element-1df23ed elementor-align-center elementor-widget__width-initial btn-maillage right-negatif-btn elementor-widget elementor-widget-button\" data-id=\"1df23ed\" data-element_type=\"widget\" data-e-type=\"widget\" data-widget_type=\"button.default\">\n\t\t\t\t<div class=\"elementor-widget-container\">\n\t\t\t\t\t\t\t\t\t<div class=\"elementor-button-wrapper\">\n\t\t\t\t\t<a class=\"elementor-button elementor-button-link elementor-size-sm\" href=\"https:\/\/www.domaine-locguenole.com\/en\/tourisme-sejour-en-bretagne\/destinations-lieux-a-visiter-en-bretagne\/iles-du-morbihan\/\">\n\t\t\t\t\t\t<span class=\"elementor-button-content-wrapper\">\n\t\t\t\t\t\t\t\t\t<span class=\"elementor-button-text\">visit<\/span>\n\t\t\t\t\t<\/span>\n\t\t\t\t\t<\/a>\n\t\t\t\t<\/div>\n\t\t\t\t\t\t\t\t<\/div>\n\t\t\t\t<\/div>\n\t\t\t\t<\/div>\n\t\t<div class=\"elementor-element elementor-element-2826fbf e-con-full e-flex e-con e-child\" data-id=\"2826fbf\" data-element_type=\"container\" data-e-type=\"container\">\n\t\t\t\t<div class=\"elementor-element elementor-element-42e2287 elementor-widget elementor-widget-image\" data-id=\"42e2287\" data-element_type=\"widget\" data-e-type=\"widget\" data-widget_type=\"image.default\">\n\t\t\t\t<div class=\"elementor-widget-container\">\n\t\t\t\t\t\t\t\t\t\t\t\t\t\t\t<img decoding=\"async\" width=\"1254\" height=\"837\" src=\"https:\/\/www.domaine-locguenole.com\/wp-content\/uploads\/2023\/07\/iStock-1202021936.jpg\" class=\"attachment-full size-full wp-image-8266\" alt=\"morbihan island - one of brittany&#039;s top places to visit\" srcset=\"https:\/\/www.domaine-locguenole.com\/wp-content\/uploads\/2023\/07\/iStock-1202021936.jpg 1254w, https:\/\/www.domaine-locguenole.com\/wp-content\/uploads\/2023\/07\/iStock-1202021936-300x200.jpg 300w, https:\/\/www.domaine-locguenole.com\/wp-content\/uploads\/2023\/07\/iStock-1202021936-1024x683.jpg 1024w, https:\/\/www.domaine-locguenole.com\/wp-content\/uploads\/2023\/07\/iStock-1202021936-768x513.jpg 768w, https:\/\/www.domaine-locguenole.com\/wp-content\/uploads\/2023\/07\/iStock-1202021936-18x12.jpg 18w\" sizes=\"(max-width: 1254px) 100vw, 1254px\" \/>\t\t\t\t\t\t\t\t\t\t\t\t\t\t\t<\/div>\n\t\t\t\t<\/div>\n\t\t\t\t<\/div>\n\t\t\t\t\t<\/div>\n\t\t\t\t<\/section>\n\t\t<section class=\"elementor-element elementor-element-449a4ef e-flex e-con-boxed e-con e-parent\" data-id=\"449a4ef\" data-element_type=\"container\" data-e-type=\"container\" id=\"section-col-maillage\">\n\t\t\t\t\t<div class=\"e-con-inner\">\n\t\t<article class=\"elementor-element elementor-element-6328f2d e-con-full col-maillage e-flex e-con e-child\" data-id=\"6328f2d\" data-element_type=\"container\" data-e-type=\"container\">\n\t\t\t\t<div class=\"elementor-element elementor-element-2727420 elementor-widget elementor-widget-image\" data-id=\"2727420\" data-element_type=\"widget\" data-e-type=\"widget\" data-widget_type=\"image.default\">\n\t\t\t\t<div class=\"elementor-widget-container\">\n\t\t\t\t\t\t\t\t\t\t\t\t\t\t\t<img decoding=\"async\" src=\"https:\/\/www.domaine-locguenole.com\/wp-content\/uploads\/elementor\/thumbs\/\u00a9Christophe-le-Potier-2939-scaled-qbdul3wsnb8uov4ourbdexr5t40rgslnz89021lk34.jpg\" title=\"Christophe le Potier-2939\" alt=\"Glass roof of the ch\u00e2teau on the locgu\u00e9nol\u00e9 estate\" loading=\"lazy\" \/>\t\t\t\t\t\t\t\t\t\t\t\t\t\t\t<\/div>\n\t\t\t\t<\/div>\n\t\t\t\t<div class=\"elementor-element elementor-element-9e3d0fb elementor-widget elementor-widget-heading\" data-id=\"9e3d0fb\" data-element_type=\"widget\" data-e-type=\"widget\" data-widget_type=\"heading.default\">\n\t\t\t\t<div class=\"elementor-widget-container\">\n\t\t\t\t\t<h2 class=\"elementor-heading-title elementor-size-default\">Special offers<\/h2>\t\t\t\t<\/div>\n\t\t\t\t<\/div>\n\t\t\t\t<div class=\"elementor-element elementor-element-73ae879 elementor-widget__width-initial elementor-widget elementor-widget-text-editor\" data-id=\"73ae879\" data-element_type=\"widget\" data-e-type=\"widget\" data-widget_type=\"text-editor.default\">\n\t\t\t\t<div class=\"elementor-widget-container\">\n\t\t\t\t\t\t\t\t\t<p>Discover our special offers for a timeless stay in our charming house.<\/p>\t\t\t\t\t\t\t\t<\/div>\n\t\t\t\t<\/div>\n\t\t\t\t<div class=\"elementor-element elementor-element-9b5e18e elementor-align-center elementor-widget__width-initial btn-maillage elementor-absolute elementor-widget elementor-widget-button\" data-id=\"9b5e18e\" data-element_type=\"widget\" data-e-type=\"widget\" data-settings=\"{&quot;_position&quot;:&quot;absolute&quot;}\" data-widget_type=\"button.default\">\n\t\t\t\t<div class=\"elementor-widget-container\">\n\t\t\t\t\t\t\t\t\t<div class=\"elementor-button-wrapper\">\n\t\t\t\t\t<a class=\"elementor-button elementor-size-sm\" role=\"button\">\n\t\t\t\t\t\t<span class=\"elementor-button-content-wrapper\">\n\t\t\t\t\t\t\t\t\t<span class=\"elementor-button-text\">go to page<\/span>\n\t\t\t\t\t<\/span>\n\t\t\t\t\t<\/a>\n\t\t\t\t<\/div>\n\t\t\t\t\t\t\t\t<\/div>\n\t\t\t\t<\/div>\n\t\t\t\t<\/article>\n\t\t<article class=\"elementor-element elementor-element-768e113 e-con-full col-maillage e-flex e-con e-child\" data-id=\"768e113\" data-element_type=\"container\" data-e-type=\"container\">\n\t\t\t\t<div class=\"elementor-element elementor-element-f2b0683 elementor-widget elementor-widget-image\" data-id=\"f2b0683\" data-element_type=\"widget\" data-e-type=\"widget\" data-widget_type=\"image.default\">\n\t\t\t\t<div class=\"elementor-widget-container\">\n\t\t\t\t\t\t\t\t\t\t\t\t\t\t\t<img decoding=\"async\" src=\"https:\/\/www.domaine-locguenole.com\/wp-content\/uploads\/elementor\/thumbs\/\u00a9Christophe-Le-Potier-3P9A4109-scaled-qbdukej5isa3ze5jyycg1m5prphuoyswvqmw3kn6r4.jpg\" title=\"Christophe Le Potier-3P9A4109\" alt=\"Toits du domaine de locgu\u00e9nol\u00e9 for a stay of places to visit and other activities in Brittany\" loading=\"lazy\" \/>\t\t\t\t\t\t\t\t\t\t\t\t\t\t\t<\/div>\n\t\t\t\t<\/div>\n\t\t\t\t<div class=\"elementor-element elementor-element-26d5934 elementor-widget elementor-widget-heading\" data-id=\"26d5934\" data-element_type=\"widget\" data-e-type=\"widget\" data-widget_type=\"heading.default\">\n\t\t\t\t<div class=\"elementor-widget-container\">\n\t\t\t\t\t<h2 class=\"elementor-heading-title elementor-size-default\">Gift vouchers<\/h2>\t\t\t\t<\/div>\n\t\t\t\t<\/div>\n\t\t\t\t<div class=\"elementor-element elementor-element-f26a4c4 elementor-widget__width-initial elementor-widget elementor-widget-text-editor\" data-id=\"f26a4c4\" data-element_type=\"widget\" data-e-type=\"widget\" data-widget_type=\"text-editor.default\">\n\t\t\t\t<div class=\"elementor-widget-container\">\n\t\t\t\t\t\t\t\t\t<p>To please a friend or family member, or simply to treat yourself, take advantage of our gift vouchers.<\/p>\t\t\t\t\t\t\t\t<\/div>\n\t\t\t\t<\/div>\n\t\t\t\t<div class=\"elementor-element elementor-element-4034932 elementor-align-center elementor-widget__width-initial btn-maillage elementor-absolute elementor-widget elementor-widget-button\" data-id=\"4034932\" data-element_type=\"widget\" data-e-type=\"widget\" data-settings=\"{&quot;_position&quot;:&quot;absolute&quot;}\" data-widget_type=\"button.default\">\n\t\t\t\t<div class=\"elementor-widget-container\">\n\t\t\t\t\t\t\t\t\t<div class=\"elementor-button-wrapper\">\n\t\t\t\t\t<a class=\"elementor-button elementor-button-link elementor-size-sm\" href=\"https:\/\/chateau-locguenole.bonkdo.com\/\" target=\"_blank\" rel=\"nofollow noopener\">\n\t\t\t\t\t\t<span class=\"elementor-button-content-wrapper\">\n\t\t\t\t\t\t\t\t\t<span class=\"elementor-button-text\">go to page<\/span>\n\t\t\t\t\t<\/span>\n\t\t\t\t\t<\/a>\n\t\t\t\t<\/div>\n\t\t\t\t\t\t\t\t<\/div>\n\t\t\t\t<\/div>\n\t\t\t\t<\/article>\n\t\t\t\t\t<\/div>\n\t\t\t\t<\/section>\n\t\t\t\t<\/div>","protected":false},"excerpt":{"rendered":"<p>Destinations D\u2019innombrables lieux \u00e0 visiter en Bretagne Destination Morbihan ! Visitez l\u2019ensemble de notre belle r\u00e9gion. Des rives du Blavet, le bras de mer qui longe notre magnifique domaine jusqu\u2019\u00e0 son embouchure dans l\u2019oc\u00e9an Atlantique et Lorient. D\u00e9couvrez tous les charmes des alentours de notre h\u00f4tel, une r\u00e9gion qui n\u2019a de cesse de se r\u00e9v\u00e9ler [&hellip;]<\/p>\n","protected":false},"author":4,"featured_media":0,"parent":69,"menu_order":1,"comment_status":"closed","ping_status":"closed","template":"","meta":{"_acf_changed":false,"inline_featured_image":false,"footnotes":""},"class_list":["post-333","page","type-page","status-publish","hentry"],"acf":[],"_links":{"self":[{"href":"https:\/\/www.domaine-locguenole.com\/en\/wp-json\/wp\/v2\/pages\/333","targetHints":{"allow":["GET"]}}],"collection":[{"href":"https:\/\/www.domaine-locguenole.com\/en\/wp-json\/wp\/v2\/pages"}],"about":[{"href":"https:\/\/www.domaine-locguenole.com\/en\/wp-json\/wp\/v2\/types\/page"}],"author":[{"embeddable":true,"href":"https:\/\/www.domaine-locguenole.com\/en\/wp-json\/wp\/v2\/users\/4"}],"replies":[{"embeddable":true,"href":"https:\/\/www.domaine-locguenole.com\/en\/wp-json\/wp\/v2\/comments?post=333"}],"version-history":[{"count":56,"href":"https:\/\/www.domaine-locguenole.com\/en\/wp-json\/wp\/v2\/pages\/333\/revisions"}],"predecessor-version":[{"id":12820,"href":"https:\/\/www.domaine-locguenole.com\/en\/wp-json\/wp\/v2\/pages\/333\/revisions\/12820"}],"up":[{"embeddable":true,"href":"https:\/\/www.domaine-locguenole.com\/en\/wp-json\/wp\/v2\/pages\/69"}],"wp:attachment":[{"href":"https:\/\/www.domaine-locguenole.com\/en\/wp-json\/wp\/v2\/media?parent=333"}],"curies":[{"name":"wp","href":"https:\/\/api.w.org\/{rel}","templated":true}]}}