{"id":105,"date":"2023-06-09T18:42:00","date_gmt":"2023-06-09T16:42:00","guid":{"rendered":"https:\/\/www.domaine-locguenole.com\/offres-speciales\/"},"modified":"2024-12-28T14:59:12","modified_gmt":"2024-12-28T13:59:12","slug":"special-offers","status":"publish","type":"page","link":"https:\/\/www.domaine-locguenole.com\/en\/offres-speciales\/","title":{"rendered":"Special offers"},"content":{"rendered":"\t\t<div data-elementor-type=\"wp-page\" data-elementor-id=\"105\" class=\"elementor elementor-105\" data-elementor-post-type=\"page\">\n\t\t\t\t<section class=\"elementor-element elementor-element-67152c1 e-con-full first-screen e-flex e-con e-parent\" data-id=\"67152c1\" data-element_type=\"container\" data-e-type=\"container\" id=\"ecran1-hebergements\" data-settings=\"{&quot;background_background&quot;:&quot;classic&quot;}\">\n\t\t<div class=\"elementor-element elementor-element-54803dd e-con-full container-img-ecran e-flex e-con e-child\" data-id=\"54803dd\" data-element_type=\"container\" data-e-type=\"container\" data-settings=\"{&quot;background_background&quot;:&quot;classic&quot;}\">\n\t\t<div class=\"elementor-element elementor-element-3a6f26f e-con-full deco-ecran1 e-flex e-con e-child\" data-id=\"3a6f26f\" data-element_type=\"container\" data-e-type=\"container\" data-settings=\"{&quot;background_background&quot;:&quot;classic&quot;,&quot;position&quot;:&quot;absolute&quot;}\">\n\t\t\t\t<\/div>\n\t\t<div class=\"elementor-element elementor-element-95bc197 e-con-full e-flex e-con e-child\" data-id=\"95bc197\" data-element_type=\"container\" data-e-type=\"container\" data-settings=\"{&quot;background_background&quot;:&quot;classic&quot;,&quot;position&quot;:&quot;absolute&quot;}\">\n\t\t\t\t<\/div>\n\t\t\t\t<\/div>\n\t\t\t\t<\/section>\n\t\t<section class=\"elementor-element elementor-element-d36cfcc e-flex e-con-boxed e-con e-parent\" data-id=\"d36cfcc\" data-element_type=\"container\" data-e-type=\"container\" id=\"ecran1-hebergements\" data-settings=\"{&quot;background_background&quot;:&quot;classic&quot;}\">\n\t\t\t\t\t<div class=\"e-con-inner\">\n\t\t\t\t<div class=\"elementor-element elementor-element-19d7e9d elementor-widget elementor-widget-heading\" data-id=\"19d7e9d\" data-element_type=\"widget\" data-e-type=\"widget\" data-widget_type=\"heading.default\">\n\t\t\t\t<div class=\"elementor-widget-container\">\n\t\t\t\t\t<h1 class=\"elementor-heading-title elementor-size-default\">Offres sp\u00e9ciales<\/h1>\t\t\t\t<\/div>\n\t\t\t\t<\/div>\n\t\t\t\t<div class=\"elementor-element elementor-element-adf686b elementor-widget__width-initial elementor-widget-mobile__width-initial elementor-widget elementor-widget-text-editor\" data-id=\"adf686b\" data-element_type=\"widget\" data-e-type=\"widget\" data-widget_type=\"text-editor.default\">\n\t\t\t\t<div class=\"elementor-widget-container\">\n\t\t\t\t\t\t\t\t\t<p><audio class=\"audio-for-speech\"><\/audio><\/p><div class=\"translate-tooltip-mtz green sm-root translate hidden_translate\"><div class=\"header-wrapper\"><div class=\"header-controls\">\u00a0<\/div><\/div><\/div><p>Profitez de nos offres sp\u00e9ciales pour venir passer un instant suspendu dans le temps au sein du ch\u00e2teau de Locgu\u00e9nol\u00e9. Un moment de d\u00e9tente dans notre espace bien-\u00eatre et notre Spa Macha ou bien une offre gastronomique pour venir vous d\u00e9lecter des plats de Yann Maget \u00e0 Maison Alyette ou \u00e0 L&rsquo;Inattendu.<\/p>\t\t\t\t\t\t\t\t<\/div>\n\t\t\t\t<\/div>\n\t\t<div class=\"elementor-element elementor-element-fae8934 elementor-hidden-desktop elementor-hidden-tablet elementor-hidden-mobile elementor-hidden-laptop e-flex e-con-boxed e-con e-child\" data-id=\"fae8934\" data-element_type=\"container\" data-e-type=\"container\" id=\"container-filtre\" data-settings=\"{&quot;background_background&quot;:&quot;classic&quot;}\">\n\t\t\t\t\t<div class=\"e-con-inner\">\n\t\t\t\t<div class=\"elementor-element elementor-element-e5d8782 elementor-widget-mobile__width-auto elementor-widget elementor-widget-text-editor\" data-id=\"e5d8782\" data-element_type=\"widget\" data-e-type=\"widget\" data-widget_type=\"text-editor.default\">\n\t\t\t\t<div class=\"elementor-widget-container\">\n\t\t\t\t\t\t\t\t\t<p><audio class=\"audio-for-speech\"><\/audio><\/p><div class=\"translate-tooltip-mtz green sm-root translate hidden_translate\"><div class=\"header-wrapper\"><div class=\"header-controls\">\u00a0<\/div><\/div><\/div><div class=\"formfield-checkbox\">\u00a0cat\u00e9gorie 1<\/div>\t\t\t\t\t\t\t\t<\/div>\n\t\t\t\t<\/div>\n\t\t\t\t<div class=\"elementor-element elementor-element-39e506d elementor-widget-mobile__width-auto elementor-widget elementor-widget-text-editor\" data-id=\"39e506d\" data-element_type=\"widget\" data-e-type=\"widget\" data-widget_type=\"text-editor.default\">\n\t\t\t\t<div class=\"elementor-widget-container\">\n\t\t\t\t\t\t\t\t\t<p><audio class=\"audio-for-speech\"><\/audio><\/p><div class=\"translate-tooltip-mtz green sm-root translate hidden_translate\"><div class=\"header-wrapper\"><div class=\"header-controls\">\u00a0<\/div><\/div><\/div><div class=\"formfield-checkbox\"><input id=\"categorie-2\" checked=\"checked\" type=\"checkbox\" \/>\u00a0\u00a0cat\u00e9gorie2<\/div>\t\t\t\t\t\t\t\t<\/div>\n\t\t\t\t<\/div>\n\t\t\t\t<div class=\"elementor-element elementor-element-8e2b8b3 elementor-widget-mobile__width-auto elementor-widget elementor-widget-text-editor\" data-id=\"8e2b8b3\" data-element_type=\"widget\" data-e-type=\"widget\" data-widget_type=\"text-editor.default\">\n\t\t\t\t<div class=\"elementor-widget-container\">\n\t\t\t\t\t\t\t\t\t<p><audio class=\"audio-for-speech\"><\/audio><\/p><div class=\"translate-tooltip-mtz green sm-root translate hidden_translate\"><div class=\"header-wrapper\"><div class=\"header-controls\">\u00a0<\/div><\/div><\/div><div class=\"formfield-checkbox\"><input id=\"categorie-3\" checked=\"checked\" type=\"checkbox\" \/>\u00a0\u00a0cat\u00e9gorie 3<\/div>\t\t\t\t\t\t\t\t<\/div>\n\t\t\t\t<\/div>\n\t\t\t\t\t<\/div>\n\t\t\t\t<\/div>\n\t\t\t\t<div class=\"elementor-element elementor-element-53fec4a elementor-widget elementor-widget-spacer\" data-id=\"53fec4a\" data-element_type=\"widget\" data-e-type=\"widget\" data-widget_type=\"spacer.default\">\n\t\t\t\t<div class=\"elementor-widget-container\">\n\t\t\t\t\t\t\t<div class=\"elementor-spacer\">\n\t\t\t<div class=\"elementor-spacer-inner\"><\/div>\n\t\t<\/div>\n\t\t\t\t\t\t<\/div>\n\t\t\t\t<\/div>\n\t\t\t\t<div class=\"elementor-element elementor-element-afa431e elementor-pagination-type-bullets elementor-grid-3 elementor-grid-tablet-2 elementor-grid-mobile-1 elementor-arrows-position-inside elementor-widget elementor-widget-offers-list\" data-id=\"afa431e\" data-element_type=\"widget\" data-e-type=\"widget\" data-settings=\"{&quot;element_skin&quot;:&quot;card&quot;,&quot;row_gap&quot;:{&quot;unit&quot;:&quot;px&quot;,&quot;size&quot;:31,&quot;sizes&quot;:[]},&quot;space_between&quot;:{&quot;unit&quot;:&quot;px&quot;,&quot;size&quot;:10,&quot;sizes&quot;:[]},&quot;space_between_laptop&quot;:{&quot;unit&quot;:&quot;px&quot;,&quot;size&quot;:&quot;&quot;,&quot;sizes&quot;:[]},&quot;space_between_tablet&quot;:{&quot;unit&quot;:&quot;px&quot;,&quot;size&quot;:10,&quot;sizes&quot;:[]},&quot;space_between_mobile&quot;:{&quot;unit&quot;:&quot;px&quot;,&quot;size&quot;:10,&quot;sizes&quot;:[]},&quot;effect&quot;:&quot;slide&quot;,&quot;autoplay&quot;:&quot;no&quot;,&quot;swiper_arrows&quot;:&quot;yes&quot;,&quot;chevrons_visible&quot;:&quot;hover&quot;,&quot;cursor_grab&quot;:&quot;yes&quot;,&quot;carousel_first_only&quot;:&quot;no&quot;,&quot;infinite&quot;:&quot;yes&quot;,&quot;pagination&quot;:&quot;bullets&quot;,&quot;categories_filter&quot;:[&quot;*&quot;],&quot;item_ignore_filter&quot;:[],&quot;validity_date_format&quot;:&quot;long&quot;,&quot;cards_columns&quot;:&quot;3&quot;,&quot;cards_columns_tablet&quot;:&quot;2&quot;,&quot;cards_columns_mobile&quot;:&quot;1&quot;}\" data-widget_type=\"offers-list.default\">\n\t\t\t\t<div class=\"elementor-widget-container\">\n\t\t\t\t\t                        <div class=\"eliophot-offers eliophot-offers__wrapper eliophot-base-list elementor-grid\">\n                    <input type=\"hidden\" class=\"api_id\" value=\"\">\n                            <div\n                class=\"eliophot-offer__container eliophot-base-list__container elementor-grid-item   eliophot-offer__skin-card eliophot-offer_ID_13469 \"\n                data-category=\"\"\n                data-title = \"Offre sp\u00e9ciale &quot;Parenth\u00e8se romantique \u00e0 Locgu\u00e9nol\u00e9&quot;\"\n                data-name = \"offre-speciale-spa-lovers\"\n        >\n                    <div class=\"eliophot-carousel__slider elementor-swiper\">\n            <div class=\"eliophot-carousel-wrapper elementor-main-swiper swiper\">\n                <div class=\"elementor-image-carousel swiper-wrapper swiper-image-stretch\">\n                    <!-- Slides -->\n                    <div class=\"swiper-slide\">\n                        <div class=\"elementor-carousel-image slide-featured-image\" style=\"background-image: url('https:\/\/www.domaine-locguenole.com\/wp-content\/uploads\/2024\/07\/piscine_exterieure_bretagne_morbihan_domaine_locguenole_solarium_christophe_lepotier-scaled.jpg');\"><\/div>\n                        <link itemprop=\"image\" href=\"https:\/\/www.domaine-locguenole.com\/wp-content\/uploads\/2024\/07\/piscine_exterieure_bretagne_morbihan_domaine_locguenole_solarium_christophe_lepotier-scaled.jpg\" \/>\n                    <\/div>\n                <\/div>\n            <\/div>\n        <\/div>\n                    <div class=\"eliophot-offer__body\">\n                        <!-- TODO: if page link enabled -->\n        <p class=\"eliophot-offer__title\">\n            <span class=\"title_before\"><\/span>\n            <a  href=\"https:\/\/www.domaine-locguenole.com\/en\/offres-speciales\/offre-speciale-spa-lovers\/\">\n                            Offre sp\u00e9ciale &quot;Parenth\u00e8se romantique \u00e0 Locgu\u00e9nol\u00e9&quot;            <\/a>\n        <\/p>\n                    <div class=\"eliophot-offer__summary\">\n                <p\n                                    >\n                                    <\/p>\n            <\/div>\n                        <\/div>\n\n            \n        <div class=\"eliophot-offer__cta\" itemprop=\"offers\" itemscope itemtype=\"https:\/\/schema.org\/Offer\">\n            <div class=\"eliophot-offer__cta_container\">\n                                    <input type=\"hidden\" name=\"id_offer\" value=\"13469\"\/>\n                    <div class=\"eliophot-offer__cta_title\" itemprop=\"priceSpecification\" itemscope itemtype=\"https:\/\/schema.org\/UnitPriceSpecification\">\n                                            <\/div>\n\n                                <div class=\"eliophot-offer__cta_buttons\">\n                \n                                            <a href=\"https:\/\/www.domaine-locguenole.com\/en\/offres-speciales\/offre-speciale-spa-lovers\/\" class=\"eliophot-offer__cta_button eliophot-offer__cta_button_second elementor-button-link elementor-button elementor-size-sm \">\n                            D\u00e9couvrir                        <\/a>\n                                    <\/div>\n            <\/div>\n        <\/div>\n                            <\/div>\n                <div\n                class=\"eliophot-offer__container eliophot-base-list__container elementor-grid-item   eliophot-offer__skin-card eliophot-offer_ID_11113 \"\n                data-category=\"\"\n                data-title = \"Offre sp\u00e9ciale &quot;Escapade Spa &amp; Gourmandises&quot;\"\n                data-name = \"offre-speciale-escapade-spa-gourmandises\"\n        >\n                    <div class=\"eliophot-carousel__slider elementor-swiper\">\n            <div class=\"eliophot-carousel-wrapper elementor-main-swiper swiper\">\n                <div class=\"elementor-image-carousel swiper-wrapper swiper-image-stretch\">\n                    <!-- Slides -->\n                    <div class=\"swiper-slide\">\n                        <div class=\"elementor-carousel-image slide-featured-image\" style=\"background-image: url('https:\/\/www.domaine-locguenole.com\/wp-content\/uploads\/2026\/03\/Maison-Alyette-plat\u00a9Christophe-Le-Potier-3P9A1252-scaled.jpg');\"><\/div>\n                        <link itemprop=\"image\" href=\"https:\/\/www.domaine-locguenole.com\/wp-content\/uploads\/2026\/03\/Maison-Alyette-plat\u00a9Christophe-Le-Potier-3P9A1252-scaled.jpg\" \/>\n                    <\/div>\n                <\/div>\n            <\/div>\n        <\/div>\n                    <div class=\"eliophot-offer__body\">\n                        <!-- TODO: if page link enabled -->\n        <p class=\"eliophot-offer__title\">\n            <span class=\"title_before\"><\/span>\n            <a  href=\"https:\/\/www.domaine-locguenole.com\/en\/offres-speciales\/offre-speciale-escapade-spa-gourmandises\/\">\n                            Offre sp\u00e9ciale &quot;Escapade Spa &amp; Gourmandises&quot;            <\/a>\n        <\/p>\n                    <div class=\"eliophot-offer__summary\">\n                <p\n                                    >\n                                    <\/p>\n            <\/div>\n                        <\/div>\n\n            \n        <div class=\"eliophot-offer__cta\" itemprop=\"offers\" itemscope itemtype=\"https:\/\/schema.org\/Offer\">\n            <div class=\"eliophot-offer__cta_container\">\n                                    <input type=\"hidden\" name=\"id_offer\" value=\"11113\"\/>\n                    <div class=\"eliophot-offer__cta_title\" itemprop=\"priceSpecification\" itemscope itemtype=\"https:\/\/schema.org\/UnitPriceSpecification\">\n                                            <\/div>\n\n                                <div class=\"eliophot-offer__cta_buttons\">\n                \n                                            <a href=\"https:\/\/www.domaine-locguenole.com\/en\/offres-speciales\/offre-speciale-escapade-spa-gourmandises\/\" class=\"eliophot-offer__cta_button eliophot-offer__cta_button_second elementor-button-link elementor-button elementor-size-sm \">\n                            D\u00e9couvrir                        <\/a>\n                                    <\/div>\n            <\/div>\n        <\/div>\n                            <\/div>\n                        <\/div>\n\n                \t\t\t\t<\/div>\n\t\t\t\t<\/div>\n\t\t\t\t\t<\/div>\n\t\t\t\t<\/section>\n\t\t<div class=\"elementor-element elementor-element-ae4c19f e-flex e-con-boxed e-con e-parent\" data-id=\"ae4c19f\" data-element_type=\"container\" data-e-type=\"container\">\n\t\t\t\t\t<div class=\"e-con-inner\">\n\t\t\t\t\t<\/div>\n\t\t\t\t<\/div>\n\t\t<div class=\"elementor-element elementor-element-3613964 e-flex e-con-boxed e-con e-parent\" data-id=\"3613964\" data-element_type=\"container\" data-e-type=\"container\">\n\t\t\t\t\t<div class=\"e-con-inner\">\n\t\t\t\t\t<\/div>\n\t\t\t\t<\/div>\n\t\t\t\t<\/div>\n\t\t","protected":false},"excerpt":{"rendered":"<p>Offres sp\u00e9ciales \u00a0 Profitez de nos offres sp\u00e9ciales pour venir passer un instant suspendu dans le temps au sein du ch\u00e2teau de Locgu\u00e9nol\u00e9. Un moment de d\u00e9tente dans notre espace bien-\u00eatre et notre Spa Macha ou bien une offre gastronomique pour venir vous d\u00e9lecter des plats de Yann Maget \u00e0 Maison Alyette ou \u00e0 L&rsquo;Inattendu. [&hellip;]<\/p>\n","protected":false},"author":4,"featured_media":0,"parent":0,"menu_order":12,"comment_status":"closed","ping_status":"closed","template":"","meta":{"_acf_changed":false,"inline_featured_image":false,"footnotes":""},"class_list":["post-105","page","type-page","status-publish","hentry"],"acf":[],"_links":{"self":[{"href":"https:\/\/www.domaine-locguenole.com\/en\/wp-json\/wp\/v2\/pages\/105","targetHints":{"allow":["GET"]}}],"collection":[{"href":"https:\/\/www.domaine-locguenole.com\/en\/wp-json\/wp\/v2\/pages"}],"about":[{"href":"https:\/\/www.domaine-locguenole.com\/en\/wp-json\/wp\/v2\/types\/page"}],"author":[{"embeddable":true,"href":"https:\/\/www.domaine-locguenole.com\/en\/wp-json\/wp\/v2\/users\/4"}],"replies":[{"embeddable":true,"href":"https:\/\/www.domaine-locguenole.com\/en\/wp-json\/wp\/v2\/comments?post=105"}],"version-history":[{"count":176,"href":"https:\/\/www.domaine-locguenole.com\/en\/wp-json\/wp\/v2\/pages\/105\/revisions"}],"predecessor-version":[{"id":13420,"href":"https:\/\/www.domaine-locguenole.com\/en\/wp-json\/wp\/v2\/pages\/105\/revisions\/13420"}],"wp:attachment":[{"href":"https:\/\/www.domaine-locguenole.com\/en\/wp-json\/wp\/v2\/media?parent=105"}],"curies":[{"name":"wp","href":"https:\/\/api.w.org\/{rel}","templated":true}]}}