{"id":69,"date":"2023-06-09T18:15:43","date_gmt":"2023-06-09T16:15:43","guid":{"rendered":"https:\/\/www.domaine-locguenole.com\/tourisme\/"},"modified":"2026-04-16T10:31:44","modified_gmt":"2026-04-16T08:31:44","slug":"tourismus-aufenthalt-in-der-bretagne","status":"publish","type":"page","link":"https:\/\/www.domaine-locguenole.com\/de\/tourisme-sejour-en-bretagne\/","title":{"rendered":"Tourismus"},"content":{"rendered":"<div data-elementor-type=\"wp-page\" data-elementor-id=\"69\" class=\"elementor elementor-69\" data-elementor-post-type=\"page\">\n\t\t\t\t<section class=\"elementor-element elementor-element-104838d e-con-full first-screen e-flex e-con e-parent\" data-id=\"104838d\" data-element_type=\"container\" data-e-type=\"container\" id=\"ecran1-hebergements\" data-settings=\"{&quot;background_background&quot;:&quot;classic&quot;}\">\n\t\t<div class=\"elementor-element elementor-element-0de5955 e-con-full container-img-ecran e-flex e-con e-child\" data-id=\"0de5955\" data-element_type=\"container\" data-e-type=\"container\" data-settings=\"{&quot;background_background&quot;:&quot;classic&quot;}\">\n\t\t\t\t<\/div>\n\t\t\t\t<\/section>\n\t\t<section class=\"elementor-element elementor-element-4d0ede4 e-con-full e-flex e-con e-parent\" data-id=\"4d0ede4\" data-element_type=\"container\" data-e-type=\"container\" data-settings=\"{&quot;background_background&quot;:&quot;classic&quot;}\">\n\t\t\t\t<div class=\"elementor-element elementor-element-25c4556 elementor-widget elementor-widget-heading\" data-id=\"25c4556\" data-element_type=\"widget\" data-e-type=\"widget\" data-widget_type=\"heading.default\">\n\t\t\t\t<div class=\"elementor-widget-container\">\n\t\t\t\t\t<div class=\"elementor-heading-title elementor-size-default\">Tourismus<\/div>\t\t\t\t<\/div>\n\t\t\t\t<\/div>\n\t\t\t\t<div class=\"elementor-element elementor-element-2163d89 elementor-widget__width-initial elementor-widget elementor-widget-heading\" data-id=\"2163d89\" data-element_type=\"widget\" data-e-type=\"widget\" data-widget_type=\"heading.default\">\n\t\t\t\t<div class=\"elementor-widget-container\">\n\t\t\t\t\t<h1 class=\"elementor-heading-title elementor-size-default\">Erinnerungsw\u00fcrdiger Aufenthalt in der Bretagne<\/h1>\t\t\t\t<\/div>\n\t\t\t\t<\/div>\n\t\t\t\t<div class=\"elementor-element elementor-element-20f95c4 elementor-widget__width-initial elementor-widget elementor-widget-text-editor\" data-id=\"20f95c4\" data-element_type=\"widget\" data-e-type=\"widget\" data-widget_type=\"text-editor.default\">\n\t\t\t\t<div class=\"elementor-widget-container\">\n\t\t\t\t\t\t\t\t\t<p>Kommen zum <a href=\"https:\/\/www.domaine-locguenole.com\/de\/\">Dom\u00e4ne Locgu\u00e9nol\u00e9<\/a> ist schon eine Reise an sich, aber auch der Besuch der verborgenen Sch\u00e4tze in der Umgebung lohnt sich. Morbihan, Lorient, die Insel Groix, die Halbinsel Quiberon und die Ufer des Blavet - all diese Geheimnisse verdienen Ihre volle Aufmerksamkeit bei einem Aufenthalt in der Bretagne. Unsere sch\u00f6ne Region l\u00e4dt Sie zu einem magischen Ausflug ein, bei dem jeder Aussichtspunkt \u00fcberraschender und entfremdender ist als der vorherige.<\/p>\t\t\t\t\t\t\t\t<\/div>\n\t\t\t\t<\/div>\n\t\t\t\t<\/section>\n\t\t<section class=\"elementor-element elementor-element-604de4e e-con-full section-scroll-effect section-tourisme-niv1 e-flex e-con e-parent\" data-id=\"604de4e\" data-element_type=\"container\" data-e-type=\"container\" data-settings=\"{&quot;background_background&quot;:&quot;classic&quot;}\">\n\t\t\t\t<div class=\"elementor-element elementor-element-daa1d49 fond-image-chateau-hebergements elementor-hidden-desktop elementor-hidden-tablet elementor-hidden-laptop elementor-widget elementor-widget-image\" data-id=\"daa1d49\" data-element_type=\"widget\" data-e-type=\"widget\" data-widget_type=\"image.default\">\n\t\t\t\t<div class=\"elementor-widget-container\">\n\t\t\t\t\t\t\t\t\t\t\t\t\t\t\t<img fetchpriority=\"high\" decoding=\"async\" width=\"1254\" height=\"836\" src=\"https:\/\/www.domaine-locguenole.com\/wp-content\/uploads\/2023\/07\/iStock-1333891114.jpg\" class=\"attachment-full size-full wp-image-8263\" alt=\"Strand in Morbihan f\u00fcr einen sch\u00f6nen Aufenthalt in der Bretagne\" srcset=\"https:\/\/www.domaine-locguenole.com\/wp-content\/uploads\/2023\/07\/iStock-1333891114.jpg 1254w, https:\/\/www.domaine-locguenole.com\/wp-content\/uploads\/2023\/07\/iStock-1333891114-300x200.jpg 300w, https:\/\/www.domaine-locguenole.com\/wp-content\/uploads\/2023\/07\/iStock-1333891114-1024x683.jpg 1024w, https:\/\/www.domaine-locguenole.com\/wp-content\/uploads\/2023\/07\/iStock-1333891114-768x512.jpg 768w, https:\/\/www.domaine-locguenole.com\/wp-content\/uploads\/2023\/07\/iStock-1333891114-18x12.jpg 18w\" sizes=\"(max-width: 1254px) 100vw, 1254px\" \/>\t\t\t\t\t\t\t\t\t\t\t\t\t\t\t<\/div>\n\t\t\t\t<\/div>\n\t\t<div class=\"elementor-element elementor-element-5e2cc5c e-con-full content-text e-flex e-con e-child\" data-id=\"5e2cc5c\" data-element_type=\"container\" data-e-type=\"container\" data-settings=\"{&quot;background_background&quot;:&quot;classic&quot;}\">\n\t\t\t\t<div class=\"elementor-element elementor-element-b82b8a7 elementor-widget-mobile__width-initial elementor-widget elementor-widget-heading\" data-id=\"b82b8a7\" data-element_type=\"widget\" data-e-type=\"widget\" data-widget_type=\"heading.default\">\n\t\t\t\t<div class=\"elementor-widget-container\">\n\t\t\t\t\t<h2 class=\"elementor-heading-title elementor-size-default\">Aktivit\u00e4ten<\/h2>\t\t\t\t<\/div>\n\t\t\t\t<\/div>\n\t\t\t\t<div class=\"elementor-element elementor-element-65b19b0 elementor-widget__width-initial elementor-widget elementor-widget-heading\" data-id=\"65b19b0\" data-element_type=\"widget\" data-e-type=\"widget\" data-widget_type=\"heading.default\">\n\t\t\t\t<div class=\"elementor-widget-container\">\n\t\t\t\t\t<h3 class=\"elementor-heading-title elementor-size-default\">Kultur von gestern und heute<\/h3>\t\t\t\t<\/div>\n\t\t\t\t<\/div>\n\t\t\t\t<div class=\"elementor-element elementor-element-82f158b elementor-widget__width-initial elementor-widget elementor-widget-text-editor\" data-id=\"82f158b\" data-element_type=\"widget\" data-e-type=\"widget\" data-widget_type=\"text-editor.default\">\n\t\t\t\t<div class=\"elementor-widget-container\">\n\t\t\t\t\t\t\t\t\t<p>Rund um das Schloss Locgu\u00e9nol\u00e9 gibt es zahlreiche Aktivit\u00e4ten, die Sie unternehmen k\u00f6nnen. Ob kulturell oder sportlich, diese Aktivit\u00e4ten erm\u00f6glichen es Ihnen, die Region auf andere Weise zu entdecken. Eine gute M\u00f6glichkeit, die bretonische Kultur zu entdecken, sei es die alte mit Museen oder die zeitgen\u00f6ssische mit Traditionen, die weiterleben.<\/p>\t\t\t\t\t\t\t\t<\/div>\n\t\t\t\t<\/div>\n\t\t\t\t<div class=\"elementor-element elementor-element-641d540 elementor-align-center elementor-widget__width-initial btn-maillage elementor-widget elementor-widget-button\" data-id=\"641d540\" data-element_type=\"widget\" data-e-type=\"widget\" data-widget_type=\"button.default\">\n\t\t\t\t<div class=\"elementor-widget-container\">\n\t\t\t\t\t\t\t\t\t<div class=\"elementor-button-wrapper\">\n\t\t\t\t\t<a class=\"elementor-button elementor-button-link elementor-size-sm\" href=\"https:\/\/www.domaine-locguenole.com\/de\/tourisme-sejour-en-bretagne\/activites-que-faire-dans-le-morbihan\/\">\n\t\t\t\t\t\t<span class=\"elementor-button-content-wrapper\">\n\t\t\t\t\t\t\t\t\t<span class=\"elementor-button-text\">entdecken<\/span>\n\t\t\t\t\t<\/span>\n\t\t\t\t\t<\/a>\n\t\t\t\t<\/div>\n\t\t\t\t\t\t\t\t<\/div>\n\t\t\t\t<\/div>\n\t\t\t\t<\/div>\n\t\t\t\t<\/section>\n\t\t<section class=\"elementor-element elementor-element-4002d01 e-con-full section-scroll-effect section-tourisme-niv1 e-flex e-con e-parent\" data-id=\"4002d01\" data-element_type=\"container\" data-e-type=\"container\" data-settings=\"{&quot;background_background&quot;:&quot;classic&quot;}\">\n\t\t\t\t<div class=\"elementor-element elementor-element-b2420a2 fond-image-chateau-hebergements elementor-hidden-desktop elementor-hidden-tablet elementor-hidden-laptop elementor-widget elementor-widget-image\" data-id=\"b2420a2\" data-element_type=\"widget\" data-e-type=\"widget\" data-widget_type=\"image.default\">\n\t\t\t\t<div class=\"elementor-widget-container\">\n\t\t\t\t\t\t\t\t\t\t\t\t\t\t\t<img decoding=\"async\" width=\"1249\" height=\"839\" src=\"https:\/\/www.domaine-locguenole.com\/wp-content\/uploads\/2023\/07\/iStock-882471376.jpg\" class=\"attachment-full size-full wp-image-8265\" alt=\"Traditionelles Dorf im Morbihan f\u00fcr einen Aufenthalt in der Bretagne\" srcset=\"https:\/\/www.domaine-locguenole.com\/wp-content\/uploads\/2023\/07\/iStock-882471376.jpg 1249w, https:\/\/www.domaine-locguenole.com\/wp-content\/uploads\/2023\/07\/iStock-882471376-300x202.jpg 300w, https:\/\/www.domaine-locguenole.com\/wp-content\/uploads\/2023\/07\/iStock-882471376-1024x688.jpg 1024w, https:\/\/www.domaine-locguenole.com\/wp-content\/uploads\/2023\/07\/iStock-882471376-768x516.jpg 768w, https:\/\/www.domaine-locguenole.com\/wp-content\/uploads\/2023\/07\/iStock-882471376-18x12.jpg 18w\" sizes=\"(max-width: 1249px) 100vw, 1249px\" \/>\t\t\t\t\t\t\t\t\t\t\t\t\t\t\t<\/div>\n\t\t\t\t<\/div>\n\t\t<div class=\"elementor-element elementor-element-06ab59e e-con-full content-text e-flex e-con e-child\" data-id=\"06ab59e\" data-element_type=\"container\" data-e-type=\"container\" data-settings=\"{&quot;background_background&quot;:&quot;classic&quot;}\">\n\t\t\t\t<div class=\"elementor-element elementor-element-90fc824 elementor-widget-mobile__width-initial elementor-widget elementor-widget-heading\" data-id=\"90fc824\" data-element_type=\"widget\" data-e-type=\"widget\" data-widget_type=\"heading.default\">\n\t\t\t\t<div class=\"elementor-widget-container\">\n\t\t\t\t\t<h2 class=\"elementor-heading-title elementor-size-default\">Reiseziele<\/h2>\t\t\t\t<\/div>\n\t\t\t\t<\/div>\n\t\t\t\t<div class=\"elementor-element elementor-element-b5361a4 elementor-widget__width-initial elementor-widget elementor-widget-heading\" data-id=\"b5361a4\" data-element_type=\"widget\" data-e-type=\"widget\" data-widget_type=\"heading.default\">\n\t\t\t\t<div class=\"elementor-widget-container\">\n\t\t\t\t\t<h3 class=\"elementor-heading-title elementor-size-default\">Wundersch\u00f6ne Panoramen<\/h3>\t\t\t\t<\/div>\n\t\t\t\t<\/div>\n\t\t\t\t<div class=\"elementor-element elementor-element-b740392 elementor-widget__width-initial elementor-widget elementor-widget-text-editor\" data-id=\"b740392\" data-element_type=\"widget\" data-e-type=\"widget\" data-widget_type=\"text-editor.default\">\n\t\t\t\t<div class=\"elementor-widget-container\">\n\t\t\t\t\t\t\t\t\t<p>Bei Ihrem Aufenthalt in der Bretagne wird es nicht an Sightseeing fehlen. Kleine D\u00f6rfer, die es zu entdecken gilt, die Weite des Ozeans, gr\u00fcne T\u00e4ler, soweit das Auge reicht, eine wundersch\u00f6ne Granitk\u00fcste - die Bretagne bietet unz\u00e4hlige Panoramen, die Sie \u00fcberraschen und verbl\u00fcffen werden.<\/p>\t\t\t\t\t\t\t\t<\/div>\n\t\t\t\t<\/div>\n\t\t\t\t<div class=\"elementor-element elementor-element-bae462a elementor-align-center elementor-widget__width-initial btn-maillage elementor-widget elementor-widget-button\" data-id=\"bae462a\" data-element_type=\"widget\" data-e-type=\"widget\" data-widget_type=\"button.default\">\n\t\t\t\t<div class=\"elementor-widget-container\">\n\t\t\t\t\t\t\t\t\t<div class=\"elementor-button-wrapper\">\n\t\t\t\t\t<a class=\"elementor-button elementor-button-link elementor-size-sm\" href=\"https:\/\/www.domaine-locguenole.com\/de\/tourisme-sejour-en-bretagne\/destinations-lieux-a-visiter-en-bretagne\/\">\n\t\t\t\t\t\t<span class=\"elementor-button-content-wrapper\">\n\t\t\t\t\t\t\t\t\t<span class=\"elementor-button-text\">entdecken<\/span>\n\t\t\t\t\t<\/span>\n\t\t\t\t\t<\/a>\n\t\t\t\t<\/div>\n\t\t\t\t\t\t\t\t<\/div>\n\t\t\t\t<\/div>\n\t\t\t\t<\/div>\n\t\t\t\t<\/section>\n\t\t<section class=\"elementor-element elementor-element-a71cc1b e-flex e-con-boxed e-con e-parent\" data-id=\"a71cc1b\" data-element_type=\"container\" data-e-type=\"container\" data-settings=\"{&quot;background_background&quot;:&quot;classic&quot;}\">\n\t\t\t\t\t<div class=\"e-con-inner\">\n\t\t\t\t<div class=\"elementor-element elementor-element-abfeada elementor-widget elementor-widget-heading\" data-id=\"abfeada\" data-element_type=\"widget\" data-e-type=\"widget\" data-widget_type=\"heading.default\">\n\t\t\t\t<div class=\"elementor-widget-container\">\n\t\t\t\t\t<h2 class=\"elementor-heading-title elementor-size-default\">Erfahrungen<\/h2>\t\t\t\t<\/div>\n\t\t\t\t<\/div>\n\t\t\t\t<div class=\"elementor-element elementor-element-16f7363 elementor-widget__width-initial elementor-widget elementor-widget-heading\" data-id=\"16f7363\" data-element_type=\"widget\" data-e-type=\"widget\" data-widget_type=\"heading.default\">\n\t\t\t\t<div class=\"elementor-widget-container\">\n\t\t\t\t\t<h2 class=\"elementor-heading-title elementor-size-default\">Die Erfahrung Beautiful Life hotels<\/h2>\t\t\t\t<\/div>\n\t\t\t\t<\/div>\n\t\t\t\t<div class=\"elementor-element elementor-element-82753e7 elementor-widget elementor-widget-image\" data-id=\"82753e7\" data-element_type=\"widget\" data-e-type=\"widget\" data-widget_type=\"image.default\">\n\t\t\t\t<div class=\"elementor-widget-container\">\n\t\t\t\t\t\t\t\t\t\t\t\t\t\t\t<img decoding=\"async\" width=\"2560\" height=\"1708\" src=\"https:\/\/www.domaine-locguenole.com\/wp-content\/uploads\/2023\/08\/\u00a9Christophe-Le-Potier-3P9A4455-scaled.jpg\" class=\"attachment-full size-full wp-image-8683\" alt=\"Traditionelle H\u00e4user im Morbihan f\u00fcr einen Aufenthalt in der Bretagne\" srcset=\"https:\/\/www.domaine-locguenole.com\/wp-content\/uploads\/2023\/08\/\u00a9Christophe-Le-Potier-3P9A4455-scaled.jpg 2560w, https:\/\/www.domaine-locguenole.com\/wp-content\/uploads\/2023\/08\/\u00a9Christophe-Le-Potier-3P9A4455-300x200.jpg 300w, https:\/\/www.domaine-locguenole.com\/wp-content\/uploads\/2023\/08\/\u00a9Christophe-Le-Potier-3P9A4455-1024x683.jpg 1024w, https:\/\/www.domaine-locguenole.com\/wp-content\/uploads\/2023\/08\/\u00a9Christophe-Le-Potier-3P9A4455-768x512.jpg 768w, https:\/\/www.domaine-locguenole.com\/wp-content\/uploads\/2023\/08\/\u00a9Christophe-Le-Potier-3P9A4455-1536x1025.jpg 1536w, https:\/\/www.domaine-locguenole.com\/wp-content\/uploads\/2023\/08\/\u00a9Christophe-Le-Potier-3P9A4455-2048x1366.jpg 2048w, https:\/\/www.domaine-locguenole.com\/wp-content\/uploads\/2023\/08\/\u00a9Christophe-Le-Potier-3P9A4455-18x12.jpg 18w\" sizes=\"(max-width: 2560px) 100vw, 2560px\" \/>\t\t\t\t\t\t\t\t\t\t\t\t\t\t\t<\/div>\n\t\t\t\t<\/div>\n\t\t\t\t<div class=\"elementor-element elementor-element-8281c82 elementor-widget__width-initial elementor-widget elementor-widget-text-editor\" data-id=\"8281c82\" data-element_type=\"widget\" data-e-type=\"widget\" data-widget_type=\"text-editor.default\">\n\t\t\t\t<div class=\"elementor-widget-container\">\n\t\t\t\t\t\t\t\t\t<p>Die Locgu\u00e9nol\u00e9-Erfahrung muss in vollen Z\u00fcgen genossen werden, und die Reise, die wir f\u00fcr Sie nach der R\u00fcckkehr von der Route des Indes reserviert haben, endet nicht an den Toren unseres Anwesens. Zahlreiche Aktivit\u00e4ten erm\u00f6glichen es Ihnen, Ihren Aufenthalt in der Bretagne in ein wahrhaft eindringliches Erlebnis zu verwandeln.<\/p>\t\t\t\t\t\t\t\t<\/div>\n\t\t\t\t<\/div>\n\t\t\t\t\t<\/div>\n\t\t\t\t<\/section>\n\t\t<section class=\"elementor-element elementor-element-089f9ed e-flex e-con-boxed e-con e-parent\" data-id=\"089f9ed\" data-element_type=\"container\" data-e-type=\"container\" id=\"section-col-maillage\">\n\t\t\t\t\t<div class=\"e-con-inner\">\n\t\t<article class=\"elementor-element elementor-element-c104996 e-con-full col-maillage e-flex e-con e-child\" data-id=\"c104996\" data-element_type=\"container\" data-e-type=\"container\">\n\t\t\t\t<div class=\"elementor-element elementor-element-7d41556 elementor-widget elementor-widget-image\" data-id=\"7d41556\" data-element_type=\"widget\" data-e-type=\"widget\" data-widget_type=\"image.default\">\n\t\t\t\t<div class=\"elementor-widget-container\">\n\t\t\t\t\t\t\t\t\t\t\t\t\t\t\t<img decoding=\"async\" src=\"https:\/\/www.domaine-locguenole.com\/wp-content\/uploads\/elementor\/thumbs\/\u00a9Christophe-le-Potier-2939-scaled-qbdul3wsnb8uov4ourbdexr5t40rgslnz89021lk34.jpg\" title=\"Christoph der T\u00f6pfer-2939\" alt=\"Glasdach des Schlosses von domaine de locgu\u00e9nol\u00e9\" loading=\"lazy\" \/>\t\t\t\t\t\t\t\t\t\t\t\t\t\t\t<\/div>\n\t\t\t\t<\/div>\n\t\t\t\t<div class=\"elementor-element elementor-element-5757e3d elementor-widget elementor-widget-heading\" data-id=\"5757e3d\" data-element_type=\"widget\" data-e-type=\"widget\" data-widget_type=\"heading.default\">\n\t\t\t\t<div class=\"elementor-widget-container\">\n\t\t\t\t\t<h2 class=\"elementor-heading-title elementor-size-default\">Besondere Angebote<\/h2>\t\t\t\t<\/div>\n\t\t\t\t<\/div>\n\t\t\t\t<div class=\"elementor-element elementor-element-071b305 elementor-widget__width-initial elementor-widget elementor-widget-text-editor\" data-id=\"071b305\" data-element_type=\"widget\" data-e-type=\"widget\" data-widget_type=\"text-editor.default\">\n\t\t\t\t<div class=\"elementor-widget-container\">\n\t\t\t\t\t\t\t\t\t<p>Entdecken Sie unsere Sonderangebote, um einen zeitlosen Aufenthalt in unserem charmanten Haus zu verbringen.<\/p>\t\t\t\t\t\t\t\t<\/div>\n\t\t\t\t<\/div>\n\t\t\t\t<div class=\"elementor-element elementor-element-fe3f555 elementor-align-center elementor-widget__width-initial btn-maillage elementor-absolute elementor-widget elementor-widget-button\" data-id=\"fe3f555\" data-element_type=\"widget\" data-e-type=\"widget\" data-settings=\"{&quot;_position&quot;:&quot;absolute&quot;}\" data-widget_type=\"button.default\">\n\t\t\t\t<div class=\"elementor-widget-container\">\n\t\t\t\t\t\t\t\t\t<div class=\"elementor-button-wrapper\">\n\t\t\t\t\t<a class=\"elementor-button elementor-size-sm\" role=\"button\">\n\t\t\t\t\t\t<span class=\"elementor-button-content-wrapper\">\n\t\t\t\t\t\t\t\t\t<span class=\"elementor-button-text\">siehe Seite<\/span>\n\t\t\t\t\t<\/span>\n\t\t\t\t\t<\/a>\n\t\t\t\t<\/div>\n\t\t\t\t\t\t\t\t<\/div>\n\t\t\t\t<\/div>\n\t\t\t\t<\/article>\n\t\t<article class=\"elementor-element elementor-element-908ca4d e-con-full col-maillage e-flex e-con e-child\" data-id=\"908ca4d\" data-element_type=\"container\" data-e-type=\"container\">\n\t\t\t\t<div class=\"elementor-element elementor-element-d3d5fd7 elementor-widget elementor-widget-image\" data-id=\"d3d5fd7\" data-element_type=\"widget\" data-e-type=\"widget\" data-widget_type=\"image.default\">\n\t\t\t\t<div class=\"elementor-widget-container\">\n\t\t\t\t\t\t\t\t\t\t\t\t\t\t\t<img decoding=\"async\" src=\"https:\/\/www.domaine-locguenole.com\/wp-content\/uploads\/elementor\/thumbs\/\u00a9Christophe-Le-Potier-3P9A4109-scaled-qbdukej5isa3ze5jyycg1m5prphuoyswvqmw3kn6r4.jpg\" title=\"Christoph Le Potier-3P9A4109\" alt=\"D\u00e4cher der Domaine de locgu\u00e9nol\u00e9 f\u00fcr einen Aufenthalt von Orten zu besuchen und andere Aktivit\u00e4ten in der Bretagne\" loading=\"lazy\" \/>\t\t\t\t\t\t\t\t\t\t\t\t\t\t\t<\/div>\n\t\t\t\t<\/div>\n\t\t\t\t<div class=\"elementor-element elementor-element-ced8cd1 elementor-widget elementor-widget-heading\" data-id=\"ced8cd1\" data-element_type=\"widget\" data-e-type=\"widget\" data-widget_type=\"heading.default\">\n\t\t\t\t<div class=\"elementor-widget-container\">\n\t\t\t\t\t<h2 class=\"elementor-heading-title elementor-size-default\">Geschenkgutscheine<\/h2>\t\t\t\t<\/div>\n\t\t\t\t<\/div>\n\t\t\t\t<div class=\"elementor-element elementor-element-6b301ce elementor-widget__width-initial elementor-widget elementor-widget-text-editor\" data-id=\"6b301ce\" data-element_type=\"widget\" data-e-type=\"widget\" data-widget_type=\"text-editor.default\">\n\t\t\t\t<div class=\"elementor-widget-container\">\n\t\t\t\t\t\t\t\t\t<p>Wenn Sie jemandem eine Freude machen wollen, der Ihnen nahesteht, oder einfach nur sich selbst, dann nutzen Sie unsere Geschenkgutscheine.<\/p>\t\t\t\t\t\t\t\t<\/div>\n\t\t\t\t<\/div>\n\t\t\t\t<div class=\"elementor-element elementor-element-506451e elementor-align-center elementor-widget__width-initial btn-maillage elementor-absolute elementor-widget elementor-widget-button\" data-id=\"506451e\" data-element_type=\"widget\" data-e-type=\"widget\" data-settings=\"{&quot;_position&quot;:&quot;absolute&quot;}\" data-widget_type=\"button.default\">\n\t\t\t\t<div class=\"elementor-widget-container\">\n\t\t\t\t\t\t\t\t\t<div class=\"elementor-button-wrapper\">\n\t\t\t\t\t<a class=\"elementor-button elementor-button-link elementor-size-sm\" href=\"https:\/\/cadeaux.bl-hotels.com\/bien-etre\" target=\"_blank\" rel=\"nofollow noopener\">\n\t\t\t\t\t\t<span class=\"elementor-button-content-wrapper\">\n\t\t\t\t\t\t\t\t\t<span class=\"elementor-button-text\">siehe Seite<\/span>\n\t\t\t\t\t<\/span>\n\t\t\t\t\t<\/a>\n\t\t\t\t<\/div>\n\t\t\t\t\t\t\t\t<\/div>\n\t\t\t\t<\/div>\n\t\t\t\t<\/article>\n\t\t\t\t\t<\/div>\n\t\t\t\t<\/section>\n\t\t\t\t<\/div>","protected":false},"excerpt":{"rendered":"<p>Tourisme M\u00e9morable s\u00e9jour en Bretagne Venir au Domaine de Locgu\u00e9nol\u00e9 est d\u00e9j\u00e0 un voyage en soi, mais la visite de tr\u00e9sors cach\u00e9s dans les alentours vaut le coup d\u2019\u0153il. Le Morbihan, Lorient, l\u2019\u00eele de Groix, la presqu\u2019\u00eele de Quiberon, les rives du Blavet, autant de secrets qui m\u00e9ritent toute votre attention lors de votre s\u00e9jour [&hellip;]<\/p>\n","protected":false},"author":4,"featured_media":0,"parent":0,"menu_order":11,"comment_status":"closed","ping_status":"closed","template":"","meta":{"_acf_changed":false,"inline_featured_image":false,"footnotes":""},"class_list":["post-69","page","type-page","status-publish","hentry"],"acf":[],"_links":{"self":[{"href":"https:\/\/www.domaine-locguenole.com\/de\/wp-json\/wp\/v2\/pages\/69","targetHints":{"allow":["GET"]}}],"collection":[{"href":"https:\/\/www.domaine-locguenole.com\/de\/wp-json\/wp\/v2\/pages"}],"about":[{"href":"https:\/\/www.domaine-locguenole.com\/de\/wp-json\/wp\/v2\/types\/page"}],"author":[{"embeddable":true,"href":"https:\/\/www.domaine-locguenole.com\/de\/wp-json\/wp\/v2\/users\/4"}],"replies":[{"embeddable":true,"href":"https:\/\/www.domaine-locguenole.com\/de\/wp-json\/wp\/v2\/comments?post=69"}],"version-history":[{"count":91,"href":"https:\/\/www.domaine-locguenole.com\/de\/wp-json\/wp\/v2\/pages\/69\/revisions"}],"predecessor-version":[{"id":14851,"href":"https:\/\/www.domaine-locguenole.com\/de\/wp-json\/wp\/v2\/pages\/69\/revisions\/14851"}],"wp:attachment":[{"href":"https:\/\/www.domaine-locguenole.com\/de\/wp-json\/wp\/v2\/media?parent=69"}],"curies":[{"name":"wp","href":"https:\/\/api.w.org\/{rel}","templated":true}]}}