{"id":6817,"date":"2023-07-01T17:34:27","date_gmt":"2023-07-01T15:34:27","guid":{"rendered":"https:\/\/www.domaine-locguenole.com\/?page_id=6817"},"modified":"2023-11-09T12:42:51","modified_gmt":"2023-11-09T11:42:51","slug":"morbihan-inseln","status":"publish","type":"page","link":"https:\/\/www.domaine-locguenole.com\/de\/tourisme-sejour-en-bretagne\/destinations-lieux-a-visiter-en-bretagne\/iles-du-morbihan\/","title":{"rendered":"Inseln im Morbihan"},"content":{"rendered":"<div data-elementor-type=\"wp-page\" data-elementor-id=\"6817\" class=\"elementor elementor-6817\" data-elementor-post-type=\"page\">\n\t\t\t\t<section class=\"elementor-element elementor-element-b02d1e6 e-con-full first-screen e-flex e-con e-parent\" data-id=\"b02d1e6\" data-element_type=\"container\" data-e-type=\"container\" id=\"ecran1-hebergements\" data-settings=\"{&quot;background_background&quot;:&quot;classic&quot;}\">\n\t\t<div class=\"elementor-element elementor-element-dfd1107 e-con-full container-img-ecran e-flex e-con e-child\" data-id=\"dfd1107\" data-element_type=\"container\" data-e-type=\"container\" data-settings=\"{&quot;background_background&quot;:&quot;classic&quot;}\">\n\t\t\t\t<\/div>\n\t\t\t\t<\/section>\n\t\t<section class=\"elementor-element elementor-element-9ce6213 e-con-full e-flex e-con e-parent\" data-id=\"9ce6213\" data-element_type=\"container\" data-e-type=\"container\" id=\"ecran1-hebergements\" data-settings=\"{&quot;background_background&quot;:&quot;classic&quot;}\">\n\t\t\t\t<div class=\"elementor-element elementor-element-e5185f8 elementor-widget elementor-widget-heading\" data-id=\"e5185f8\" data-element_type=\"widget\" data-e-type=\"widget\" data-widget_type=\"heading.default\">\n\t\t\t\t<div class=\"elementor-widget-container\">\n\t\t\t\t\t<h1 class=\"elementor-heading-title elementor-size-default\">Die Inseln des Morbihan<\/h1>\t\t\t\t<\/div>\n\t\t\t\t<\/div>\n\t\t\t\t<div class=\"elementor-element elementor-element-186464c elementor-widget__width-initial elementor-widget elementor-widget-heading\" data-id=\"186464c\" data-element_type=\"widget\" data-e-type=\"widget\" data-widget_type=\"heading.default\">\n\t\t\t\t<div class=\"elementor-widget-container\">\n\t\t\t\t\t<h2 class=\"elementor-heading-title elementor-size-default\">Das Land der offenen See<\/h2>\t\t\t\t<\/div>\n\t\t\t\t<\/div>\n\t\t\t\t<div class=\"elementor-element elementor-element-a6506eb elementor-widget__width-initial elementor-widget elementor-widget-text-editor\" data-id=\"a6506eb\" data-element_type=\"widget\" data-e-type=\"widget\" data-widget_type=\"text-editor.default\">\n\t\t\t\t<div class=\"elementor-widget-container\">\n\t\t\t\t\t\t\t\t\t<p>Das Morbihan ist ein Land der offenen See. Das Departement ist stark von seiner N\u00e4he zum Atlantik gepr\u00e4gt und besitzt zahlreiche Inseln, die zum Tr\u00e4umen anregen. Die Halbinsel Quiberon ist zwar keine echte Insel, steht den anderen Inseln des Morbihan aber in nichts nach. Ihre C\u00f4te Sauvage (wilde K\u00fcste) und ihre feinen Sandstr\u00e4nde machen sie zu einem Muss in der Region.<\/p>\t\t\t\t\t\t\t\t<\/div>\n\t\t\t\t<\/div>\n\t\t\t\t<\/section>\n\t\t<section class=\"elementor-element elementor-element-981f8df section-ecran-gabarit2 e-flex e-con-boxed e-con e-parent\" data-id=\"981f8df\" data-element_type=\"container\" data-e-type=\"container\" data-settings=\"{&quot;background_background&quot;:&quot;classic&quot;}\">\n\t\t\t\t\t<div class=\"e-con-inner\">\n\t\t<div class=\"elementor-element elementor-element-874e8a9 e-con-full e-flex e-con e-child\" data-id=\"874e8a9\" data-element_type=\"container\" data-e-type=\"container\" data-settings=\"{&quot;background_background&quot;:&quot;classic&quot;}\">\n\t\t\t\t<div class=\"elementor-element elementor-element-849ad73 elementor-widget__width-initial elementor-widget-tablet__width-inherit elementor-widget elementor-widget-heading\" data-id=\"849ad73\" data-element_type=\"widget\" data-e-type=\"widget\" data-widget_type=\"heading.default\">\n\t\t\t\t<div class=\"elementor-widget-container\">\n\t\t\t\t\t<h2 class=\"elementor-heading-title elementor-size-default\">Belle-\u00cele-en-Mer<\/h2>\t\t\t\t<\/div>\n\t\t\t\t<\/div>\n\t\t\t\t<div class=\"elementor-element elementor-element-27fa6d0 elementor-widget__width-initial elementor-widget-tablet__width-inherit elementor-widget elementor-widget-text-editor\" data-id=\"27fa6d0\" data-element_type=\"widget\" data-e-type=\"widget\" data-widget_type=\"text-editor.default\">\n\t\t\t\t<div class=\"elementor-widget-container\">\n\t\t\t\t\t\t\t\t\t<p>Die bekannteste der Inseln ist wohl Belle-\u00cele-en-Mer. Die unber\u00fchrte und allgegenw\u00e4rtige Natur, ihre Fauna und Flora hinterlassen bei der Ankunft auf der Insel einen bleibenden Eindruck. Belle-\u00cele verf\u00fcgt au\u00dferdem \u00fcber zahlreiche Denkm\u00e4ler und Museen, die Sie besuchen k\u00f6nnen, um mehr \u00fcber die Geschichte der Insel zu erfahren. Und schlie\u00dflich wird Sie auch das kristallklare Wasser \u00fcberzeugen.<\/p>\t\t\t\t\t\t\t\t<\/div>\n\t\t\t\t<\/div>\n\t\t\t\t<\/div>\n\t\t<div class=\"elementor-element elementor-element-32c7746 e-con-full e-flex e-con e-child\" data-id=\"32c7746\" data-element_type=\"container\" data-e-type=\"container\">\n\t\t\t\t<div class=\"elementor-element elementor-element-0bc0b03 elementor-widget elementor-widget-image\" data-id=\"0bc0b03\" data-element_type=\"widget\" data-e-type=\"widget\" data-widget_type=\"image.default\">\n\t\t\t\t<div class=\"elementor-widget-container\">\n\t\t\t\t\t\t\t\t\t\t\t\t\t\t\t<img fetchpriority=\"high\" decoding=\"async\" width=\"1261\" height=\"832\" src=\"https:\/\/www.domaine-locguenole.com\/wp-content\/uploads\/2023\/07\/iStock-108219438.jpg\" class=\"attachment-full size-full wp-image-8291\" alt=\"Kleiner Hafen unter einem Sonnenuntergang auf den Inseln des Morbihan\" srcset=\"https:\/\/www.domaine-locguenole.com\/wp-content\/uploads\/2023\/07\/iStock-108219438.jpg 1261w, https:\/\/www.domaine-locguenole.com\/wp-content\/uploads\/2023\/07\/iStock-108219438-300x198.jpg 300w, https:\/\/www.domaine-locguenole.com\/wp-content\/uploads\/2023\/07\/iStock-108219438-1024x676.jpg 1024w, https:\/\/www.domaine-locguenole.com\/wp-content\/uploads\/2023\/07\/iStock-108219438-768x507.jpg 768w, https:\/\/www.domaine-locguenole.com\/wp-content\/uploads\/2023\/07\/iStock-108219438-18x12.jpg 18w\" sizes=\"(max-width: 1261px) 100vw, 1261px\" \/>\t\t\t\t\t\t\t\t\t\t\t\t\t\t\t<\/div>\n\t\t\t\t<\/div>\n\t\t\t\t<\/div>\n\t\t\t\t\t<\/div>\n\t\t\t\t<\/section>\n\t\t<section class=\"elementor-element elementor-element-853f450 section-ecran-gabarit2 e-flex e-con-boxed e-con e-parent\" data-id=\"853f450\" data-element_type=\"container\" data-e-type=\"container\" data-settings=\"{&quot;background_background&quot;:&quot;classic&quot;}\">\n\t\t\t\t\t<div class=\"e-con-inner\">\n\t\t<div class=\"elementor-element elementor-element-07c0991 e-con-full e-flex e-con e-child\" data-id=\"07c0991\" data-element_type=\"container\" data-e-type=\"container\">\n\t\t\t\t<div class=\"elementor-element elementor-element-595e79b elementor-widget elementor-widget-image\" data-id=\"595e79b\" data-element_type=\"widget\" data-e-type=\"widget\" data-widget_type=\"image.default\">\n\t\t\t\t<div class=\"elementor-widget-container\">\n\t\t\t\t\t\t\t\t\t\t\t\t\t\t\t<img decoding=\"async\" width=\"1254\" height=\"837\" src=\"https:\/\/www.domaine-locguenole.com\/wp-content\/uploads\/2023\/07\/iStock-1196374991.jpg\" class=\"attachment-full size-full wp-image-8294\" alt=\"wilde k\u00fcste der inseln des morbihan\" srcset=\"https:\/\/www.domaine-locguenole.com\/wp-content\/uploads\/2023\/07\/iStock-1196374991.jpg 1254w, https:\/\/www.domaine-locguenole.com\/wp-content\/uploads\/2023\/07\/iStock-1196374991-300x200.jpg 300w, https:\/\/www.domaine-locguenole.com\/wp-content\/uploads\/2023\/07\/iStock-1196374991-1024x683.jpg 1024w, https:\/\/www.domaine-locguenole.com\/wp-content\/uploads\/2023\/07\/iStock-1196374991-768x513.jpg 768w, https:\/\/www.domaine-locguenole.com\/wp-content\/uploads\/2023\/07\/iStock-1196374991-18x12.jpg 18w\" sizes=\"(max-width: 1254px) 100vw, 1254px\" \/>\t\t\t\t\t\t\t\t\t\t\t\t\t\t\t<\/div>\n\t\t\t\t<\/div>\n\t\t\t\t<\/div>\n\t\t<div class=\"elementor-element elementor-element-4361a63 e-con-full e-flex e-con e-child\" data-id=\"4361a63\" data-element_type=\"container\" data-e-type=\"container\" data-settings=\"{&quot;background_background&quot;:&quot;classic&quot;}\">\n\t\t\t\t<div class=\"elementor-element elementor-element-83f2295 elementor-widget__width-initial elementor-widget-tablet__width-inherit elementor-widget elementor-widget-text-editor\" data-id=\"83f2295\" data-element_type=\"widget\" data-e-type=\"widget\" data-widget_type=\"text-editor.default\">\n\t\t\t\t<div class=\"elementor-widget-container\">\n\t\t\t\t\t\t\t\t\t<p>Ho\u00ebdic, die Insel Groix, Houat, die \u00cele aux Moines oder auch die \u00cele d'Arz, um nur alle zu nennen, die Inseln des Morbihan sind zweifellos sehenswert, wenn Sie einen Aufenthalt in der Domaine de Locgu\u00e9nol\u00e9 planen.<\/p>\t\t\t\t\t\t\t\t<\/div>\n\t\t\t\t<\/div>\n\t\t\t\t<\/div>\n\t\t\t\t\t<\/div>\n\t\t\t\t<\/section>\n\t\t<section class=\"elementor-element elementor-element-dc91ba8 e-flex e-con-boxed e-con e-parent\" data-id=\"dc91ba8\" data-element_type=\"container\" data-e-type=\"container\" id=\"section-col-maillage\">\n\t\t\t\t\t<div class=\"e-con-inner\">\n\t\t<article class=\"elementor-element elementor-element-1c00573 e-con-full col-maillage e-flex e-con e-child\" data-id=\"1c00573\" data-element_type=\"container\" data-e-type=\"container\">\n\t\t\t\t<div class=\"elementor-element elementor-element-81116e8 elementor-widget elementor-widget-image\" data-id=\"81116e8\" data-element_type=\"widget\" data-e-type=\"widget\" data-widget_type=\"image.default\">\n\t\t\t\t<div class=\"elementor-widget-container\">\n\t\t\t\t\t\t\t\t\t\t\t\t\t\t\t<img decoding=\"async\" width=\"2560\" height=\"1708\" src=\"https:\/\/www.domaine-locguenole.com\/wp-content\/uploads\/2023\/08\/\u00a9Christophe-le-Potier-2939-scaled.jpg\" class=\"attachment-full size-full wp-image-8684\" alt=\"Glasdach des Schlosses von domaine de locgu\u00e9nol\u00e9\" srcset=\"https:\/\/www.domaine-locguenole.com\/wp-content\/uploads\/2023\/08\/\u00a9Christophe-le-Potier-2939-scaled.jpg 2560w, https:\/\/www.domaine-locguenole.com\/wp-content\/uploads\/2023\/08\/\u00a9Christophe-le-Potier-2939-300x200.jpg 300w, https:\/\/www.domaine-locguenole.com\/wp-content\/uploads\/2023\/08\/\u00a9Christophe-le-Potier-2939-1024x683.jpg 1024w, https:\/\/www.domaine-locguenole.com\/wp-content\/uploads\/2023\/08\/\u00a9Christophe-le-Potier-2939-768x512.jpg 768w, https:\/\/www.domaine-locguenole.com\/wp-content\/uploads\/2023\/08\/\u00a9Christophe-le-Potier-2939-1536x1025.jpg 1536w, https:\/\/www.domaine-locguenole.com\/wp-content\/uploads\/2023\/08\/\u00a9Christophe-le-Potier-2939-2048x1366.jpg 2048w, https:\/\/www.domaine-locguenole.com\/wp-content\/uploads\/2023\/08\/\u00a9Christophe-le-Potier-2939-18x12.jpg 18w\" sizes=\"(max-width: 2560px) 100vw, 2560px\" \/>\t\t\t\t\t\t\t\t\t\t\t\t\t\t\t<\/div>\n\t\t\t\t<\/div>\n\t\t\t\t<div class=\"elementor-element elementor-element-2dd2676 elementor-widget elementor-widget-heading\" data-id=\"2dd2676\" data-element_type=\"widget\" data-e-type=\"widget\" data-widget_type=\"heading.default\">\n\t\t\t\t<div class=\"elementor-widget-container\">\n\t\t\t\t\t<h2 class=\"elementor-heading-title elementor-size-default\">Besondere Angebote<\/h2>\t\t\t\t<\/div>\n\t\t\t\t<\/div>\n\t\t\t\t<div class=\"elementor-element elementor-element-91d5c27 elementor-widget__width-initial elementor-widget elementor-widget-text-editor\" data-id=\"91d5c27\" data-element_type=\"widget\" data-e-type=\"widget\" data-widget_type=\"text-editor.default\">\n\t\t\t\t<div class=\"elementor-widget-container\">\n\t\t\t\t\t\t\t\t\t<p>Entdecken Sie unsere Sonderangebote, um einen zeitlosen Aufenthalt in unserem charmanten Haus zu verbringen.<\/p>\t\t\t\t\t\t\t\t<\/div>\n\t\t\t\t<\/div>\n\t\t\t\t<div class=\"elementor-element elementor-element-41b881f elementor-align-center elementor-widget__width-initial btn-maillage elementor-absolute elementor-widget elementor-widget-button\" data-id=\"41b881f\" data-element_type=\"widget\" data-e-type=\"widget\" data-settings=\"{&quot;_position&quot;:&quot;absolute&quot;}\" data-widget_type=\"button.default\">\n\t\t\t\t<div class=\"elementor-widget-container\">\n\t\t\t\t\t\t\t\t\t<div class=\"elementor-button-wrapper\">\n\t\t\t\t\t<a class=\"elementor-button elementor-size-sm\" role=\"button\">\n\t\t\t\t\t\t<span class=\"elementor-button-content-wrapper\">\n\t\t\t\t\t\t\t\t\t<span class=\"elementor-button-text\">siehe Seite<\/span>\n\t\t\t\t\t<\/span>\n\t\t\t\t\t<\/a>\n\t\t\t\t<\/div>\n\t\t\t\t\t\t\t\t<\/div>\n\t\t\t\t<\/div>\n\t\t\t\t<\/article>\n\t\t<article class=\"elementor-element elementor-element-739f354 e-con-full col-maillage e-flex e-con e-child\" data-id=\"739f354\" data-element_type=\"container\" data-e-type=\"container\">\n\t\t\t\t<div class=\"elementor-element elementor-element-d97f03d elementor-widget elementor-widget-image\" data-id=\"d97f03d\" data-element_type=\"widget\" data-e-type=\"widget\" data-widget_type=\"image.default\">\n\t\t\t\t<div class=\"elementor-widget-container\">\n\t\t\t\t\t\t\t\t\t\t\t\t\t\t\t<img loading=\"lazy\" decoding=\"async\" width=\"2560\" height=\"1708\" src=\"https:\/\/www.domaine-locguenole.com\/wp-content\/uploads\/2023\/08\/\u00a9Christophe-Le-Potier-3P9A4109-scaled.jpg\" class=\"attachment-full size-full wp-image-8676\" alt=\"D\u00e4cher der Domaine de locgu\u00e9nol\u00e9 f\u00fcr einen Aufenthalt von Orten zu besuchen und andere Aktivit\u00e4ten in der Bretagne\" srcset=\"https:\/\/www.domaine-locguenole.com\/wp-content\/uploads\/2023\/08\/\u00a9Christophe-Le-Potier-3P9A4109-scaled.jpg 2560w, https:\/\/www.domaine-locguenole.com\/wp-content\/uploads\/2023\/08\/\u00a9Christophe-Le-Potier-3P9A4109-300x200.jpg 300w, https:\/\/www.domaine-locguenole.com\/wp-content\/uploads\/2023\/08\/\u00a9Christophe-Le-Potier-3P9A4109-1024x683.jpg 1024w, https:\/\/www.domaine-locguenole.com\/wp-content\/uploads\/2023\/08\/\u00a9Christophe-Le-Potier-3P9A4109-768x512.jpg 768w, https:\/\/www.domaine-locguenole.com\/wp-content\/uploads\/2023\/08\/\u00a9Christophe-Le-Potier-3P9A4109-1536x1025.jpg 1536w, https:\/\/www.domaine-locguenole.com\/wp-content\/uploads\/2023\/08\/\u00a9Christophe-Le-Potier-3P9A4109-2048x1366.jpg 2048w, https:\/\/www.domaine-locguenole.com\/wp-content\/uploads\/2023\/08\/\u00a9Christophe-Le-Potier-3P9A4109-18x12.jpg 18w\" sizes=\"(max-width: 2560px) 100vw, 2560px\" \/>\t\t\t\t\t\t\t\t\t\t\t\t\t\t\t<\/div>\n\t\t\t\t<\/div>\n\t\t\t\t<div class=\"elementor-element elementor-element-d9d4c6e elementor-widget elementor-widget-heading\" data-id=\"d9d4c6e\" data-element_type=\"widget\" data-e-type=\"widget\" data-widget_type=\"heading.default\">\n\t\t\t\t<div class=\"elementor-widget-container\">\n\t\t\t\t\t<h2 class=\"elementor-heading-title elementor-size-default\">Geschenkgutscheine<\/h2>\t\t\t\t<\/div>\n\t\t\t\t<\/div>\n\t\t\t\t<div class=\"elementor-element elementor-element-04bf020 elementor-widget__width-initial elementor-widget elementor-widget-text-editor\" data-id=\"04bf020\" data-element_type=\"widget\" data-e-type=\"widget\" data-widget_type=\"text-editor.default\">\n\t\t\t\t<div class=\"elementor-widget-container\">\n\t\t\t\t\t\t\t\t\t<p><span style=\"font-size: 14.4px;\">Wenn Sie jemandem eine Freude machen wollen, der Ihnen nahesteht, oder einfach nur sich selbst, dann nutzen Sie unsere Geschenkgutscheine.<\/span><br><\/p>\t\t\t\t\t\t\t\t<\/div>\n\t\t\t\t<\/div>\n\t\t\t\t<div class=\"elementor-element elementor-element-b2eb3ed elementor-align-center elementor-widget__width-initial btn-maillage elementor-absolute elementor-widget elementor-widget-button\" data-id=\"b2eb3ed\" data-element_type=\"widget\" data-e-type=\"widget\" data-settings=\"{&quot;_position&quot;:&quot;absolute&quot;}\" data-widget_type=\"button.default\">\n\t\t\t\t<div class=\"elementor-widget-container\">\n\t\t\t\t\t\t\t\t\t<div class=\"elementor-button-wrapper\">\n\t\t\t\t\t<a class=\"elementor-button elementor-button-link elementor-size-sm\" href=\"https:\/\/chateau-locguenole.bonkdo.com\/\" target=\"_blank\" rel=\"nofollow noopener\">\n\t\t\t\t\t\t<span class=\"elementor-button-content-wrapper\">\n\t\t\t\t\t\t\t\t\t<span class=\"elementor-button-text\">siehe Seite<\/span>\n\t\t\t\t\t<\/span>\n\t\t\t\t\t<\/a>\n\t\t\t\t<\/div>\n\t\t\t\t\t\t\t\t<\/div>\n\t\t\t\t<\/div>\n\t\t\t\t<\/article>\n\t\t\t\t\t<\/div>\n\t\t\t\t<\/section>\n\t\t\t\t<\/div>","protected":false},"excerpt":{"rendered":"<p>Les \u00eeles du Morbihan La terre du large Le Morbihan est une terre du large. Tr\u00e8s marqu\u00e9 par sa proximit\u00e9 avec l\u2019oc\u00e9an Atlantique, ce d\u00e9partement poss\u00e8de de nombreuses \u00eeles qui font r\u00eaver. La Presqu\u2019\u00eele de Quiberon, si elle n\u2019est pas une v\u00e9ritable \u00eele, n\u2019a rien \u00e0 envier aux autres \u00eeles du Morbihan. Sa C\u00f4te Sauvage [&hellip;]<\/p>\n","protected":false},"author":4,"featured_media":0,"parent":333,"menu_order":1,"comment_status":"closed","ping_status":"closed","template":"","meta":{"_acf_changed":false,"inline_featured_image":false,"footnotes":""},"class_list":["post-6817","page","type-page","status-publish","hentry"],"acf":[],"_links":{"self":[{"href":"https:\/\/www.domaine-locguenole.com\/de\/wp-json\/wp\/v2\/pages\/6817","targetHints":{"allow":["GET"]}}],"collection":[{"href":"https:\/\/www.domaine-locguenole.com\/de\/wp-json\/wp\/v2\/pages"}],"about":[{"href":"https:\/\/www.domaine-locguenole.com\/de\/wp-json\/wp\/v2\/types\/page"}],"author":[{"embeddable":true,"href":"https:\/\/www.domaine-locguenole.com\/de\/wp-json\/wp\/v2\/users\/4"}],"replies":[{"embeddable":true,"href":"https:\/\/www.domaine-locguenole.com\/de\/wp-json\/wp\/v2\/comments?post=6817"}],"version-history":[{"count":47,"href":"https:\/\/www.domaine-locguenole.com\/de\/wp-json\/wp\/v2\/pages\/6817\/revisions"}],"predecessor-version":[{"id":10624,"href":"https:\/\/www.domaine-locguenole.com\/de\/wp-json\/wp\/v2\/pages\/6817\/revisions\/10624"}],"up":[{"embeddable":true,"href":"https:\/\/www.domaine-locguenole.com\/de\/wp-json\/wp\/v2\/pages\/333"}],"wp:attachment":[{"href":"https:\/\/www.domaine-locguenole.com\/de\/wp-json\/wp\/v2\/media?parent=6817"}],"curies":[{"name":"wp","href":"https:\/\/api.w.org\/{rel}","templated":true}]}}