{"id":6813,"date":"2023-07-01T17:33:38","date_gmt":"2023-07-01T15:33:38","guid":{"rendered":"https:\/\/www.domaine-locguenole.com\/?page_id=6813"},"modified":"2024-07-09T12:37:26","modified_gmt":"2024-07-09T10:37:26","slug":"museum-von-pont-avent","status":"publish","type":"page","link":"https:\/\/www.domaine-locguenole.com\/de\/tourisme-sejour-en-bretagne\/activites-que-faire-dans-le-morbihan\/musee-de-pont-avent\/","title":{"rendered":"Das Pont-Avent-Museum"},"content":{"rendered":"<div data-elementor-type=\"wp-page\" data-elementor-id=\"6813\" class=\"elementor elementor-6813\" data-elementor-post-type=\"page\">\n\t\t\t\t<section class=\"elementor-element elementor-element-beedcd4 e-con-full first-screen e-flex e-con e-parent\" data-id=\"beedcd4\" data-element_type=\"container\" data-e-type=\"container\" id=\"ecran1-hebergements\" data-settings=\"{&quot;background_background&quot;:&quot;classic&quot;}\">\n\t\t<div class=\"elementor-element elementor-element-5cd7f4b e-con-full container-img-ecran e-flex e-con e-child\" data-id=\"5cd7f4b\" data-element_type=\"container\" data-e-type=\"container\" data-settings=\"{&quot;background_background&quot;:&quot;classic&quot;}\">\n\t\t\t\t<\/div>\n\t\t\t\t<\/section>\n\t\t<section class=\"elementor-element elementor-element-8c01d42 e-con-full e-flex e-con e-parent\" data-id=\"8c01d42\" data-element_type=\"container\" data-e-type=\"container\" data-settings=\"{&quot;background_background&quot;:&quot;classic&quot;}\">\n\t\t\t\t<div class=\"elementor-element elementor-element-b2e0db8 elementor-widget elementor-widget-heading\" data-id=\"b2e0db8\" data-element_type=\"widget\" data-e-type=\"widget\" data-widget_type=\"heading.default\">\n\t\t\t\t<div class=\"elementor-widget-container\">\n\t\t\t\t\t<h1 class=\"elementor-heading-title elementor-size-default\">Museum von Pont-Aven<\/h1>\t\t\t\t<\/div>\n\t\t\t\t<\/div>\n\t\t\t\t<div class=\"elementor-element elementor-element-8fd2b16 elementor-widget__width-initial elementor-widget elementor-widget-heading\" data-id=\"8fd2b16\" data-element_type=\"widget\" data-e-type=\"widget\" data-widget_type=\"heading.default\">\n\t\t\t\t<div class=\"elementor-widget-container\">\n\t\t\t\t\t<h2 class=\"elementor-heading-title elementor-size-default\">Ber\u00fchmtes Malerdorf<\/h2>\t\t\t\t<\/div>\n\t\t\t\t<\/div>\n\t\t\t\t<div class=\"elementor-element elementor-element-62565eb elementor-widget__width-initial elementor-widget elementor-widget-text-editor\" data-id=\"62565eb\" data-element_type=\"widget\" data-e-type=\"widget\" data-widget_type=\"text-editor.default\">\n\t\t\t\t<div class=\"elementor-widget-container\">\n\t\t\t\t\t\t\t\t\t<p>Pont-Aven liegt 35 Autominuten von unserem Relais &amp; Ch\u00e2teaux-Haus entfernt und ist eine kleine Stadt voller Charme, die es wert ist, gesehen zu werden. Obwohl sie sehr naturbelassen ist, ist sie vor allem f\u00fcr ihre ber\u00fchmten Galettes, ihre Maler und ihr Museum bekannt. Die beiden letzten Punkte sind \u00fcbrigens eng miteinander verbunden, denn dank der Anwesenheit dieser ber\u00fchmten Maler wurde die Idee des Museums geboren.<\/p>\t\t\t\t\t\t\t\t<\/div>\n\t\t\t\t<\/div>\n\t\t\t\t<\/section>\n\t\t<section class=\"elementor-element elementor-element-f856cad section-ecran-gabarit2 e-flex e-con-boxed e-con e-parent\" data-id=\"f856cad\" data-element_type=\"container\" data-e-type=\"container\" data-settings=\"{&quot;background_background&quot;:&quot;classic&quot;}\">\n\t\t\t\t\t<div class=\"e-con-inner\">\n\t\t<div class=\"elementor-element elementor-element-0f09b40 e-con-full e-flex e-con e-child\" data-id=\"0f09b40\" data-element_type=\"container\" data-e-type=\"container\" data-settings=\"{&quot;background_background&quot;:&quot;classic&quot;}\">\n\t\t\t\t<div class=\"elementor-element elementor-element-0c3589f elementor-widget__width-initial elementor-widget-tablet__width-inherit elementor-widget elementor-widget-heading\" data-id=\"0c3589f\" data-element_type=\"widget\" data-e-type=\"widget\" data-widget_type=\"heading.default\">\n\t\t\t\t<div class=\"elementor-widget-container\">\n\t\t\t\t\t<h2 class=\"elementor-heading-title elementor-size-default\">Jede Stra\u00dfenecke ist ein Gem\u00e4lde<\/h2>\t\t\t\t<\/div>\n\t\t\t\t<\/div>\n\t\t\t\t<div class=\"elementor-element elementor-element-523098c elementor-widget__width-initial elementor-widget-tablet__width-inherit elementor-widget elementor-widget-text-editor\" data-id=\"523098c\" data-element_type=\"widget\" data-e-type=\"widget\" data-widget_type=\"text-editor.default\">\n\t\t\t\t<div class=\"elementor-widget-container\">\n\t\t\t\t\t\t\t\t\t<p>Es wurde 1985 gegr\u00fcndet und 2016 fertig renoviert. Es ehrt nat\u00fcrlich die K\u00fcnstler, die die Stra\u00dfen der Stadt durchstreiften, um ihren Charme auf Leinwand zu bannen. Der ber\u00fchmteste unter ihnen ist sicherlich Paul Gauguin, dem h\u00e4ufig zahlreiche Ausstellungen und Retrospektiven gewidmet werden. Weitere Beispiele sind Camille Corot, Emile Bernard und Paul S\u00e9rusier.<\/p>\t\t\t\t\t\t\t\t<\/div>\n\t\t\t\t<\/div>\n\t\t\t\t<\/div>\n\t\t<div class=\"elementor-element elementor-element-9cb76fe e-con-full e-flex e-con e-child\" data-id=\"9cb76fe\" data-element_type=\"container\" data-e-type=\"container\">\n\t\t\t\t<div class=\"elementor-element elementor-element-2cc3a5c elementor-widget elementor-widget-image\" data-id=\"2cc3a5c\" data-element_type=\"widget\" data-e-type=\"widget\" data-widget_type=\"image.default\">\n\t\t\t\t<div class=\"elementor-widget-container\">\n\t\t\t\t\t\t\t\t\t\t\t\t\t\t\t<img fetchpriority=\"high\" decoding=\"async\" width=\"1254\" height=\"836\" src=\"https:\/\/www.domaine-locguenole.com\/wp-content\/uploads\/2023\/07\/iStock-1348036249.jpg\" class=\"attachment-full size-full wp-image-8305\" alt=\"Fluss in der N\u00e4he des Museums von pont aven in der Bretagne\" srcset=\"https:\/\/www.domaine-locguenole.com\/wp-content\/uploads\/2023\/07\/iStock-1348036249.jpg 1254w, https:\/\/www.domaine-locguenole.com\/wp-content\/uploads\/2023\/07\/iStock-1348036249-300x200.jpg 300w, https:\/\/www.domaine-locguenole.com\/wp-content\/uploads\/2023\/07\/iStock-1348036249-1024x683.jpg 1024w, https:\/\/www.domaine-locguenole.com\/wp-content\/uploads\/2023\/07\/iStock-1348036249-768x512.jpg 768w, https:\/\/www.domaine-locguenole.com\/wp-content\/uploads\/2023\/07\/iStock-1348036249-18x12.jpg 18w\" sizes=\"(max-width: 1254px) 100vw, 1254px\" \/>\t\t\t\t\t\t\t\t\t\t\t\t\t\t\t<\/div>\n\t\t\t\t<\/div>\n\t\t\t\t<\/div>\n\t\t\t\t\t<\/div>\n\t\t\t\t<\/section>\n\t\t<section class=\"elementor-element elementor-element-564da3d e-flex e-con-boxed e-con e-parent\" data-id=\"564da3d\" data-element_type=\"container\" data-e-type=\"container\" id=\"section-col-maillage\">\n\t\t\t\t\t<div class=\"e-con-inner\">\n\t\t<article class=\"elementor-element elementor-element-92d3f99 e-con-full col-maillage e-flex e-con e-child\" data-id=\"92d3f99\" data-element_type=\"container\" data-e-type=\"container\">\n\t\t\t\t<div class=\"elementor-element elementor-element-f0f37e6 elementor-widget elementor-widget-image\" data-id=\"f0f37e6\" data-element_type=\"widget\" data-e-type=\"widget\" data-widget_type=\"image.default\">\n\t\t\t\t<div class=\"elementor-widget-container\">\n\t\t\t\t\t\t\t\t\t\t\t\t\t\t\t<img decoding=\"async\" src=\"https:\/\/www.domaine-locguenole.com\/wp-content\/uploads\/elementor\/thumbs\/\u00a9Christophe-le-Potier-2939-scaled-qbdul3wsnb8uov4ourbdexr5t40rgslnz89021lk34.jpg\" title=\"Christoph der T\u00f6pfer-2939\" alt=\"Glasdach des Schlosses von domaine de locgu\u00e9nol\u00e9\" loading=\"lazy\" \/>\t\t\t\t\t\t\t\t\t\t\t\t\t\t\t<\/div>\n\t\t\t\t<\/div>\n\t\t\t\t<div class=\"elementor-element elementor-element-d8e9297 elementor-widget elementor-widget-heading\" data-id=\"d8e9297\" data-element_type=\"widget\" data-e-type=\"widget\" data-widget_type=\"heading.default\">\n\t\t\t\t<div class=\"elementor-widget-container\">\n\t\t\t\t\t<h2 class=\"elementor-heading-title elementor-size-default\">Besondere Angebote<\/h2>\t\t\t\t<\/div>\n\t\t\t\t<\/div>\n\t\t\t\t<div class=\"elementor-element elementor-element-17b1367 elementor-widget__width-initial elementor-widget elementor-widget-text-editor\" data-id=\"17b1367\" data-element_type=\"widget\" data-e-type=\"widget\" data-widget_type=\"text-editor.default\">\n\t\t\t\t<div class=\"elementor-widget-container\">\n\t\t\t\t\t\t\t\t\t<p>Entdecken Sie unsere Sonderangebote, um einen zeitlosen Aufenthalt in unserem charmanten Haus zu verbringen.<\/p>\t\t\t\t\t\t\t\t<\/div>\n\t\t\t\t<\/div>\n\t\t\t\t<div class=\"elementor-element elementor-element-e36edc5 elementor-align-center elementor-widget__width-initial btn-maillage elementor-absolute elementor-widget elementor-widget-button\" data-id=\"e36edc5\" data-element_type=\"widget\" data-e-type=\"widget\" data-settings=\"{&quot;_position&quot;:&quot;absolute&quot;}\" data-widget_type=\"button.default\">\n\t\t\t\t<div class=\"elementor-widget-container\">\n\t\t\t\t\t\t\t\t\t<div class=\"elementor-button-wrapper\">\n\t\t\t\t\t<a class=\"elementor-button elementor-size-sm\" role=\"button\">\n\t\t\t\t\t\t<span class=\"elementor-button-content-wrapper\">\n\t\t\t\t\t\t\t\t\t<span class=\"elementor-button-text\">siehe Seite<\/span>\n\t\t\t\t\t<\/span>\n\t\t\t\t\t<\/a>\n\t\t\t\t<\/div>\n\t\t\t\t\t\t\t\t<\/div>\n\t\t\t\t<\/div>\n\t\t\t\t<\/article>\n\t\t<article class=\"elementor-element elementor-element-dd76c65 e-con-full col-maillage e-flex e-con e-child\" data-id=\"dd76c65\" data-element_type=\"container\" data-e-type=\"container\">\n\t\t\t\t<div class=\"elementor-element elementor-element-a305e33 elementor-widget elementor-widget-image\" data-id=\"a305e33\" data-element_type=\"widget\" data-e-type=\"widget\" data-widget_type=\"image.default\">\n\t\t\t\t<div class=\"elementor-widget-container\">\n\t\t\t\t\t\t\t\t\t\t\t\t\t\t\t<img decoding=\"async\" src=\"https:\/\/www.domaine-locguenole.com\/wp-content\/uploads\/elementor\/thumbs\/\u00a9Christophe-Le-Potier-3P9A4109-scaled-qbdukej5isa3ze5jyycg1m5prphuoyswvqmw3kn6r4.jpg\" title=\"Christoph Le Potier-3P9A4109\" alt=\"D\u00e4cher der Domaine de locgu\u00e9nol\u00e9 f\u00fcr einen Aufenthalt von Orten zu besuchen und andere Aktivit\u00e4ten in der Bretagne\" loading=\"lazy\" \/>\t\t\t\t\t\t\t\t\t\t\t\t\t\t\t<\/div>\n\t\t\t\t<\/div>\n\t\t\t\t<div class=\"elementor-element elementor-element-61f6483 elementor-widget elementor-widget-heading\" data-id=\"61f6483\" data-element_type=\"widget\" data-e-type=\"widget\" data-widget_type=\"heading.default\">\n\t\t\t\t<div class=\"elementor-widget-container\">\n\t\t\t\t\t<h2 class=\"elementor-heading-title elementor-size-default\">Geschenkgutscheine<\/h2>\t\t\t\t<\/div>\n\t\t\t\t<\/div>\n\t\t\t\t<div class=\"elementor-element elementor-element-c0d4ee0 elementor-widget__width-initial elementor-widget elementor-widget-text-editor\" data-id=\"c0d4ee0\" data-element_type=\"widget\" data-e-type=\"widget\" data-widget_type=\"text-editor.default\">\n\t\t\t\t<div class=\"elementor-widget-container\">\n\t\t\t\t\t\t\t\t\t<p>Wenn Sie jemandem eine Freude machen wollen, der Ihnen nahesteht, oder einfach nur sich selbst, dann nutzen Sie unsere Geschenkgutscheine.<\/p>\t\t\t\t\t\t\t\t<\/div>\n\t\t\t\t<\/div>\n\t\t\t\t<div class=\"elementor-element elementor-element-5ed43bf elementor-align-center elementor-widget__width-initial btn-maillage elementor-absolute elementor-widget elementor-widget-button\" data-id=\"5ed43bf\" data-element_type=\"widget\" data-e-type=\"widget\" data-settings=\"{&quot;_position&quot;:&quot;absolute&quot;}\" data-widget_type=\"button.default\">\n\t\t\t\t<div class=\"elementor-widget-container\">\n\t\t\t\t\t\t\t\t\t<div class=\"elementor-button-wrapper\">\n\t\t\t\t\t<a class=\"elementor-button elementor-button-link elementor-size-sm\" href=\"https:\/\/chateau-locguenole.bonkdo.com\/\" target=\"_blank\" rel=\"nofollow noopener\">\n\t\t\t\t\t\t<span class=\"elementor-button-content-wrapper\">\n\t\t\t\t\t\t\t\t\t<span class=\"elementor-button-text\">siehe Seite<\/span>\n\t\t\t\t\t<\/span>\n\t\t\t\t\t<\/a>\n\t\t\t\t<\/div>\n\t\t\t\t\t\t\t\t<\/div>\n\t\t\t\t<\/div>\n\t\t\t\t<\/article>\n\t\t\t\t\t<\/div>\n\t\t\t\t<\/section>\n\t\t\t\t<\/div>","protected":false},"excerpt":{"rendered":"<p>Mus\u00e9e de Pont-Aven C\u00e9l\u00e8bre village de peintres Situ\u00e9 \u00e0 35 minutes en voiture de notre Maison Relais &amp; Ch\u00e2teaux, Pont-Aven est une petite ville pleine de charme qui m\u00e9rite d\u2019\u00eatre vue. Si elle est tr\u00e8s nature, elle est surtout connue pour ses fameuses galettes, ses peintres et son mus\u00e9e. Les deux derniers points sont d\u2019ailleurs [&hellip;]<\/p>\n","protected":false},"author":4,"featured_media":0,"parent":335,"menu_order":1,"comment_status":"closed","ping_status":"closed","template":"","meta":{"_acf_changed":false,"inline_featured_image":false,"footnotes":""},"class_list":["post-6813","page","type-page","status-publish","hentry"],"acf":[],"_links":{"self":[{"href":"https:\/\/www.domaine-locguenole.com\/de\/wp-json\/wp\/v2\/pages\/6813","targetHints":{"allow":["GET"]}}],"collection":[{"href":"https:\/\/www.domaine-locguenole.com\/de\/wp-json\/wp\/v2\/pages"}],"about":[{"href":"https:\/\/www.domaine-locguenole.com\/de\/wp-json\/wp\/v2\/types\/page"}],"author":[{"embeddable":true,"href":"https:\/\/www.domaine-locguenole.com\/de\/wp-json\/wp\/v2\/users\/4"}],"replies":[{"embeddable":true,"href":"https:\/\/www.domaine-locguenole.com\/de\/wp-json\/wp\/v2\/comments?post=6813"}],"version-history":[{"count":42,"href":"https:\/\/www.domaine-locguenole.com\/de\/wp-json\/wp\/v2\/pages\/6813\/revisions"}],"predecessor-version":[{"id":12822,"href":"https:\/\/www.domaine-locguenole.com\/de\/wp-json\/wp\/v2\/pages\/6813\/revisions\/12822"}],"up":[{"embeddable":true,"href":"https:\/\/www.domaine-locguenole.com\/de\/wp-json\/wp\/v2\/pages\/335"}],"wp:attachment":[{"href":"https:\/\/www.domaine-locguenole.com\/de\/wp-json\/wp\/v2\/media?parent=6813"}],"curies":[{"name":"wp","href":"https:\/\/api.w.org\/{rel}","templated":true}]}}