{"id":323,"date":"2023-06-10T19:38:56","date_gmt":"2023-06-10T17:38:56","guid":{"rendered":"https:\/\/www.domaine-locguenole.com\/lapparat\/"},"modified":"2026-01-06T14:51:13","modified_gmt":"2026-01-06T13:51:13","slug":"lapparat-chateau-locguenole","status":"publish","type":"page","link":"https:\/\/www.domaine-locguenole.com\/de\/restaurants-bars-restaurant-gastronomique-bretagne\/lapparat-chateau-locguenole\/","title":{"rendered":"Der Apparat"},"content":{"rendered":"<div data-elementor-type=\"wp-page\" data-elementor-id=\"323\" class=\"elementor elementor-323\" data-elementor-post-type=\"page\">\n\t\t\t\t<section class=\"elementor-element elementor-element-31524f4 e-con-full first-screen e-flex e-con e-parent\" data-id=\"31524f4\" data-element_type=\"container\" data-e-type=\"container\" id=\"ecran1-hebergements\" data-settings=\"{&quot;background_background&quot;:&quot;classic&quot;}\">\n\t\t<div class=\"elementor-element elementor-element-239bff6 e-con-full container-img-ecran e-flex e-con e-child\" data-id=\"239bff6\" data-element_type=\"container\" data-e-type=\"container\" data-settings=\"{&quot;background_background&quot;:&quot;classic&quot;}\">\n\t\t<div class=\"elementor-element elementor-element-0be8406 e-con-full e-flex e-con e-child\" data-id=\"0be8406\" data-element_type=\"container\" data-e-type=\"container\" data-settings=\"{&quot;background_background&quot;:&quot;classic&quot;,&quot;position&quot;:&quot;absolute&quot;}\">\n\t\t\t\t<\/div>\n\t\t\t\t<\/div>\n\t\t\t\t<\/section>\n\t\t<section class=\"elementor-element elementor-element-cff2b4f e-con-full e-flex e-con e-parent\" data-id=\"cff2b4f\" data-element_type=\"container\" data-e-type=\"container\" data-settings=\"{&quot;background_background&quot;:&quot;classic&quot;}\">\n\t\t\t\t<div class=\"elementor-element elementor-element-59c69c5 elementor-widget elementor-widget-heading\" data-id=\"59c69c5\" data-element_type=\"widget\" data-e-type=\"widget\" data-widget_type=\"heading.default\">\n\t\t\t\t<div class=\"elementor-widget-container\">\n\t\t\t\t\t<h1 class=\"elementor-heading-title elementor-size-default\">Der Apparat<\/h1>\t\t\t\t<\/div>\n\t\t\t\t<\/div>\n\t\t\t\t<div class=\"elementor-element elementor-element-94d0640 elementor-widget__width-initial elementor-widget elementor-widget-heading\" data-id=\"94d0640\" data-element_type=\"widget\" data-e-type=\"widget\" data-widget_type=\"heading.default\">\n\t\t\t\t<div class=\"elementor-widget-container\">\n\t\t\t\t\t<h2 class=\"elementor-heading-title elementor-size-default\">Ein ged\u00e4mpftes Versteck in den Salons des Schlosses <\/h2>\t\t\t\t<\/div>\n\t\t\t\t<\/div>\n\t\t\t\t<div class=\"elementor-element elementor-element-6a38c34 elementor-widget__width-initial elementor-widget-mobile__width-initial elementor-widget elementor-widget-text-editor\" data-id=\"6a38c34\" data-element_type=\"widget\" data-e-type=\"widget\" data-widget_type=\"text-editor.default\">\n\t\t\t\t<div class=\"elementor-widget-container\">\n\t\t\t\t\t\t\t\t\t<p>Wie die Restaurants pflegt auch L'Apparat, unsere Taschenbar, die Originalit\u00e4t und l\u00e4dt zum Reisen ein. Der ged\u00e4mpfte Rahmen der Salons f\u00f6rdert die Geselligkeit und den Austausch, Werte, die Locgu\u00e9nol\u00e9 am Herzen liegen. L'Apparat ist ein Ort f\u00fcr Liebhaber der Mixologie. Der Tresen des L'Apparat ist ein kleines Schmuckst\u00fcck in einer Holzschatulle und scheint in der Luft zu schweben. Der kleine Raum \u00f6ffnet sich zum Balkon des Schlosses, einem echten Ausguck, von dem aus man den einzigartigen Blick auf das Meer genie\u00dft, das mit den Gezeiten schwankt. <br \/>Gewagte Cocktails, eine Auswahl an feinen Spirituosen und indische Tees aus den besten Anbaugebieten - L'Apparat bietet einen schwebenden Moment...<\/p>\t\t\t\t\t\t\t\t<\/div>\n\t\t\t\t<\/div>\n\t\t\t\t<\/section>\n\t\t<section class=\"elementor-element elementor-element-11c50f1 section-ecran-gabarit5 even e-flex e-con-boxed e-con e-parent\" data-id=\"11c50f1\" data-element_type=\"container\" data-e-type=\"container\">\n\t\t\t\t\t<div class=\"e-con-inner\">\n\t\t<div class=\"elementor-element elementor-element-6bc0123 e-con-full e-flex e-con e-child\" data-id=\"6bc0123\" data-element_type=\"container\" data-e-type=\"container\">\n\t\t\t\t<div class=\"elementor-element elementor-element-fd6745a elementor-widget elementor-widget-image\" data-id=\"fd6745a\" data-element_type=\"widget\" data-e-type=\"widget\" data-widget_type=\"image.default\">\n\t\t\t\t<div class=\"elementor-widget-container\">\n\t\t\t\t\t\t\t\t\t\t\t\t\t\t\t<img fetchpriority=\"high\" decoding=\"async\" width=\"1000\" height=\"755\" src=\"https:\/\/www.domaine-locguenole.com\/wp-content\/uploads\/2023\/12\/salon-bar-apparat-domaine-locguenole.jpg\" class=\"attachment-full size-full wp-image-11048\" alt=\"Petit salon cosy du bar l&#039;apparat du ch\u00e2teau de locguenole\" srcset=\"https:\/\/www.domaine-locguenole.com\/wp-content\/uploads\/2023\/12\/salon-bar-apparat-domaine-locguenole.jpg 1000w, https:\/\/www.domaine-locguenole.com\/wp-content\/uploads\/2023\/12\/salon-bar-apparat-domaine-locguenole-300x227.jpg 300w, https:\/\/www.domaine-locguenole.com\/wp-content\/uploads\/2023\/12\/salon-bar-apparat-domaine-locguenole-768x580.jpg 768w, https:\/\/www.domaine-locguenole.com\/wp-content\/uploads\/2023\/12\/salon-bar-apparat-domaine-locguenole-16x12.jpg 16w\" sizes=\"(max-width: 1000px) 100vw, 1000px\" \/>\t\t\t\t\t\t\t\t\t\t\t\t\t\t\t<\/div>\n\t\t\t\t<\/div>\n\t\t\t\t<\/div>\n\t\t<div class=\"elementor-element elementor-element-9f5e03c e-con-full e-flex e-con e-child\" data-id=\"9f5e03c\" data-element_type=\"container\" data-e-type=\"container\" data-settings=\"{&quot;background_background&quot;:&quot;classic&quot;}\">\n\t\t\t\t<div class=\"elementor-element elementor-element-aa2e938 margin-0 elementor-widget__width-initial elementor-widget elementor-widget-heading\" data-id=\"aa2e938\" data-element_type=\"widget\" data-e-type=\"widget\" data-widget_type=\"heading.default\">\n\t\t\t\t<div class=\"elementor-widget-container\">\n\t\t\t\t\t<h2 class=\"elementor-heading-title elementor-size-default\">Mixologie<\/h2>\t\t\t\t<\/div>\n\t\t\t\t<\/div>\n\t\t\t\t<div class=\"elementor-element elementor-element-8afc32d elementor-widget__width-initial elementor-widget elementor-widget-heading\" data-id=\"8afc32d\" data-element_type=\"widget\" data-e-type=\"widget\" data-widget_type=\"heading.default\">\n\t\t\t\t<div class=\"elementor-widget-container\">\n\t\t\t\t\t<h3 class=\"elementor-heading-title elementor-size-default\">Das L'Apparat versteht sich als Geheimtipp f\u00fcr Mixologieliebhaber.<\/h3>\t\t\t\t<\/div>\n\t\t\t\t<\/div>\n\t\t\t\t<div class=\"elementor-element elementor-element-21f1157 elementor-widget__width-initial elementor-widget-mobile__width-initial elementor-widget elementor-widget-text-editor\" data-id=\"21f1157\" data-element_type=\"widget\" data-e-type=\"widget\" data-widget_type=\"text-editor.default\">\n\t\t\t\t<div class=\"elementor-widget-container\">\n\t\t\t\t\t\t\t\t\t<p>Originelle Cocktails, feine Spirituosen und eine ged\u00e4mpfte Atmosph\u00e4re begleiten Sie durch einen schwebenden Moment.<\/p>\t\t\t\t\t\t\t\t<\/div>\n\t\t\t\t<\/div>\n\t\t<div class=\"elementor-element elementor-element-458929a e-flex e-con-boxed e-con e-child\" data-id=\"458929a\" data-element_type=\"container\" data-e-type=\"container\">\n\t\t\t\t\t<div class=\"e-con-inner\">\n\t\t\t\t<div class=\"elementor-element elementor-element-60ffed5 elementor-align-center elementor-widget__width-initial btn-maillage left-negatif-btn elementor-hidden-desktop elementor-hidden-tablet elementor-hidden-mobile elementor-hidden-laptop elementor-widget elementor-widget-button\" data-id=\"60ffed5\" data-element_type=\"widget\" data-e-type=\"widget\" data-widget_type=\"button.default\">\n\t\t\t\t<div class=\"elementor-widget-container\">\n\t\t\t\t\t\t\t\t\t<div class=\"elementor-button-wrapper\">\n\t\t\t\t\t<a class=\"elementor-button elementor-size-sm\" role=\"button\">\n\t\t\t\t\t\t<span class=\"elementor-button-content-wrapper\">\n\t\t\t\t\t\t\t\t\t<span class=\"elementor-button-text\">die Karte entdecken<\/span>\n\t\t\t\t\t<\/span>\n\t\t\t\t\t<\/a>\n\t\t\t\t<\/div>\n\t\t\t\t\t\t\t\t<\/div>\n\t\t\t\t<\/div>\n\t\t\t\t\t<\/div>\n\t\t\t\t<\/div>\n\t\t\t\t<\/div>\n\t\t\t\t\t<\/div>\n\t\t\t\t<\/section>\n\t\t<section class=\"elementor-element elementor-element-c2250d7 section-ecran-gabarit5 odd elementor-hidden-desktop elementor-hidden-tablet elementor-hidden-mobile elementor-hidden-laptop e-flex e-con-boxed e-con e-parent\" data-id=\"c2250d7\" data-element_type=\"container\" data-e-type=\"container\">\n\t\t\t\t\t<div class=\"e-con-inner\">\n\t\t<div class=\"elementor-element elementor-element-ee6100a e-con-full e-flex e-con e-child\" data-id=\"ee6100a\" data-element_type=\"container\" data-e-type=\"container\" data-settings=\"{&quot;background_background&quot;:&quot;classic&quot;}\">\n\t\t\t\t<div class=\"elementor-element elementor-element-2fca436 margin-0 elementor-widget__width-initial elementor-widget elementor-widget-heading\" data-id=\"2fca436\" data-element_type=\"widget\" data-e-type=\"widget\" data-widget_type=\"heading.default\">\n\t\t\t\t<div class=\"elementor-widget-container\">\n\t\t\t\t\t<h2 class=\"elementor-heading-title elementor-size-default\">Tea time<\/h2>\t\t\t\t<\/div>\n\t\t\t\t<\/div>\n\t\t\t\t<div class=\"elementor-element elementor-element-0a80799 elementor-widget__width-initial elementor-widget elementor-widget-heading\" data-id=\"0a80799\" data-element_type=\"widget\" data-e-type=\"widget\" data-widget_type=\"heading.default\">\n\t\t\t\t<div class=\"elementor-widget-container\">\n\t\t\t\t\t<h3 class=\"elementor-heading-title elementor-size-default\">Im Schloss von Locgu\u00e9nol\u00e9<\/h3>\t\t\t\t<\/div>\n\t\t\t\t<\/div>\n\t\t\t\t<div class=\"elementor-element elementor-element-9b10e17 elementor-widget__width-initial elementor-widget-mobile__width-initial elementor-widget elementor-widget-text-editor\" data-id=\"9b10e17\" data-element_type=\"widget\" data-e-type=\"widget\" data-widget_type=\"text-editor.default\">\n\t\t\t\t<div class=\"elementor-widget-container\">\n\t\t\t\t\t\t\t\t\t<p>Jeden Sonntag belebt eine Tea Time den Ort rund um die au\u00dfergew\u00f6hnlichen indischen Tees von Anne-Fr\u00e9d\u00e9rique Dayraut (Sanskriti Collection).<\/p>\t\t\t\t\t\t\t\t<\/div>\n\t\t\t\t<\/div>\n\t\t\t\t<\/div>\n\t\t<div class=\"elementor-element elementor-element-cb5686e e-con-full e-flex e-con e-child\" data-id=\"cb5686e\" data-element_type=\"container\" data-e-type=\"container\">\n\t\t\t\t<div class=\"elementor-element elementor-element-714104f elementor-widget elementor-widget-image\" data-id=\"714104f\" data-element_type=\"widget\" data-e-type=\"widget\" data-widget_type=\"image.default\">\n\t\t\t\t<div class=\"elementor-widget-container\">\n\t\t\t\t\t\t\t\t\t\t\t\t\t\t\t<img decoding=\"async\" width=\"1254\" height=\"837\" src=\"https:\/\/www.domaine-locguenole.com\/wp-content\/uploads\/2023\/07\/iStock-597250256.jpg\" class=\"attachment-full size-full wp-image-8147\" alt=\"Festliche Tafel, zubereitet von unserem Restaurant am Meer im Schloss Locguenole in der Bretagne im Morbihan\" srcset=\"https:\/\/www.domaine-locguenole.com\/wp-content\/uploads\/2023\/07\/iStock-597250256.jpg 1254w, https:\/\/www.domaine-locguenole.com\/wp-content\/uploads\/2023\/07\/iStock-597250256-300x200.jpg 300w, https:\/\/www.domaine-locguenole.com\/wp-content\/uploads\/2023\/07\/iStock-597250256-1024x683.jpg 1024w, https:\/\/www.domaine-locguenole.com\/wp-content\/uploads\/2023\/07\/iStock-597250256-768x513.jpg 768w, https:\/\/www.domaine-locguenole.com\/wp-content\/uploads\/2023\/07\/iStock-597250256-18x12.jpg 18w\" sizes=\"(max-width: 1254px) 100vw, 1254px\" \/>\t\t\t\t\t\t\t\t\t\t\t\t\t\t\t<\/div>\n\t\t\t\t<\/div>\n\t\t\t\t<\/div>\n\t\t\t\t\t<\/div>\n\t\t\t\t<\/section>\n\t\t<section class=\"elementor-element elementor-element-ff24a16 e-flex e-con-boxed e-con e-parent\" data-id=\"ff24a16\" data-element_type=\"container\" data-e-type=\"container\" id=\"section-infos-hebergements\" data-settings=\"{&quot;background_background&quot;:&quot;classic&quot;}\">\n\t\t\t\t\t<div class=\"e-con-inner\">\n\t\t<div class=\"elementor-element elementor-element-8d38d34 e-con-full e-flex e-con e-child\" data-id=\"8d38d34\" data-element_type=\"container\" data-e-type=\"container\">\n\t\t\t\t<div class=\"elementor-element elementor-element-cd75557 elementor-widget-mobile__width-initial slide-text1 elementor-widget__width-initial elementor-widget elementor-widget-heading\" data-id=\"cd75557\" data-element_type=\"widget\" data-e-type=\"widget\" data-widget_type=\"heading.default\">\n\t\t\t\t<div class=\"elementor-widget-container\">\n\t\t\t\t\t<h2 class=\"elementor-heading-title elementor-size-default\">Informationen <br \/>Praktiken<\/h2>\t\t\t\t<\/div>\n\t\t\t\t<\/div>\n\t\t\t\t<div class=\"elementor-element elementor-element-c95fbb1 elementor-widget__width-initial fleche-deco elementor-view-default elementor-widget elementor-widget-icon\" data-id=\"c95fbb1\" data-element_type=\"widget\" data-e-type=\"widget\" data-widget_type=\"icon.default\">\n\t\t\t\t<div class=\"elementor-widget-container\">\n\t\t\t\t\t\t\t<div class=\"elementor-icon-wrapper\">\n\t\t\t<div class=\"elementor-icon\">\n\t\t\t<svg xmlns=\"http:\/\/www.w3.org\/2000\/svg\" width=\"60.035\" height=\"15.559\" viewbox=\"0 0 60.035 15.559\"><g id=\"deco_fleches_noires\" data-name=\"deco fleches noires\" transform=\"translate(-613.08 -4341.706)\"><g id=\"Soustraction_1\" data-name=\"Soustraction 1\" transform=\"translate(613.08 8077.301) rotate(-90)\" fill=\"none\"><path d=\"M3720.036,23.726v0L3727.988,0l7.607,23.549a23.4,23.4,0,0,0-7.568-1.044,21.623,21.623,0,0,0-7.988,1.22Z\" stroke=\"none\"><\/path><path d=\"M 3721.615478515625 22.15803718566895 C 3723.362060546875 21.74021911621094 3725.6123046875 21.50485229492188 3728.026611328125 21.50485229492188 C 3730.240234375 21.50485229492188 3732.366943359375 21.71133995056152 3734.068359375 22.07699966430664 L 3727.969970703125 3.198962688446045 L 3721.615478515625 22.15803718566895 M 3720.036376953125 23.72568130493164 L 3720.036376953125 23.72307205200195 L 3727.987548828125 1.606140131116263e-06 L 3735.594482421875 23.54856109619141 C 3733.878662109375 22.89559173583984 3731.050048828125 22.50485229492188 3728.026611328125 22.50485229492188 C 3724.730224609375 22.50485229492188 3721.668701171875 22.97221183776855 3720.038330078125 23.72458076477051 L 3720.036376953125 23.72568130493164 Z\" stroke=\"none\" fill=\"#19171b\"><\/path><\/g><g id=\"Soustraction_4\" data-name=\"Soustraction 4\" transform=\"translate(673.115 621.67) rotate(90)\" fill=\"none\"><path d=\"M3720.036,23.726v0L3727.988,0l7.607,23.549a23.4,23.4,0,0,0-7.568-1.044,21.623,21.623,0,0,0-7.988,1.22Z\" stroke=\"none\"><\/path><path d=\"M 3721.615478515625 22.15803718566895 C 3723.362060546875 21.74021911621094 3725.6123046875 21.50485229492188 3728.026611328125 21.50485229492188 C 3730.240234375 21.50485229492188 3732.366943359375 21.71133995056152 3734.068359375 22.07699966430664 L 3727.969970703125 3.198962688446045 L 3721.615478515625 22.15803718566895 M 3720.036376953125 23.72568130493164 L 3720.036376953125 23.72307205200195 L 3727.987548828125 1.606140131116263e-06 L 3735.594482421875 23.54856109619141 C 3733.878662109375 22.89559173583984 3731.050048828125 22.50485229492188 3728.026611328125 22.50485229492188 C 3724.730224609375 22.50485229492188 3721.668701171875 22.97221183776855 3720.038330078125 23.72458076477051 L 3720.036376953125 23.72568130493164 Z\" stroke=\"none\" fill=\"#19171b\"><\/path><\/g><\/g><\/svg>\t\t\t<\/div>\n\t\t<\/div>\n\t\t\t\t\t\t<\/div>\n\t\t\t\t<\/div>\n\t\t\t\t<\/div>\n\t\t<div class=\"elementor-element elementor-element-4bb04a9 e-con-full e-flex e-con e-child\" data-id=\"4bb04a9\" data-element_type=\"container\" data-e-type=\"container\">\n\t\t<div class=\"elementor-element elementor-element-aaffb85 e-con-full elementor-hidden-desktop elementor-hidden-tablet elementor-hidden-mobile elementor-hidden-laptop e-flex e-con e-child\" data-id=\"aaffb85\" data-element_type=\"container\" data-e-type=\"container\" data-settings=\"{&quot;background_background&quot;:&quot;classic&quot;}\">\n\t\t\t\t<div class=\"elementor-element elementor-element-3e79cbb elementor-widget__width-initial elementor-view-default elementor-position-block-start elementor-mobile-position-block-start elementor-widget elementor-widget-icon-box\" data-id=\"3e79cbb\" data-element_type=\"widget\" data-e-type=\"widget\" data-widget_type=\"icon-box.default\">\n\t\t\t\t<div class=\"elementor-widget-container\">\n\t\t\t\t\t\t\t<div class=\"elementor-icon-box-wrapper\">\n\n\t\t\t\t\t\t<div class=\"elementor-icon-box-icon\">\n\t\t\t\t<span  class=\"elementor-icon\">\n\t\t\t\t<i aria-hidden=\"true\" class=\"eliofont eliofont-check-in-check-out\"><\/i>\t\t\t\t<\/span>\n\t\t\t<\/div>\n\t\t\t\n\t\t\t\t\t\t<div class=\"elementor-icon-box-content\">\n\n\t\t\t\t\t\t\t\t\t<h3 class=\"elementor-icon-box-title\">\n\t\t\t\t\t\t<span  >\n\t\t\t\t\t\t\tTea time\t\t\t\t\t\t<\/span>\n\t\t\t\t\t<\/h3>\n\t\t\t\t\n\t\t\t\t\n\t\t\t<\/div>\n\t\t\t\n\t\t<\/div>\n\t\t\t\t\t\t<\/div>\n\t\t\t\t<\/div>\n\t\t\t\t<div class=\"elementor-element elementor-element-05c2e92 elementor-widget__width-initial elementor-widget elementor-widget-heading\" data-id=\"05c2e92\" data-element_type=\"widget\" data-e-type=\"widget\" data-widget_type=\"heading.default\">\n\t\t\t\t<div class=\"elementor-widget-container\">\n\t\t\t\t\t<h3 class=\"elementor-heading-title elementor-size-default\">Tea time und traditionelle indische Teezeremonie jeden Sonntag <\/h3>\t\t\t\t<\/div>\n\t\t\t\t<\/div>\n\t\t\t\t<div class=\"elementor-element elementor-element-b6f3eb1 elementor-widget elementor-widget-heading\" data-id=\"b6f3eb1\" data-element_type=\"widget\" data-e-type=\"widget\" data-widget_type=\"heading.default\">\n\t\t\t\t<div class=\"elementor-widget-container\">\n\t\t\t\t\t<p class=\"elementor-heading-title elementor-size-default\">von 16:00 bis 18:00 Uhr<\/p>\t\t\t\t<\/div>\n\t\t\t\t<\/div>\n\t\t\t\t<\/div>\n\t\t<div class=\"elementor-element elementor-element-d13f7cd e-con-full e-flex e-con e-child\" data-id=\"d13f7cd\" data-element_type=\"container\" data-e-type=\"container\" data-settings=\"{&quot;background_background&quot;:&quot;classic&quot;}\">\n\t\t\t\t<div class=\"elementor-element elementor-element-0fb8e7a elementor-widget__width-initial elementor-view-default elementor-position-block-start elementor-mobile-position-block-start elementor-widget elementor-widget-icon-box\" data-id=\"0fb8e7a\" data-element_type=\"widget\" data-e-type=\"widget\" data-widget_type=\"icon-box.default\">\n\t\t\t\t<div class=\"elementor-widget-container\">\n\t\t\t\t\t\t\t<div class=\"elementor-icon-box-wrapper\">\n\n\t\t\t\t\t\t<div class=\"elementor-icon-box-icon\">\n\t\t\t\t<span  class=\"elementor-icon\">\n\t\t\t\t<i aria-hidden=\"true\" class=\"eliofont eliofont-check-in-check-out\"><\/i>\t\t\t\t<\/span>\n\t\t\t<\/div>\n\t\t\t\n\t\t\t\t\t\t<div class=\"elementor-icon-box-content\">\n\n\t\t\t\t\t\t\t\t\t<h3 class=\"elementor-icon-box-title\">\n\t\t\t\t\t\t<span  >\n\t\t\t\t\t\t\tBar\t\t\t\t\t\t<\/span>\n\t\t\t\t\t<\/h3>\n\t\t\t\t\n\t\t\t\t\n\t\t\t<\/div>\n\t\t\t\n\t\t<\/div>\n\t\t\t\t\t\t<\/div>\n\t\t\t\t<\/div>\n\t\t\t\t<div class=\"elementor-element elementor-element-5ec85b0 elementor-widget__width-initial elementor-widget elementor-widget-heading\" data-id=\"5ec85b0\" data-element_type=\"widget\" data-e-type=\"widget\" data-widget_type=\"heading.default\">\n\t\t\t\t<div class=\"elementor-widget-container\">\n\t\t\t\t\t<h3 class=\"elementor-heading-title elementor-size-default\">Unsere Bar empf\u00e4ngt Sie jeden Tag f\u00fcr einen Moment der Entspannung.<\/h3>\t\t\t\t<\/div>\n\t\t\t\t<\/div>\n\t\t\t\t<div class=\"elementor-element elementor-element-63cec66 elementor-widget elementor-widget-heading\" data-id=\"63cec66\" data-element_type=\"widget\" data-e-type=\"widget\" data-widget_type=\"heading.default\">\n\t\t\t\t<div class=\"elementor-widget-container\">\n\t\t\t\t\t<p class=\"elementor-heading-title elementor-size-default\">von 10:00 bis 00:00 Uhr<br><br><span style=\", sans-serif;font-size: 14.4px;text-align: start\">Bitte beachten Sie, dass Haustiere nicht erlaubt sind.<\/span><\/p>\t\t\t\t<\/div>\n\t\t\t\t<\/div>\n\t\t\t\t<\/div>\n\t\t\t\t<\/div>\n\t\t\t\t\t<\/div>\n\t\t\t\t<\/section>\n\t\t<section class=\"elementor-element elementor-element-5e71d7d e-flex e-con-boxed e-con e-parent\" data-id=\"5e71d7d\" data-element_type=\"container\" data-e-type=\"container\" id=\"section-col-maillage\">\n\t\t\t\t\t<div class=\"e-con-inner\">\n\t\t<article class=\"elementor-element elementor-element-2c8c550 e-con-full col-maillage e-flex e-con e-child\" data-id=\"2c8c550\" data-element_type=\"container\" data-e-type=\"container\">\n\t\t\t\t<div class=\"elementor-element elementor-element-ddfe035 elementor-widget elementor-widget-image\" data-id=\"ddfe035\" data-element_type=\"widget\" data-e-type=\"widget\" data-widget_type=\"image.default\">\n\t\t\t\t<div class=\"elementor-widget-container\">\n\t\t\t\t\t\t\t\t\t\t\t\t\t\t\t<img decoding=\"async\" src=\"https:\/\/www.domaine-locguenole.com\/wp-content\/uploads\/elementor\/thumbs\/\u00a9Christophe-Le-Potier-3P9A0484-scaled-qj4usv1dcl3hk8xlza7j30nhqaajwjsr88pjpjwgds.jpg\" title=\"Christoph Le Potier-3P9A0484\" alt=\"Luxuri\u00f6ser und anspruchsvoller Kronleuchter\" loading=\"lazy\" \/>\t\t\t\t\t\t\t\t\t\t\t\t\t\t\t<\/div>\n\t\t\t\t<\/div>\n\t\t\t\t<div class=\"elementor-element elementor-element-25e29da elementor-widget elementor-widget-heading\" data-id=\"25e29da\" data-element_type=\"widget\" data-e-type=\"widget\" data-widget_type=\"heading.default\">\n\t\t\t\t<div class=\"elementor-widget-container\">\n\t\t\t\t\t<h2 class=\"elementor-heading-title elementor-size-default\">Besondere Angebote<\/h2>\t\t\t\t<\/div>\n\t\t\t\t<\/div>\n\t\t\t\t<div class=\"elementor-element elementor-element-9cf406c elementor-widget__width-initial elementor-widget elementor-widget-text-editor\" data-id=\"9cf406c\" data-element_type=\"widget\" data-e-type=\"widget\" data-widget_type=\"text-editor.default\">\n\t\t\t\t<div class=\"elementor-widget-container\">\n\t\t\t\t\t\t\t\t\t<p>W\u00e4hlen Sie das Angebot, das zu Ihnen passt!<\/p>\t\t\t\t\t\t\t\t<\/div>\n\t\t\t\t<\/div>\n\t\t\t\t<div class=\"elementor-element elementor-element-02bd237 elementor-align-center elementor-widget__width-initial btn-maillage elementor-absolute elementor-widget elementor-widget-button\" data-id=\"02bd237\" data-element_type=\"widget\" data-e-type=\"widget\" data-settings=\"{&quot;_position&quot;:&quot;absolute&quot;}\" data-widget_type=\"button.default\">\n\t\t\t\t<div class=\"elementor-widget-container\">\n\t\t\t\t\t\t\t\t\t<div class=\"elementor-button-wrapper\">\n\t\t\t\t\t<a class=\"elementor-button elementor-size-sm\" role=\"button\">\n\t\t\t\t\t\t<span class=\"elementor-button-content-wrapper\">\n\t\t\t\t\t\t\t\t\t<span class=\"elementor-button-text\">siehe Seite<\/span>\n\t\t\t\t\t<\/span>\n\t\t\t\t\t<\/a>\n\t\t\t\t<\/div>\n\t\t\t\t\t\t\t\t<\/div>\n\t\t\t\t<\/div>\n\t\t\t\t<\/article>\n\t\t<article class=\"elementor-element elementor-element-f6f168d e-con-full col-maillage e-flex e-con e-child\" data-id=\"f6f168d\" data-element_type=\"container\" data-e-type=\"container\">\n\t\t\t\t<div class=\"elementor-element elementor-element-6ff9553 elementor-widget elementor-widget-image\" data-id=\"6ff9553\" data-element_type=\"widget\" data-e-type=\"widget\" data-widget_type=\"image.default\">\n\t\t\t\t<div class=\"elementor-widget-container\">\n\t\t\t\t\t\t\t\t\t\t\t\t\t\t\t<img decoding=\"async\" src=\"https:\/\/www.domaine-locguenole.com\/wp-content\/uploads\/elementor\/thumbs\/\u00a9Christophe-Le-Potier-3P9A4258-scaled-qjxq5dnnkphkobcrss1kx3931p1izss0ut2jsy23u8.jpg\" title=\"Christoph Le Potier-3P9A4258\" alt=\"Croquis de l&#039;histoire du domaine de locguenole\" loading=\"lazy\" \/>\t\t\t\t\t\t\t\t\t\t\t\t\t\t\t<\/div>\n\t\t\t\t<\/div>\n\t\t\t\t<div class=\"elementor-element elementor-element-2d96a36 elementor-widget elementor-widget-heading\" data-id=\"2d96a36\" data-element_type=\"widget\" data-e-type=\"widget\" data-widget_type=\"heading.default\">\n\t\t\t\t<div class=\"elementor-widget-container\">\n\t\t\t\t\t<h2 class=\"elementor-heading-title elementor-size-default\">Geschenkgutscheine<\/h2>\t\t\t\t<\/div>\n\t\t\t\t<\/div>\n\t\t\t\t<div class=\"elementor-element elementor-element-d3ba2d2 elementor-widget__width-initial elementor-widget elementor-widget-text-editor\" data-id=\"d3ba2d2\" data-element_type=\"widget\" data-e-type=\"widget\" data-widget_type=\"text-editor.default\">\n\t\t\t\t<div class=\"elementor-widget-container\">\n\t\t\t\t\t\t\t\t\t<p>Um sich selbst oder Ihre Lieben zu verw\u00f6hnen, schenken Sie Locgu\u00e9nol\u00e9! Da Schenken immer ein Risiko ist, k\u00f6nnen Sie sicher sein, dass Sie Freude bereiten, indem Sie das ideale Geschenk aus unseren Geschenkboxen, Gutscheinen &amp; Geschenkgutscheinen ausw\u00e4hlen.<\/p>\t\t\t\t\t\t\t\t<\/div>\n\t\t\t\t<\/div>\n\t\t\t\t<div class=\"elementor-element elementor-element-b0d2069 elementor-align-center elementor-widget__width-initial btn-maillage elementor-absolute elementor-widget elementor-widget-button\" data-id=\"b0d2069\" data-element_type=\"widget\" data-e-type=\"widget\" data-settings=\"{&quot;_position&quot;:&quot;absolute&quot;}\" data-widget_type=\"button.default\">\n\t\t\t\t<div class=\"elementor-widget-container\">\n\t\t\t\t\t\t\t\t\t<div class=\"elementor-button-wrapper\">\n\t\t\t\t\t<a class=\"elementor-button elementor-button-link elementor-size-sm\" href=\"https:\/\/chateau-locguenole.bonkdo.com\/\" target=\"_blank\" rel=\"nofollow noopener\">\n\t\t\t\t\t\t<span class=\"elementor-button-content-wrapper\">\n\t\t\t\t\t\t\t\t\t<span class=\"elementor-button-text\">siehe Seite<\/span>\n\t\t\t\t\t<\/span>\n\t\t\t\t\t<\/a>\n\t\t\t\t<\/div>\n\t\t\t\t\t\t\t\t<\/div>\n\t\t\t\t<\/div>\n\t\t\t\t<\/article>\n\t\t\t\t\t<\/div>\n\t\t\t\t<\/section>\n\t\t\t\t<\/div>","protected":false},"excerpt":{"rendered":"<p>L&rsquo;Apparat Un repaire feutr\u00e9 dans les salons du ch\u00e2teau A l\u2019instar des restaurants, L\u2019Apparat, notre bar de poche, cultive l\u2019originalit\u00e9 et invite au voyage. Le cadre feutr\u00e9 des salons est propice \u00e0 la convivialit\u00e9 et au partage, des valeurs ch\u00e8res \u00e0 Locgu\u00e9nol\u00e9. L\u2019Apparat se veut le repaire des amateurs de mixologie. Petit bijou serti dans [&hellip;]<\/p>\n","protected":false},"author":4,"featured_media":0,"parent":61,"menu_order":2,"comment_status":"closed","ping_status":"closed","template":"","meta":{"_acf_changed":false,"inline_featured_image":false,"footnotes":""},"class_list":["post-323","page","type-page","status-publish","hentry"],"acf":[],"_links":{"self":[{"href":"https:\/\/www.domaine-locguenole.com\/de\/wp-json\/wp\/v2\/pages\/323","targetHints":{"allow":["GET"]}}],"collection":[{"href":"https:\/\/www.domaine-locguenole.com\/de\/wp-json\/wp\/v2\/pages"}],"about":[{"href":"https:\/\/www.domaine-locguenole.com\/de\/wp-json\/wp\/v2\/types\/page"}],"author":[{"embeddable":true,"href":"https:\/\/www.domaine-locguenole.com\/de\/wp-json\/wp\/v2\/users\/4"}],"replies":[{"embeddable":true,"href":"https:\/\/www.domaine-locguenole.com\/de\/wp-json\/wp\/v2\/comments?post=323"}],"version-history":[{"count":260,"href":"https:\/\/www.domaine-locguenole.com\/de\/wp-json\/wp\/v2\/pages\/323\/revisions"}],"predecessor-version":[{"id":14491,"href":"https:\/\/www.domaine-locguenole.com\/de\/wp-json\/wp\/v2\/pages\/323\/revisions\/14491"}],"up":[{"embeddable":true,"href":"https:\/\/www.domaine-locguenole.com\/de\/wp-json\/wp\/v2\/pages\/61"}],"wp:attachment":[{"href":"https:\/\/www.domaine-locguenole.com\/de\/wp-json\/wp\/v2\/media?parent=323"}],"curies":[{"name":"wp","href":"https:\/\/api.w.org\/{rel}","templated":true}]}}